{"id":495,"date":"2024-01-23T08:31:22","date_gmt":"2024-01-23T06:31:22","guid":{"rendered":"https:\/\/graziskiugimnazija.lt\/?page_id=495"},"modified":"2025-12-02T22:40:43","modified_gmt":"2025-12-02T20:40:43","slug":"ikimokyklinis-ir-priesmokyklinis-ugdymas","status":"publish","type":"page","link":"https:\/\/graziskiugimnazija.lt\/?page_id=495","title":{"rendered":"IKIMOKYKLINIS IR PRIE\u0160MOKYKLINIS UGDYMAS"},"content":{"rendered":"\n<h2 class=\"wp-block-heading\">GRA\u017dI\u0160KI\u0172 GIMNAZIJOS IKIMOKYKLINIO UGDYMO GRUP\u0116<\/h2>\n\n\n\n<hr class=\"wp-block-separator has-alpha-channel-opacity is-style-wide\"\/>\n\n\n\n<p><strong>Buvein\u0117s adresas:<\/strong> Liep\u0173 g. 6, Gra\u017ei\u0161kiai, Gra\u017ei\u0161ki\u0173 sen., Vilkavi\u0161kio r. sav., LT-70340<br><strong>El. pa\u0161tas<\/strong>:&nbsp;&nbsp;&nbsp;&nbsp;&nbsp;&nbsp;&nbsp;&nbsp;&nbsp; rastine@graziskiugimnazija.lt<br><strong>Tel. nr.:&nbsp;<\/strong>&nbsp;&nbsp;&nbsp;&nbsp;&nbsp;&nbsp;&nbsp;&nbsp;&nbsp;&nbsp;&nbsp;&nbsp; +370 342 43695<\/p>\n\n\n\n<h2 class=\"wp-block-heading\">GRA\u017dI\u0160KI\u0172 GIMNAZIJOS PRIE\u0160MOKYKLINIO UGDYMO GRUP\u0116<\/h2>\n\n\n\n<hr class=\"wp-block-separator has-alpha-channel-opacity is-style-wide\"\/>\n\n\n\n<p><strong>Buvein\u0117s adresas:<\/strong>&nbsp;S\u016bduvos g. 21A, Gra\u017ei\u0161kiai, Gra\u017ei\u0161ki\u0173 sen., Vilkavi\u0161kio r. sav., , LT-70340<br><strong>El. pa\u0161tas:<\/strong>&nbsp;&nbsp;&nbsp;&nbsp;&nbsp;&nbsp;&nbsp;&nbsp;&nbsp; rastine@graziskiugimnazija.lt<br><strong>Tel. nr.<\/strong>: &nbsp;&nbsp;&nbsp;&nbsp;&nbsp;&nbsp;&nbsp;&nbsp;&nbsp;&nbsp;&nbsp;&nbsp; +370 342 43695<\/p>\n\n\n\n<hr class=\"wp-block-separator has-alpha-channel-opacity is-style-wide\"\/>\n\n\n\n<h2 class=\"wp-block-heading\">GRA\u017dI\u0160KI\u0172 GIMNAZIJOS BARTNINK\u0172 JONO BASANAVI\u010cIAUS SKYRIAUS PRIE\u0160MOKYKLINIO-IKIMOKYKLINIO UGDYMO GRUP\u0116<\/h2>\n\n\n\n<hr class=\"wp-block-separator has-alpha-channel-opacity is-style-wide\"\/>\n\n\n\n<p><strong>Buvein\u0117s adresas: <\/strong>J Basanavi\u010diaus g. 5, Dalg\u0117n\u0173 k., Bartnink\u0173 sen., Vilkavi\u0161kio r. sav., LT-70327<br><strong>El. pa\u0161tas:&nbsp;<\/strong>&nbsp;&nbsp;&nbsp;&nbsp;&nbsp;&nbsp;&nbsp;&nbsp; rastine@graziskiugimnazija.lt<br><strong>Tel. nr.: <\/strong>&nbsp;&nbsp;&nbsp;&nbsp;&nbsp;&nbsp;&nbsp;&nbsp;&nbsp;&nbsp;&nbsp;&nbsp; +370 342 43 216<br><\/p>\n\n\n\n<hr class=\"wp-block-separator has-alpha-channel-opacity is-style-wide\"\/>\n\n\n\n<p class=\"has-small-font-size\"><em>Informacija atnaujinta: 2025-09-15<\/em><\/p>\n","protected":false},"excerpt":{"rendered":"<p>GRA\u017dI\u0160KI\u0172 GIMNAZIJOS IKIMOKYKLINIO UGDYMO GRUP\u0116 Buvein\u0117s adresas: Liep\u0173 g. 6, Gra\u017ei\u0161kiai, Gra\u017ei\u0161ki\u0173 sen., Vilkavi\u0161kio r. sav., LT-70340El. pa\u0161tas:&nbsp;&nbsp;&nbsp;&nbsp;&nbsp;&nbsp;&nbsp;&nbsp;&nbsp; rastine@graziskiugimnazija.ltTel. nr.:&nbsp;&nbsp;&nbsp;&nbsp;&nbsp;&nbsp;&nbsp;&nbsp;&nbsp;&nbsp;&nbsp;&nbsp;&nbsp; +370 342 43695 GRA\u017dI\u0160KI\u0172 GIMNAZIJOS<a class=\"moretag\" href=\"https:\/\/graziskiugimnazija.lt\/?page_id=495\"> [&#8230;] Skaityti<\/a><\/p>\n","protected":false},"author":1,"featured_media":0,"parent":0,"menu_order":0,"comment_status":"closed","ping_status":"closed","template":"","meta":{"om_disable_all_campaigns":false,"_monsterinsights_skip_tracking":false,"_monsterinsights_sitenote_active":false,"_monsterinsights_sitenote_note":"","_monsterinsights_sitenote_category":0,"ngg_post_thumbnail":0,"footnotes":""},"class_list":["post-495","page","type-page","status-publish","hentry"],"_links":{"self":[{"href":"https:\/\/graziskiugimnazija.lt\/index.php?rest_route=\/wp\/v2\/pages\/495","targetHints":{"allow":["GET"]}}],"collection":[{"href":"https:\/\/graziskiugimnazija.lt\/index.php?rest_route=\/wp\/v2\/pages"}],"about":[{"href":"https:\/\/graziskiugimnazija.lt\/index.php?rest_route=\/wp\/v2\/types\/page"}],"author":[{"embeddable":true,"href":"https:\/\/graziskiugimnazija.lt\/index.php?rest_route=\/wp\/v2\/users\/1"}],"replies":[{"embeddable":true,"href":"https:\/\/graziskiugimnazija.lt\/index.php?rest_route=%2Fwp%2Fv2%2Fcomments&post=495"}],"version-history":[{"count":19,"href":"https:\/\/graziskiugimnazija.lt\/index.php?rest_route=\/wp\/v2\/pages\/495\/revisions"}],"predecessor-version":[{"id":3529,"href":"https:\/\/graziskiugimnazija.lt\/index.php?rest_route=\/wp\/v2\/pages\/495\/revisions\/3529"}],"wp:attachment":[{"href":"https:\/\/graziskiugimnazija.lt\/index.php?rest_route=%2Fwp%2Fv2%2Fmedia&parent=495"}],"curies":[{"name":"wp","href":"https:\/\/api.w.org\/{rel}","templated":true}]}}