{"id":49,"date":"2023-10-24T11:49:14","date_gmt":"2023-10-24T09:49:14","guid":{"rendered":"https:\/\/graziskiugimnazija.lt\/?page_id=49"},"modified":"2025-07-14T10:09:53","modified_gmt":"2025-07-14T08:09:53","slug":"nuostatai","status":"publish","type":"page","link":"https:\/\/graziskiugimnazija.lt\/?page_id=49","title":{"rendered":"NUOSTATAI"},"content":{"rendered":"\n<div class=\"wp-block-file\"><a id=\"wp-block-file--media-67e853d2-57cf-487f-9d7c-f149e6c8e6e2\" href=\"https:\/\/graziskiugimnazija.lt\/wp-content\/uploads\/2025\/06\/Vilkaviskio-r.-Graziskiu-gimnazijos-nuostatai.pdf\" target=\"_blank\" rel=\"noreferrer noopener\">Vilkavi\u0161kio r. Gra\u017ei\u0161ki\u0173 gimnazijos nuostatai<\/a><\/div>\n\n\n\n<hr class=\"wp-block-separator has-alpha-channel-opacity is-style-wide\"\/>\n\n\n\n<p class=\"has-small-font-size\"><em>Informacija atnaujinta: 2024-12-20<\/em><\/p>\n","protected":false},"excerpt":{"rendered":"<p>Informacija atnaujinta: 2024-12-20<\/p>\n","protected":false},"author":1,"featured_media":0,"parent":0,"menu_order":0,"comment_status":"closed","ping_status":"closed","template":"","meta":{"om_disable_all_campaigns":false,"_monsterinsights_skip_tracking":false,"_monsterinsights_sitenote_active":false,"_monsterinsights_sitenote_note":"","_monsterinsights_sitenote_category":0,"ngg_post_thumbnail":0,"footnotes":""},"class_list":["post-49","page","type-page","status-publish","hentry"],"_links":{"self":[{"href":"https:\/\/graziskiugimnazija.lt\/index.php?rest_route=\/wp\/v2\/pages\/49","targetHints":{"allow":["GET"]}}],"collection":[{"href":"https:\/\/graziskiugimnazija.lt\/index.php?rest_route=\/wp\/v2\/pages"}],"about":[{"href":"https:\/\/graziskiugimnazija.lt\/index.php?rest_route=\/wp\/v2\/types\/page"}],"author":[{"embeddable":true,"href":"https:\/\/graziskiugimnazija.lt\/index.php?rest_route=\/wp\/v2\/users\/1"}],"replies":[{"embeddable":true,"href":"https:\/\/graziskiugimnazija.lt\/index.php?rest_route=%2Fwp%2Fv2%2Fcomments&post=49"}],"version-history":[{"count":5,"href":"https:\/\/graziskiugimnazija.lt\/index.php?rest_route=\/wp\/v2\/pages\/49\/revisions"}],"predecessor-version":[{"id":2967,"href":"https:\/\/graziskiugimnazija.lt\/index.php?rest_route=\/wp\/v2\/pages\/49\/revisions\/2967"}],"wp:attachment":[{"href":"https:\/\/graziskiugimnazija.lt\/index.php?rest_route=%2Fwp%2Fv2%2Fmedia&parent=49"}],"curies":[{"name":"wp","href":"https:\/\/api.w.org\/{rel}","templated":true}]}}