{"id":478,"date":"2024-01-22T22:20:27","date_gmt":"2024-01-22T20:20:27","guid":{"rendered":"https:\/\/graziskiugimnazija.lt\/?page_id=478"},"modified":"2025-10-29T20:37:46","modified_gmt":"2025-10-29T18:37:46","slug":"darbuotojai","status":"publish","type":"page","link":"https:\/\/graziskiugimnazija.lt\/?page_id=478","title":{"rendered":"DARBUOTOJAI"},"content":{"rendered":"\n<h2 class=\"wp-block-heading has-medium-font-size\">PEDAGOGINIAI DARBUOTOJAI<\/h2>\n\n\n\n<div class=\"wp-block-file\"><a id=\"wp-block-file--media-4c427a82-62d7-4136-bea4-81d13febb469\" href=\"https:\/\/graziskiugimnazija.lt\/wp-content\/uploads\/2025\/10\/Pedagoginiu-darbuotoju-sarasas.pdf\" target=\"_blank\" rel=\"noreferrer noopener\"><strong>Gra\u017ei\u0161ki\u0173 gimnazijos mokytoj\u0173 s\u0105ra\u0161as 2025-2026 m. m.<\/strong><\/a><\/div>\n\n\n\n<hr class=\"wp-block-separator has-alpha-channel-opacity is-style-wide\"\/>\n\n\n\n<h2 class=\"wp-block-heading has-medium-font-size\">ADMINISTRACIJOS IR APTARNAUJAN\u010cIO PERSONALO  DARBUOTOJAI<\/h2>\n\n\n\n<div class=\"wp-block-file\"><a id=\"wp-block-file--media-e04f3f0a-7811-42e7-b415-26e61119be7e\" href=\"https:\/\/graziskiugimnazija.lt\/wp-content\/uploads\/2025\/09\/Nepedagoginiu-darbuotoju-sarasas-tinklapiui-1.docx\" target=\"_blank\" rel=\"noreferrer noopener\"><strong>Administracijos ir nepedagogini\u0173 darbuotoj\u0173 s\u0105ra\u0161as<\/strong><\/a><\/div>\n\n\n\n<hr class=\"wp-block-separator has-alpha-channel-opacity is-style-wide\"\/>\n\n\n\n<h2 class=\"wp-block-heading has-medium-font-size\">PAREIGYBI\u0172 APRA\u0160AI<\/h2>\n\n\n\n<div class=\"wp-block-file\"><a id=\"wp-block-file--media-8a4724cc-4705-44b8-81ed-966af73499d4\" href=\"https:\/\/graziskiugimnazija.lt\/wp-content\/uploads\/2025\/04\/Graziskiu-gimnazijos-diektoriaus-pareigybes-aprasas.pdf\" target=\"_blank\" rel=\"noreferrer noopener\"><strong>Gra\u017ei\u0161ki\u0173 gimnazijos diektoriaus pareigyb\u0117s apra\u0161ymas<\/strong><\/a><\/div>\n\n\n\n<div class=\"wp-block-file\"><a id=\"wp-block-file--media-f5e1af18-e7ee-44a4-9223-fe2ae05889be\" href=\"http:\/\/graziskiugimnazija.lt\/wp-content\/uploads\/2024\/01\/Pedagoginiu-darbuotoju-pareigybes-aprasai.pdf\" target=\"_blank\" rel=\"noreferrer noopener\"><strong>Pedagogini\u0173 darbuotoj\u0173 pareigybi\u0173 apra\u0161ymai<\/strong><\/a><\/div>\n\n\n\n<h2 class=\"wp-block-heading has-small-font-size\">NEPEDAGOGINI\u0172 DARBUOTOJ\u0172 PAREIGYBI\u0172 APRA\u0160YMAI<\/h2>\n\n\n\n<hr class=\"wp-block-separator has-alpha-channel-opacity is-style-wide\"\/>\n\n\n\n<div class=\"wp-block-group is-vertical is-layout-flex wp-container-core-group-is-layout-8cf370e7 wp-block-group-is-layout-flex\">\n<div class=\"wp-block-file\"><a id=\"wp-block-file--media-5ee219ed-4ca4-464f-ab56-77dabe51398e\" href=\"https:\/\/graziskiugimnazija.lt\/wp-content\/uploads\/2024\/03\/Aukletojo-padejejo-pareigybes-aprasymas.pdf\" target=\"_blank\" rel=\"noreferrer noopener\">Aukl\u0117tojo pad\u0117j\u0117jo pareigyb\u0117s apra\u0161ymas<\/a><\/div>\n\n\n\n<div class=\"wp-block-file\"><a id=\"wp-block-file--media-cca03629-9eab-4d65-806b-74a7e48ce4b4\" href=\"https:\/\/graziskiugimnazija.lt\/wp-content\/uploads\/2024\/03\/Bibliotekininko-pareigybes-aprasymas.pdf\" target=\"_blank\" rel=\"noreferrer noopener\">Bibliotekininko pareigyb\u0117s apra\u0161ymas<\/a><\/div>\n\n\n\n<div class=\"wp-block-file\"><a id=\"wp-block-file--media-34b04fe2-1840-468b-a9de-1b355e4494c6\" href=\"https:\/\/graziskiugimnazija.lt\/wp-content\/uploads\/2024\/03\/Direktoriaus-pavaduotojo-ukiui-pareigybes-aprasymas.pdf\" target=\"_blank\" rel=\"noreferrer noopener\">Direktoriaus pavaduotojo \u016bkiui pareigyb\u0117s-apra\u0161ymas<\/a><\/div>\n\n\n\n<div class=\"wp-block-file\"><a id=\"wp-block-file--media-95e6d8fe-61d6-4329-9fc6-b5945202721b\" href=\"https:\/\/graziskiugimnazija.lt\/wp-content\/uploads\/2024\/03\/Duomenu-ivesties-darbuotojo-pareigybes-aprasymas.pdf\" target=\"_blank\" rel=\"noreferrer noopener\">Duomen\u0173 \u012fvesties darbuotojo pareigyb\u0117s apra\u0161ymas<\/a><\/div>\n\n\n\n<div class=\"wp-block-file\"><a id=\"wp-block-file--media-e6f787de-c5e3-4ba7-bb5c-2b79ddda88e3\" href=\"https:\/\/graziskiugimnazija.lt\/wp-content\/uploads\/2024\/03\/Energtiko-pareigybes-aprasymas.pdf\" target=\"_blank\" rel=\"noreferrer noopener\">Energtiko pareigyb\u0117s apra\u0161ymas<\/a><\/div>\n\n\n\n<div class=\"wp-block-file\"><a id=\"wp-block-file--media-b4fcafc1-2ed6-447e-a438-d6d9ac2d9655\" href=\"https:\/\/graziskiugimnazija.lt\/wp-content\/uploads\/2024\/03\/Finansininko-pareigybes-aprasymas.pdf\" target=\"_blank\" rel=\"noreferrer noopener\">Finansininko pareigyb\u0117s apra\u0161ymas<\/a><\/div>\n\n\n\n<div class=\"wp-block-file\"><a id=\"wp-block-file--media-fa2125f5-a02c-4a3d-8e38-36c3c92da744\" href=\"https:\/\/graziskiugimnazija.lt\/wp-content\/uploads\/2024\/03\/Karjeros-specialisto-pareigybes-aprasymas.pdf\" target=\"_blank\" rel=\"noreferrer noopener\">Karjeros specialisto pareigyb\u0117s apra\u0161ymas<\/a><\/div>\n\n\n\n<div class=\"wp-block-file\"><a id=\"wp-block-file--media-92cfc140-1ed7-450b-9a31-7c7aee13a33c\" href=\"https:\/\/graziskiugimnazija.lt\/wp-content\/uploads\/2024\/03\/Kiemsargio-pareigybes-aprasymas.pdf\" target=\"_blank\" rel=\"noreferrer noopener\">Kiemsargio pareigyb\u0117s apra\u0161ymas<\/a><\/div>\n\n\n\n<div class=\"wp-block-file\"><a id=\"wp-block-file--media-a6b05ebc-d42e-4e05-b8c1-78d72ebe6836\" href=\"https:\/\/graziskiugimnazija.lt\/wp-content\/uploads\/2024\/03\/Kulturos-renginiu-organizatoriaus-pareigybes-aprasymas.pdf\" target=\"_blank\" rel=\"noreferrer noopener\">Kult\u016bros rengini\u0173 organizatoriaus pareigyb\u0117s apra\u0161ymas<\/a><\/div>\n\n\n\n<div class=\"wp-block-file\"><a id=\"wp-block-file--media-32f965d6-dc8b-4f9e-825b-5d8ab47506e6\" href=\"https:\/\/graziskiugimnazija.lt\/wp-content\/uploads\/2025\/07\/Kompiuteriniu-sistemu-inzinieriaus-pareigybes-aprasymas.pdf\" target=\"_blank\" rel=\"noreferrer noopener\">Kompiuterini\u0173 sistem\u0173 in\u017einieriaus pareigyb\u0117s apra\u0161ymas<\/a><\/div>\n\n\n\n<div class=\"wp-block-file\"><a id=\"wp-block-file--media-6ee4d59c-cc1a-4cb2-ba9e-4ca162f21920\" href=\"https:\/\/graziskiugimnazija.lt\/wp-content\/uploads\/2024\/03\/Laboranto-pareigybes-aprasymas.pdf\" target=\"_blank\" rel=\"noreferrer noopener\">Laboranto pareigyb\u0117s apra\u0161ymas<\/a><\/div>\n\n\n\n<div class=\"wp-block-file\"><a id=\"wp-block-file--media-99caffe6-3cb2-4a30-9b02-de3e2d4bdc5a\" href=\"https:\/\/graziskiugimnazija.lt\/wp-content\/uploads\/2024\/03\/Pastatu-ir-sistemu-einamojo-remonto-darbininko-pareigybes-aprasymas.pdf\" target=\"_blank\" rel=\"noreferrer noopener\">Pastat\u0173 ir sistem\u0173 einamojo remonto darbininko pareigyb\u0117s apra\u0161ymas<\/a><\/div>\n\n\n\n<div class=\"wp-block-file\"><a id=\"wp-block-file--media-27ce11e3-3c96-4f55-8a9f-49dc53e375fb\" href=\"https:\/\/graziskiugimnazija.lt\/wp-content\/uploads\/2024\/03\/Personalo-specialisto-pareigybes-aprasymas.pdf\" target=\"_blank\" rel=\"noreferrer noopener\">Personalo specialisto pareigyb\u0117s apra\u0161ymas<\/a><\/div>\n\n\n\n<div class=\"wp-block-file\"><a id=\"wp-block-file--media-3b818303-45fa-44c6-822e-f183cf0c8072\" href=\"https:\/\/graziskiugimnazija.lt\/wp-content\/uploads\/2024\/03\/Rastines-vedejo-pareigybes-aprasymas.pdf\" target=\"_blank\" rel=\"noreferrer noopener\">Ra\u0161tin\u0117s ved\u0117jo pareigyb\u0117s apra\u0161ymas<\/a><\/div>\n\n\n\n<div class=\"wp-block-file\"><a id=\"wp-block-file--media-05d4d278-f0a8-4f95-8321-4768c5c0b510\" href=\"https:\/\/graziskiugimnazija.lt\/wp-content\/uploads\/2024\/03\/Rubininko-budetojo-pareigybes-aprasymas.pdf\" target=\"_blank\" rel=\"noreferrer noopener\">R\u016bbininko bud\u0117tojo pareigyb\u0117s apra\u0161ymas<\/a><\/div>\n\n\n\n<div class=\"wp-block-file\"><a id=\"wp-block-file--media-ada11220-3a2b-4082-a260-275b557bda2d\" href=\"https:\/\/graziskiugimnazija.lt\/wp-content\/uploads\/2024\/03\/Sandelininko-pareigybes-aprasymas.pdf\" target=\"_blank\" rel=\"noreferrer noopener\">Sand\u0117lininko pareigyb\u0117s apra\u0161ymas<\/a><\/div>\n\n\n\n<div class=\"wp-block-file\"><a id=\"wp-block-file--media-54b5bc43-0e00-4c09-a774-900a2a8d825e\" href=\"https:\/\/graziskiugimnazija.lt\/wp-content\/uploads\/2024\/03\/Sekretoriaus-pareigybes-aprasymas.pdf\" target=\"_blank\" rel=\"noreferrer noopener\">Sekretoriaus pareigyb\u0117s apra\u0161ymas<\/a><\/div>\n\n\n\n<div class=\"wp-block-file\"><a id=\"wp-block-file--media-9d49bb04-cc23-4d2d-840d-8ccf75f0598c\" href=\"https:\/\/graziskiugimnazija.lt\/wp-content\/uploads\/2024\/03\/Skalbejos-pareigybes-aprasymas.pdf\" target=\"_blank\" rel=\"noreferrer noopener\">Skalb\u0117jos pareigyb\u0117s apra\u0161ymas<\/a><\/div>\n\n\n\n<div class=\"wp-block-file\"><a id=\"wp-block-file--media-37e98d80-a3e2-42eb-912c-c291f6e5b38f\" href=\"https:\/\/graziskiugimnazija.lt\/wp-content\/uploads\/2024\/03\/Sveikatos-ir-maitinimo-organizavimo-specialisto-pareigybes-aprasymas.pdf\" target=\"_blank\" rel=\"noreferrer noopener\">Sveikatos ir maitinimo organizavimo specialisto pareigyb\u0117s apra\u0161ymas<\/a><\/div>\n\n\n\n<div class=\"wp-block-file\"><a id=\"wp-block-file--media-69715427-d6db-41c7-99f1-cd6e344d1498\" href=\"https:\/\/graziskiugimnazija.lt\/wp-content\/uploads\/2024\/03\/Transporto-specialisto-pareigybes-aprasymas.pdf\" target=\"_blank\" rel=\"noreferrer noopener\">Transporto specialisto pareigyb\u0117s apra\u0161ymas<\/a><\/div>\n\n\n\n<div class=\"wp-block-file\"><a id=\"wp-block-file--media-eff622d6-62dc-4853-b7d1-43c520c72d41\" href=\"https:\/\/graziskiugimnazija.lt\/wp-content\/uploads\/2024\/03\/Ukvedzio-pareigybes-aprasymas.pdf\" target=\"_blank\" rel=\"noreferrer noopener\">\u016akved\u017eio pareigyb\u0117s apra\u0161ymas<\/a><\/div>\n\n\n\n<div class=\"wp-block-file\"><a id=\"wp-block-file--media-eb30b5af-08f1-4619-97c0-9438c9297b7d\" href=\"https:\/\/graziskiugimnazija.lt\/wp-content\/uploads\/2024\/03\/Vairuotojo-ekspeditoriaus-pareigybes-aprasymas.pdf\" target=\"_blank\" rel=\"noreferrer noopener\">Vairuotojo ekspeditoriaus pareigyb\u0117s apra\u0161ymas<\/a><\/div>\n\n\n\n<div class=\"wp-block-file\"><a id=\"wp-block-file--media-2c8de5de-6506-4b6b-b21c-ac5f5bfb09f3\" href=\"https:\/\/graziskiugimnazija.lt\/wp-content\/uploads\/2024\/03\/Valgyklos-vedejo-pareigybes-aprasymas.pdf\" target=\"_blank\" rel=\"noreferrer noopener\">Valgyklos ved\u0117jo pareigyb\u0117s apra\u0161ymas<\/a><\/div>\n\n\n\n<div class=\"wp-block-file\"><a id=\"wp-block-file--media-f9b39bf8-adb8-402b-9a51-f8ba62619f75\" href=\"https:\/\/graziskiugimnazija.lt\/wp-content\/uploads\/2024\/03\/Valytojo-pareigybes-aprasymas.pdf\" target=\"_blank\" rel=\"noreferrer noopener\">Valytojo pareigyb\u0117s apra\u0161ymas<\/a><\/div>\n\n\n\n<div class=\"wp-block-file\"><a id=\"wp-block-file--media-7a0d6054-ee8d-4f5e-a305-205ae3806f36\" href=\"https:\/\/graziskiugimnazija.lt\/wp-content\/uploads\/2024\/03\/Virejo-pareigybes-aprasymas.pdf\" target=\"_blank\" rel=\"noreferrer noopener\">Vir\u0117jo pareigyb\u0117s apra\u0161ymas<\/a><\/div>\n\n\n\n<div class=\"wp-block-file\"><a id=\"wp-block-file--media-07a1d137-ccbd-4397-abba-01b6322795dc\" href=\"https:\/\/graziskiugimnazija.lt\/wp-content\/uploads\/2024\/03\/Vyriausiojo-finansininko-pareigybes-aprasymas.pdf\" target=\"_blank\" rel=\"noreferrer noopener\">Vyriausiojo finansininko pareigyb\u0117s apra\u0161ymas<\/a><\/div>\n\n\n\n<div class=\"wp-block-file\"><a id=\"wp-block-file--media-eed34fa3-26f7-4ed4-96c7-c1c8a4942c80\" href=\"https:\/\/graziskiugimnazija.lt\/wp-content\/uploads\/2024\/03\/Virtuves-pagalbinio-darbininko-pareigybes-aprasymas.pdf\" target=\"_blank\" rel=\"noreferrer noopener\">Virtuv\u0117s pagalbinio darbininko pareigyb\u0117s apra\u0161ymas<\/a><\/div>\n<\/div>\n\n\n\n<hr class=\"wp-block-separator has-alpha-channel-opacity is-style-wide\"\/>\n\n\n\n<p class=\"has-small-font-size\"><em>Informacija atnaujinta: 202<\/em>5-09-11<\/p>\n","protected":false},"excerpt":{"rendered":"<p>PEDAGOGINIAI DARBUOTOJAI ADMINISTRACIJOS IR APTARNAUJAN\u010cIO PERSONALO DARBUOTOJAI PAREIGYBI\u0172 APRA\u0160AI NEPEDAGOGINI\u0172 DARBUOTOJ\u0172 PAREIGYBI\u0172 APRA\u0160YMAI Informacija atnaujinta: 2025-09-11<\/p>\n","protected":false},"author":1,"featured_media":0,"parent":0,"menu_order":0,"comment_status":"closed","ping_status":"closed","template":"","meta":{"om_disable_all_campaigns":false,"_monsterinsights_skip_tracking":false,"_monsterinsights_sitenote_active":false,"_monsterinsights_sitenote_note":"","_monsterinsights_sitenote_category":0,"ngg_post_thumbnail":0,"footnotes":""},"class_list":["post-478","page","type-page","status-publish","hentry"],"_links":{"self":[{"href":"https:\/\/graziskiugimnazija.lt\/index.php?rest_route=\/wp\/v2\/pages\/478","targetHints":{"allow":["GET"]}}],"collection":[{"href":"https:\/\/graziskiugimnazija.lt\/index.php?rest_route=\/wp\/v2\/pages"}],"about":[{"href":"https:\/\/graziskiugimnazija.lt\/index.php?rest_route=\/wp\/v2\/types\/page"}],"author":[{"embeddable":true,"href":"https:\/\/graziskiugimnazija.lt\/index.php?rest_route=\/wp\/v2\/users\/1"}],"replies":[{"embeddable":true,"href":"https:\/\/graziskiugimnazija.lt\/index.php?rest_route=%2Fwp%2Fv2%2Fcomments&post=478"}],"version-history":[{"count":25,"href":"https:\/\/graziskiugimnazija.lt\/index.php?rest_route=\/wp\/v2\/pages\/478\/revisions"}],"predecessor-version":[{"id":3308,"href":"https:\/\/graziskiugimnazija.lt\/index.php?rest_route=\/wp\/v2\/pages\/478\/revisions\/3308"}],"wp:attachment":[{"href":"https:\/\/graziskiugimnazija.lt\/index.php?rest_route=%2Fwp%2Fv2%2Fmedia&parent=478"}],"curies":[{"name":"wp","href":"https:\/\/api.w.org\/{rel}","templated":true}]}}