{"id":47,"date":"2023-10-24T11:47:08","date_gmt":"2023-10-24T09:47:08","guid":{"rendered":"https:\/\/graziskiugimnazija.lt\/?page_id=47"},"modified":"2025-07-14T10:08:53","modified_gmt":"2025-07-14T08:08:53","slug":"administracine-informacija","status":"publish","type":"page","link":"https:\/\/graziskiugimnazija.lt\/?page_id=47","title":{"rendered":"ADMINISTRACIN\u0116 INFORMACIJA"},"content":{"rendered":"\n<p>NUOSTATAI<br>PLANAVIMO DOKUMENTAI<br>DARBO U\u017dMOKESTIS<br>VIE\u0160IEJI PIRKIMAI<br>BIUD\u017dETO VYKDYMO ATASKAIT\u0172 RINKINIAI<br>TARNYBINIAI LENGVIEJI AUTOMOBILIAI<br>L\u0116\u0160OS VEIKLAI VIE\u0160INTI<br>LAISVOS DARBO VIETOS<br>KONSULTAVIMASIS SU VISUOMENE<br>DA\u017dNIAUSIAI U\u017dDUODAMI KLAUSIMAI (DUK)<\/p>\n\n\n\n<p><em>Informacija atnaujinta: 202<\/em>5-07-14<\/p>\n","protected":false},"excerpt":{"rendered":"<p>NUOSTATAIPLANAVIMO DOKUMENTAIDARBO U\u017dMOKESTISVIE\u0160IEJI PIRKIMAIBIUD\u017dETO VYKDYMO ATASKAIT\u0172 RINKINIAITARNYBINIAI LENGVIEJI AUTOMOBILIAIL\u0116\u0160OS VEIKLAI VIE\u0160INTILAISVOS DARBO VIETOSKONSULTAVIMASIS SU VISUOMENEDA\u017dNIAUSIAI U\u017dDUODAMI KLAUSIMAI (DUK) Informacija atnaujinta: 2025-07-14<\/p>\n","protected":false},"author":1,"featured_media":0,"parent":0,"menu_order":0,"comment_status":"closed","ping_status":"closed","template":"","meta":{"om_disable_all_campaigns":false,"_monsterinsights_skip_tracking":false,"_monsterinsights_sitenote_active":false,"_monsterinsights_sitenote_note":"","_monsterinsights_sitenote_category":0,"ngg_post_thumbnail":0,"footnotes":""},"class_list":["post-47","page","type-page","status-publish","hentry"],"_links":{"self":[{"href":"https:\/\/graziskiugimnazija.lt\/index.php?rest_route=\/wp\/v2\/pages\/47","targetHints":{"allow":["GET"]}}],"collection":[{"href":"https:\/\/graziskiugimnazija.lt\/index.php?rest_route=\/wp\/v2\/pages"}],"about":[{"href":"https:\/\/graziskiugimnazija.lt\/index.php?rest_route=\/wp\/v2\/types\/page"}],"author":[{"embeddable":true,"href":"https:\/\/graziskiugimnazija.lt\/index.php?rest_route=\/wp\/v2\/users\/1"}],"replies":[{"embeddable":true,"href":"https:\/\/graziskiugimnazija.lt\/index.php?rest_route=%2Fwp%2Fv2%2Fcomments&post=47"}],"version-history":[{"count":3,"href":"https:\/\/graziskiugimnazija.lt\/index.php?rest_route=\/wp\/v2\/pages\/47\/revisions"}],"predecessor-version":[{"id":2966,"href":"https:\/\/graziskiugimnazija.lt\/index.php?rest_route=\/wp\/v2\/pages\/47\/revisions\/2966"}],"wp:attachment":[{"href":"https:\/\/graziskiugimnazija.lt\/index.php?rest_route=%2Fwp%2Fv2%2Fmedia&parent=47"}],"curies":[{"name":"wp","href":"https:\/\/api.w.org\/{rel}","templated":true}]}}