{"id":455,"date":"2024-01-22T21:59:01","date_gmt":"2024-01-22T19:59:01","guid":{"rendered":"https:\/\/graziskiugimnazija.lt\/?page_id=455"},"modified":"2025-12-19T13:16:47","modified_gmt":"2025-12-19T11:16:47","slug":"administracija","status":"publish","type":"page","link":"https:\/\/graziskiugimnazija.lt\/?page_id=455","title":{"rendered":"ADMINISTRACIJA"},"content":{"rendered":"\n<h2 class=\"wp-block-heading\">GIMNAZIJAI VADOVAUJA<\/h2>\n\n\n\n<hr class=\"wp-block-separator has-alpha-channel-opacity is-style-wide\"\/>\n\n\n\n<div class=\"wp-block-media-text is-stacked-on-mobile\" style=\"grid-template-columns:19% auto\"><figure class=\"wp-block-media-text__media\"><img loading=\"lazy\" decoding=\"async\" width=\"202\" height=\"309\" src=\"https:\/\/graziskiugimnazija.lt\/wp-content\/uploads\/2025\/12\/direktore.jpg\" alt=\"\" class=\"wp-image-3630 size-full\" srcset=\"https:\/\/graziskiugimnazija.lt\/wp-content\/uploads\/2025\/12\/direktore.jpg 202w, https:\/\/graziskiugimnazija.lt\/wp-content\/uploads\/2025\/12\/direktore-196x300.jpg 196w, https:\/\/graziskiugimnazija.lt\/wp-content\/uploads\/2025\/12\/direktore-16x24.jpg 16w, https:\/\/graziskiugimnazija.lt\/wp-content\/uploads\/2025\/12\/direktore-24x36.jpg 24w, https:\/\/graziskiugimnazija.lt\/wp-content\/uploads\/2025\/12\/direktore-31x48.jpg 31w\" sizes=\"auto, (max-width: 202px) 100vw, 202px\" \/><\/figure><div class=\"wp-block-media-text__content\">\n<p><strong>DIREKTOR\u0116<br>Egl\u0117 Kociuvien\u0117<\/strong><\/p>\n\n\n\n<p>1998 m. baig\u0117 Vilniaus pedagoginio universiteto istorijos specialyb\u0117s kurs\u0105,&nbsp;suteikta bendrojo lavinimo mokyklos istorijos, politologijos ir&nbsp; visuomen\u0117s mokslo mokytojos kvalifikacija.<\/p>\n\n\n\n<p>2002 m. suteikta istorijos vyresniosios mokytojos kvalifikacin\u0117 kategorija.<\/p>\n<\/div><\/div>\n\n\n\n<hr class=\"wp-block-separator has-alpha-channel-opacity is-style-wide\"\/>\n\n\n\n<div class=\"wp-block-file\"><a id=\"wp-block-file--media-2f9374e5-efae-488d-9b46-626af9c7f933\" href=\"https:\/\/graziskiugimnazija.lt\/wp-content\/uploads\/2025\/06\/Vilkaviskio-r.-Graziskiu-gimnazijos-direktoriaus-pareigybes-aprasymas.pdf\" target=\"_blank\" rel=\"noreferrer noopener\">Vilkavi\u0161kio r. Gra\u017ei\u0161ki\u0173 gimnazijos direktoriaus pareigyb\u0117s apra\u0161ymas<\/a><\/div>\n\n\n\n<hr class=\"wp-block-separator has-alpha-channel-opacity is-style-wide\"\/>\n\n\n\n<div class=\"wp-block-file\"><a id=\"wp-block-file--media-3b349894-bcf5-4719-8b62-1f1cb7949ac9\" href=\"https:\/\/graziskiugimnazija.lt\/wp-content\/uploads\/2024\/01\/2021-m.-Gimnazijos-veiklos-ataskaita.pdf\">2021 m. Gimnazijos veiklos ataskaita<\/a><\/div>\n\n\n\n<hr class=\"wp-block-separator has-alpha-channel-opacity is-style-wide\"\/>\n\n\n\n<div class=\"wp-block-file\"><a id=\"wp-block-file--media-edb579c2-f2b9-4889-9826-240b6f8957e8\" href=\"https:\/\/graziskiugimnazija.lt\/wp-content\/uploads\/2024\/01\/G.-Launikones-2022-metu-veiklos-ataskaita.pdf\">2022 met\u0173 veiklos ataskaita<\/a><\/div>\n\n\n\n<div class=\"wp-block-file\"><a id=\"wp-block-file--media-0f2e12f4-7ee7-4b34-a531-cd6c06de5e03\" href=\"https:\/\/graziskiugimnazija.lt\/wp-content\/uploads\/2024\/01\/G.-Launikones-2021-metu-veiklos-ataskaita.pdf\">2021 met\u0173 veiklos ataskaita<\/a><\/div>\n\n\n\n<div class=\"wp-block-file\"><a id=\"wp-block-file--media-f72a08e8-548c-422d-95a9-e8eb1b9dea81\" href=\"https:\/\/graziskiugimnazija.lt\/wp-content\/uploads\/2024\/01\/G.-Launikones-2020-metu-veiklos-ataskaita.pdf\">2020 met\u0173 veiklos ataskaita<\/a><\/div>\n\n\n\n<div class=\"wp-block-file\"><a id=\"wp-block-file--media-d3bbd228-54cf-4f2d-b044-5c73b3b6ca38\" href=\"https:\/\/graziskiugimnazija.lt\/wp-content\/uploads\/2024\/01\/G.-Launikones-2019-metu-veiklos-ataskaita.pdf\">2019 met\u0173 veiklos ataskaita<\/a><\/div>\n\n\n\n<div class=\"wp-block-file\"><a id=\"wp-block-file--media-7301a2b5-608b-40a0-a2d6-207276f2d0cc\" href=\"https:\/\/graziskiugimnazija.lt\/wp-content\/uploads\/2024\/01\/Vilkaviskio-r.-Graziskiu-gimnazijos-2018-metu-veiklos-ataskaita.pdf\">2018 met\u0173 veiklos ataskaita<\/a><\/div>\n\n\n\n<hr class=\"wp-block-separator has-alpha-channel-opacity is-style-wide\"\/>\n\n\n\n<h5 class=\"wp-block-heading\">Darbo laikas<\/h5>\n\n\n\n<figure class=\"wp-block-table is-style-stripes has-small-font-size\"><table class=\"has-fixed-layout\"><tbody><tr><td><strong>Savait\u0117s dienos<\/strong><\/td><td><strong>Darbo laikas<\/strong><\/td><td><strong>Piet\u0173 pertrauka<\/strong><\/td><\/tr><tr><td>Pirmadienis<\/td><td>8.00\u201316.30<\/td><td>12.00\u201312.30<\/td><\/tr><tr><td>Antradienis<\/td><td>8.00\u201316.30<\/td><td>12.00\u201312.30<\/td><\/tr><tr><td>Tre\u010diadienis<\/td><td>8.00\u201316.30<\/td><td>12.00\u201312.30<\/td><\/tr><tr><td>Ketvirtadienis<\/td><td>8.00\u201316.30<\/td><td>12.00\u201312.30<\/td><\/tr><tr><td>Penktadienis<\/td><td>8.00\u201316.30<\/td><td>12.00\u201312.30<\/td><\/tr><\/tbody><\/table><\/figure>\n\n\n\n<h5 class=\"wp-block-heading\">Kontaktai<\/h5>\n\n\n\n<figure class=\"wp-block-table is-style-stripes has-small-font-size\"><table class=\"has-fixed-layout\"><tbody><tr><td>Telefonai +370 342 43695, +370 671 68919<\/td><td>El. pa\u0161tas direktore@graziskiugimnazija.lt<\/td><\/tr><\/tbody><\/table><\/figure>\n\n\n\n<hr class=\"wp-block-separator has-alpha-channel-opacity is-style-wide\"\/>\n\n\n\n<h3 class=\"wp-block-heading has-text-align-center\">DIREKTORIAUS PAVADUOTOJOS UGDYMUI<\/h3>\n\n\n\n<hr class=\"wp-block-separator has-alpha-channel-opacity is-style-wide\"\/>\n\n\n\n<div class=\"wp-block-media-text is-stacked-on-mobile\" style=\"grid-template-columns:20% auto\"><figure class=\"wp-block-media-text__media\"><img loading=\"lazy\" decoding=\"async\" width=\"595\" height=\"1024\" src=\"https:\/\/graziskiugimnazija.lt\/wp-content\/uploads\/2025\/07\/c9fdfad3-9193-4a8d-994a-43a48b5d2251-595x1024.jpg\" alt=\"\" class=\"wp-image-2876 size-full\" srcset=\"https:\/\/graziskiugimnazija.lt\/wp-content\/uploads\/2025\/07\/c9fdfad3-9193-4a8d-994a-43a48b5d2251-595x1024.jpg 595w, https:\/\/graziskiugimnazija.lt\/wp-content\/uploads\/2025\/07\/c9fdfad3-9193-4a8d-994a-43a48b5d2251-174x300.jpg 174w, https:\/\/graziskiugimnazija.lt\/wp-content\/uploads\/2025\/07\/c9fdfad3-9193-4a8d-994a-43a48b5d2251-768x1323.jpg 768w, https:\/\/graziskiugimnazija.lt\/wp-content\/uploads\/2025\/07\/c9fdfad3-9193-4a8d-994a-43a48b5d2251-892x1536.jpg 892w, https:\/\/graziskiugimnazija.lt\/wp-content\/uploads\/2025\/07\/c9fdfad3-9193-4a8d-994a-43a48b5d2251.jpg 1189w\" sizes=\"auto, (max-width: 595px) 100vw, 595px\" \/><\/figure><div class=\"wp-block-media-text__content\">\n<p><strong>DIREKTORIAUS PAVADUOTOJA UGDYMUI<br>Dalia Aleksien\u0117<\/strong><\/p>\n\n\n\n<p>atsakinga u\u017e pagrindinio ir vidurinio ugdymo program\u0173 \u012fgyvendinim\u0105, ugdymo plan\u0173 ir tvarkara\u0161\u010di\u0173 sudarym\u0105, Veiklos kokyb\u0117s \u012fsivertinim\u0105, vaiko gerov\u0117s komisijos pirminink\u0117.<\/p>\n\n\n\n<hr class=\"wp-block-separator has-alpha-channel-opacity is-style-wide\"\/>\n\n\n\n<div class=\"wp-block-file\"><a id=\"wp-block-file--media-95e695f9-0fa9-42a1-997e-5983a7fdca83\" href=\"https:\/\/graziskiugimnazija.lt\/wp-content\/uploads\/2025\/06\/Direktoriaus-pavaduotojos-ugdymui-pareigybes-aprasymas.pdf\" target=\"_blank\" rel=\"noreferrer noopener\">Pareigyb\u0117s apra\u0161ymas<\/a><\/div>\n\n\n\n<hr class=\"wp-block-separator has-alpha-channel-opacity is-style-wide\"\/>\n<\/div><\/div>\n\n\n\n<h5 class=\"wp-block-heading\">Darbo laikas<\/h5>\n\n\n\n<figure class=\"wp-block-table is-style-stripes\"><table class=\"has-fixed-layout\"><tbody><tr><td><strong>Savait\u0117s dienos<\/strong><\/td><td><strong>Darbo valandos<\/strong><\/td><td><strong>Piet\u016bs<\/strong><\/td><\/tr><tr><td>Pirmadienis<\/td><td>7.30\u201316.30<\/td><td>11.30\u201312.00<\/td><\/tr><tr><td>Antradienis<\/td><td>7.30\u201316.30<\/td><td>11.30\u201312.00<\/td><\/tr><tr><td>Tre\u010diadienis<\/td><td>7.30\u201316.30<\/td><td>11.30\u201312.00<\/td><\/tr><tr><td>Ketvirtadienis<\/td><td>7.30\u201316.30<\/td><td>11.30\u201312.00<\/td><\/tr><tr><td>Penktadienis<\/td><td>7.30\u201314.00<\/td><td>11.30\u201312.00<\/td><\/tr><\/tbody><\/table><\/figure>\n\n\n\n<h5 class=\"wp-block-heading\">Kontaktai<\/h5>\n\n\n\n<figure class=\"wp-block-table is-style-stripes has-small-font-size\"><table class=\"has-fixed-layout\"><tbody><tr><td>Telefonas +370 650 02035<\/td><td>El. pa\u0161tas dalia.aleksiene@graziskiugimnazija.lt<\/td><\/tr><\/tbody><\/table><\/figure>\n\n\n\n<hr class=\"wp-block-separator has-alpha-channel-opacity is-style-wide\"\/>\n\n\n\n<div class=\"wp-block-media-text is-stacked-on-mobile\" style=\"grid-template-columns:19% auto\"><figure class=\"wp-block-media-text__media\"><img loading=\"lazy\" decoding=\"async\" width=\"681\" height=\"1024\" src=\"https:\/\/graziskiugimnazija.lt\/wp-content\/uploads\/2025\/06\/RRR_0085-681x1024.jpg\" alt=\"\" class=\"wp-image-2785 size-full\" srcset=\"https:\/\/graziskiugimnazija.lt\/wp-content\/uploads\/2025\/06\/RRR_0085-681x1024.jpg 681w, https:\/\/graziskiugimnazija.lt\/wp-content\/uploads\/2025\/06\/RRR_0085-200x300.jpg 200w, https:\/\/graziskiugimnazija.lt\/wp-content\/uploads\/2025\/06\/RRR_0085-768x1154.jpg 768w, https:\/\/graziskiugimnazija.lt\/wp-content\/uploads\/2025\/06\/RRR_0085-1022x1536.jpg 1022w, https:\/\/graziskiugimnazija.lt\/wp-content\/uploads\/2025\/06\/RRR_0085-1363x2048.jpg 1363w, https:\/\/graziskiugimnazija.lt\/wp-content\/uploads\/2025\/06\/RRR_0085-scaled.jpg 1703w\" sizes=\"auto, (max-width: 681px) 100vw, 681px\" \/><\/figure><div class=\"wp-block-media-text__content\">\n<p><strong>DIREKTORIAUS PAVADUOTOJA UGDYMUI<br>Birut\u0117 Kirnien\u0117<\/strong><\/p>\n\n\n\n<p>atsakinga u\u017e ikimokyklin\u012f ir prie\u0161mokyklin\u012f ugdym\u0105, pradinio ugdymo programos \u012fgyvendinim\u0105, neformal\u0173j\u012f \u0161vietim\u0105 ir klasi\u0173 vadov\u0173 veiklos organizavim\u0105.<\/p>\n<\/div><\/div>\n\n\n\n<h5 class=\"wp-block-heading\">Darbo laikas<\/h5>\n\n\n\n<figure class=\"wp-block-table is-style-stripes\"><table class=\"has-fixed-layout\"><tbody><tr><td><strong>Savait\u0117s dienos<\/strong><\/td><td><strong>Darbo valandos<\/strong><\/td><td><strong>Piet\u016bs<\/strong><\/td><\/tr><tr><td>Pirmadienis<\/td><td>7.30\u201314.00<\/td><td>11.30\u201312.00<\/td><\/tr><tr><td>Antradienis<\/td><td>7.30\u201314.00<\/td><td>11.30\u201312.00<\/td><\/tr><tr><td>Tre\u010diadienis<\/td><td>7.30\u201314.00<\/td><td>11.30\u201312.00<\/td><\/tr><tr><td>Ketvirtadienis<\/td><td>7.30\u201314.00<\/td><td>11.30\u201312.00<\/td><\/tr><tr><td>Penktadienis<\/td><td>7.30\u201314.00<\/td><td>11.30\u201312.00<\/td><\/tr><\/tbody><\/table><\/figure>\n\n\n\n<h5 class=\"wp-block-heading\">Kontaktai<\/h5>\n\n\n\n<figure class=\"wp-block-table is-style-stripes has-small-font-size\"><table class=\"has-fixed-layout\"><tbody><tr><td>Telefonas +370 689 14589<\/td><td>El. pa\u0161tas birute.kirniene@graziskiugimnazija.lt<\/td><\/tr><\/tbody><\/table><\/figure>\n\n\n\n<hr class=\"wp-block-separator has-alpha-channel-opacity is-style-wide\"\/>\n\n\n\n<div class=\"wp-block-media-text is-stacked-on-mobile\" style=\"grid-template-columns:19% auto\"><figure class=\"wp-block-media-text__media\"><img loading=\"lazy\" decoding=\"async\" width=\"744\" height=\"1024\" src=\"https:\/\/graziskiugimnazija.lt\/wp-content\/uploads\/2025\/06\/IMG_20250627_090024-1-744x1024.jpg\" alt=\"\" class=\"wp-image-2792 size-full\" srcset=\"https:\/\/graziskiugimnazija.lt\/wp-content\/uploads\/2025\/06\/IMG_20250627_090024-1-744x1024.jpg 744w, https:\/\/graziskiugimnazija.lt\/wp-content\/uploads\/2025\/06\/IMG_20250627_090024-1-218x300.jpg 218w, https:\/\/graziskiugimnazija.lt\/wp-content\/uploads\/2025\/06\/IMG_20250627_090024-1-768x1058.jpg 768w, https:\/\/graziskiugimnazija.lt\/wp-content\/uploads\/2025\/06\/IMG_20250627_090024-1-1115x1536.jpg 1115w, https:\/\/graziskiugimnazija.lt\/wp-content\/uploads\/2025\/06\/IMG_20250627_090024-1-1487x2048.jpg 1487w, https:\/\/graziskiugimnazija.lt\/wp-content\/uploads\/2025\/06\/IMG_20250627_090024-1.jpg 1602w\" sizes=\"auto, (max-width: 744px) 100vw, 744px\" \/><\/figure><div class=\"wp-block-media-text__content\">\n<p><strong>DIREKTORIAUS PAVADUOTOJAS \u016aKIUI<br>Nerijus Gra\u017eulis<\/strong><\/p>\n\n\n\n<hr class=\"wp-block-separator has-alpha-channel-opacity is-style-wide\"\/>\n\n\n\n<div class=\"wp-block-file\"><a id=\"wp-block-file--media-ac296e52-a1d5-484e-8264-fe6038922fb8\" href=\"https:\/\/graziskiugimnazija.lt\/wp-content\/uploads\/2025\/06\/Direktoriaus-pavaduotojo-ukiui-pareigybes-aprasymas-1-1.pdf\" target=\"_blank\" rel=\"noreferrer noopener\">Pareigybes apra\u0161ymas<\/a><\/div>\n\n\n\n<hr class=\"wp-block-separator has-alpha-channel-opacity is-style-wide\"\/>\n<\/div><\/div>\n\n\n\n<h5 class=\"wp-block-heading\">Darbo laikas<\/h5>\n\n\n\n<figure class=\"wp-block-table is-style-stripes has-small-font-size\"><table class=\"has-fixed-layout\"><tbody><tr><td><strong>Savait\u0117s dienos<\/strong><\/td><td><strong>Darbo laikas<\/strong><\/td><td><strong>Piet\u016bs<\/strong><\/td><\/tr><tr><td>Pirmadienis<\/td><td>8.00\u201316.30<\/td><td>12.00\u201312.30<\/td><\/tr><tr><td>Antradienis<\/td><td>8.00\u201316.30<\/td><td>12.00\u201312.30<\/td><\/tr><tr><td>Tre\u010diadienis<\/td><td>8.00\u201316.30<\/td><td>12.00\u201312.30<\/td><\/tr><tr><td>Ketvirtadienis<\/td><td>8.00\u201316.30<\/td><td>12.00\u201312.30<\/td><\/tr><tr><td>Penktadienis<\/td><td>8.00\u201316.30<\/td><td>12.00\u201312.30<\/td><\/tr><\/tbody><\/table><\/figure>\n\n\n\n<h5 class=\"wp-block-heading\">Kontaktai<\/h5>\n\n\n\n<figure class=\"wp-block-table is-style-stripes has-small-font-size\"><table class=\"has-fixed-layout\"><tbody><tr><td>Telefonas +370 620 60322<\/td><td>El. pa\u0161tas ukvedys@graziskiugimnazija.lt<\/td><\/tr><\/tbody><\/table><\/figure>\n\n\n\n<p class=\"has-small-font-size\"><em>Informacija atnaujinta: 2025-10-27<\/em><\/p>\n\n\n\n<p><\/p>\n","protected":false},"excerpt":{"rendered":"<p>GIMNAZIJAI VADOVAUJA DIREKTOR\u0116Egl\u0117 Kociuvien\u0117 1998 m. baig\u0117 Vilniaus pedagoginio universiteto istorijos specialyb\u0117s kurs\u0105,&nbsp;suteikta bendrojo lavinimo mokyklos istorijos, politologijos ir&nbsp; visuomen\u0117s mokslo mokytojos kvalifikacija. 2002 m.<a class=\"moretag\" href=\"https:\/\/graziskiugimnazija.lt\/?page_id=455\"> [&#8230;] Skaityti<\/a><\/p>\n","protected":false},"author":1,"featured_media":0,"parent":0,"menu_order":0,"comment_status":"closed","ping_status":"closed","template":"","meta":{"om_disable_all_campaigns":false,"_monsterinsights_skip_tracking":false,"_monsterinsights_sitenote_active":false,"_monsterinsights_sitenote_note":"","_monsterinsights_sitenote_category":0,"ngg_post_thumbnail":0,"footnotes":""},"class_list":["post-455","page","type-page","status-publish","hentry"],"_links":{"self":[{"href":"https:\/\/graziskiugimnazija.lt\/index.php?rest_route=\/wp\/v2\/pages\/455","targetHints":{"allow":["GET"]}}],"collection":[{"href":"https:\/\/graziskiugimnazija.lt\/index.php?rest_route=\/wp\/v2\/pages"}],"about":[{"href":"https:\/\/graziskiugimnazija.lt\/index.php?rest_route=\/wp\/v2\/types\/page"}],"author":[{"embeddable":true,"href":"https:\/\/graziskiugimnazija.lt\/index.php?rest_route=\/wp\/v2\/users\/1"}],"replies":[{"embeddable":true,"href":"https:\/\/graziskiugimnazija.lt\/index.php?rest_route=%2Fwp%2Fv2%2Fcomments&post=455"}],"version-history":[{"count":49,"href":"https:\/\/graziskiugimnazija.lt\/index.php?rest_route=\/wp\/v2\/pages\/455\/revisions"}],"predecessor-version":[{"id":3631,"href":"https:\/\/graziskiugimnazija.lt\/index.php?rest_route=\/wp\/v2\/pages\/455\/revisions\/3631"}],"wp:attachment":[{"href":"https:\/\/graziskiugimnazija.lt\/index.php?rest_route=%2Fwp%2Fv2%2Fmedia&parent=455"}],"curies":[{"name":"wp","href":"https:\/\/api.w.org\/{rel}","templated":true}]}}