{"id":2937,"date":"2025-07-09T12:18:38","date_gmt":"2025-07-09T10:18:38","guid":{"rendered":"https:\/\/graziskiugimnazija.lt\/?page_id=2937"},"modified":"2025-07-09T12:20:22","modified_gmt":"2025-07-09T10:20:22","slug":"teises-aktu-pazeidimai","status":"publish","type":"page","link":"https:\/\/graziskiugimnazija.lt\/?page_id=2937","title":{"rendered":"TEIS\u0116S AKT\u0172 PA\u017dEIDIMAI"},"content":{"rendered":"\n<p>Informacijos apie teis\u0117s akt\u0173 pa\u017eeidimus n\u0117ra.<\/p>\n\n\n\n<p class=\"has-small-font-size\"><em>Informacija atnaujinta: 2025-07-09<\/em><\/p>\n\n\n\n<p><\/p>\n","protected":false},"excerpt":{"rendered":"<p>Informacijos apie teis\u0117s akt\u0173 pa\u017eeidimus n\u0117ra. Informacija atnaujinta: 2025-07-09<\/p>\n","protected":false},"author":1,"featured_media":0,"parent":0,"menu_order":0,"comment_status":"closed","ping_status":"closed","template":"","meta":{"om_disable_all_campaigns":false,"_monsterinsights_skip_tracking":false,"_monsterinsights_sitenote_active":false,"_monsterinsights_sitenote_note":"","_monsterinsights_sitenote_category":0,"ngg_post_thumbnail":0,"footnotes":""},"class_list":["post-2937","page","type-page","status-publish","hentry"],"_links":{"self":[{"href":"https:\/\/graziskiugimnazija.lt\/index.php?rest_route=\/wp\/v2\/pages\/2937","targetHints":{"allow":["GET"]}}],"collection":[{"href":"https:\/\/graziskiugimnazija.lt\/index.php?rest_route=\/wp\/v2\/pages"}],"about":[{"href":"https:\/\/graziskiugimnazija.lt\/index.php?rest_route=\/wp\/v2\/types\/page"}],"author":[{"embeddable":true,"href":"https:\/\/graziskiugimnazija.lt\/index.php?rest_route=\/wp\/v2\/users\/1"}],"replies":[{"embeddable":true,"href":"https:\/\/graziskiugimnazija.lt\/index.php?rest_route=%2Fwp%2Fv2%2Fcomments&post=2937"}],"version-history":[{"count":3,"href":"https:\/\/graziskiugimnazija.lt\/index.php?rest_route=\/wp\/v2\/pages\/2937\/revisions"}],"predecessor-version":[{"id":2941,"href":"https:\/\/graziskiugimnazija.lt\/index.php?rest_route=\/wp\/v2\/pages\/2937\/revisions\/2941"}],"wp:attachment":[{"href":"https:\/\/graziskiugimnazija.lt\/index.php?rest_route=%2Fwp%2Fv2%2Fmedia&parent=2937"}],"curies":[{"name":"wp","href":"https:\/\/api.w.org\/{rel}","templated":true}]}}