{"id":2912,"date":"2025-07-09T10:58:43","date_gmt":"2025-07-09T08:58:43","guid":{"rendered":"https:\/\/graziskiugimnazija.lt\/?page_id=2912"},"modified":"2025-07-09T11:42:16","modified_gmt":"2025-07-09T09:42:16","slug":"svetaines-medis","status":"publish","type":"page","link":"https:\/\/graziskiugimnazija.lt\/?page_id=2912","title":{"rendered":"SVETAIN\u0116S MEDIS"},"content":{"rendered":"\n<ul id=\"menu-pagrindinis_lt\" class=\"menu\"><li id=\"menu-item-2713\" class=\"menu-item menu-item-type-post_type menu-item-object-page menu-item-2713\"><a href=\"https:\/\/graziskiugimnazija.lt\/?page_id=2710\">VEIKLOS SRITYS<\/a><\/li>\n<li id=\"menu-item-42\" class=\"menu-item menu-item-type-post_type menu-item-object-page menu-item-has-children menu-item-42\"><a href=\"https:\/\/graziskiugimnazija.lt\/?page_id=36\">STRUKT\u016aRA IR KONTAKTAI<\/a>\n<ul class=\"sub-menu\">\n\t<li id=\"menu-item-41\" class=\"menu-item menu-item-type-post_type menu-item-object-page menu-item-41\"><a href=\"https:\/\/graziskiugimnazija.lt\/?page_id=38\">ORGANIZACIN\u0116 STRUKT\u016aRA<\/a><\/li>\n\t<li id=\"menu-item-30\" class=\"menu-item menu-item-type-post_type menu-item-object-page menu-item-30\"><a href=\"https:\/\/graziskiugimnazija.lt\/?page_id=26\">KONTAKTAI<\/a><\/li>\n\t<li id=\"menu-item-477\" class=\"menu-item menu-item-type-post_type menu-item-object-page menu-item-477\"><a href=\"https:\/\/graziskiugimnazija.lt\/?page_id=455\">ADMINISTRACIJA<\/a><\/li>\n\t<li id=\"menu-item-486\" class=\"menu-item menu-item-type-post_type menu-item-object-page menu-item-486\"><a href=\"https:\/\/graziskiugimnazija.lt\/?page_id=483\">SAVIVALDA<\/a><\/li>\n\t<li id=\"menu-item-482\" class=\"menu-item menu-item-type-post_type menu-item-object-page menu-item-482\"><a href=\"https:\/\/graziskiugimnazija.lt\/?page_id=478\">DARBUOTOJAI<\/a><\/li>\n\t<li id=\"menu-item-1222\" class=\"menu-item menu-item-type-post_type menu-item-object-page menu-item-1222\"><a href=\"https:\/\/graziskiugimnazija.lt\/?page_id=1200\">DARBO TARYBA<\/a><\/li>\n\t<li id=\"menu-item-493\" class=\"menu-item menu-item-type-custom menu-item-object-custom menu-item-493\"><a href=\"https:\/\/www.bartninkai.lm.lt\/\">BARTNINK\u0172 SKYRIUS<\/a><\/li>\n\t<li id=\"menu-item-501\" class=\"menu-item menu-item-type-post_type menu-item-object-page menu-item-501\"><a href=\"https:\/\/graziskiugimnazija.lt\/?page_id=495\">IKIMOKYKLINIS IR PRIE\u0160MOKYKLINIS UGDYMAS<\/a><\/li>\n<\/ul>\n<\/li>\n<li id=\"menu-item-54\" class=\"menu-item menu-item-type-post_type menu-item-object-page menu-item-has-children menu-item-54\"><a href=\"https:\/\/graziskiugimnazija.lt\/?page_id=43\">TEISIN\u0116 INFORMACIJA<\/a>\n<ul class=\"sub-menu\">\n\t<li id=\"menu-item-826\" class=\"menu-item menu-item-type-post_type menu-item-object-page menu-item-826\"><a href=\"https:\/\/graziskiugimnazija.lt\/?page_id=800\">TEIS\u0116S AKTAI<\/a><\/li>\n\t<li id=\"menu-item-2939\" class=\"menu-item menu-item-type-post_type menu-item-object-page menu-item-2939\"><a href=\"https:\/\/graziskiugimnazija.lt\/?page_id=2937\">TEIS\u0116S AKT\u0172 PA\u017dEIDIMAI<\/a><\/li>\n<\/ul>\n<\/li>\n<li id=\"menu-item-53\" class=\"menu-item menu-item-type-post_type menu-item-object-page menu-item-has-children menu-item-53\"><a href=\"https:\/\/graziskiugimnazija.lt\/?page_id=47\">ADMINISTRACIN\u0116 INFORMACIJA<\/a>\n<ul class=\"sub-menu\">\n\t<li id=\"menu-item-52\" class=\"menu-item menu-item-type-post_type menu-item-object-page menu-item-52\"><a href=\"https:\/\/graziskiugimnazija.lt\/?page_id=49\">NUOSTATAI<\/a><\/li>\n\t<li id=\"menu-item-155\" class=\"menu-item menu-item-type-post_type menu-item-object-page menu-item-has-children menu-item-155\"><a href=\"https:\/\/graziskiugimnazija.lt\/?page_id=133\">PLANAVIMO DOKUMENTAI<\/a>\n\t<ul class=\"sub-menu\">\n\t\t<li id=\"menu-item-189\" class=\"menu-item menu-item-type-post_type menu-item-object-page menu-item-189\"><a href=\"https:\/\/graziskiugimnazija.lt\/?page_id=175\">STRATEGINIS PLANAS<\/a><\/li>\n\t\t<li id=\"menu-item-187\" class=\"menu-item menu-item-type-post_type menu-item-object-page menu-item-187\"><a href=\"https:\/\/graziskiugimnazija.lt\/?page_id=179\">VEIKLOS PLANAS<\/a><\/li>\n\t\t<li id=\"menu-item-188\" class=\"menu-item menu-item-type-post_type menu-item-object-page menu-item-188\"><a href=\"https:\/\/graziskiugimnazija.lt\/?page_id=177\">UGDYMO PLANAI<\/a><\/li>\n\t\t<li id=\"menu-item-186\" class=\"menu-item menu-item-type-post_type menu-item-object-page menu-item-186\"><a href=\"https:\/\/graziskiugimnazija.lt\/?page_id=181\">M\u0116NESIO VEIKLOS PLANAI<\/a><\/li>\n\t\t<li id=\"menu-item-185\" class=\"menu-item menu-item-type-post_type menu-item-object-page menu-item-185\"><a href=\"https:\/\/graziskiugimnazija.lt\/?page_id=183\">TVARKARA\u0160\u010cIAI<\/a><\/li>\n\t\t<li id=\"menu-item-3736\" class=\"menu-item menu-item-type-post_type menu-item-object-page menu-item-3736\"><a href=\"https:\/\/graziskiugimnazija.lt\/?page_id=3734\">PAMOK\u0172 LAIKAS<\/a><\/li>\n\t<\/ul>\n<\/li>\n\t<li id=\"menu-item-172\" class=\"menu-item menu-item-type-post_type menu-item-object-page menu-item-172\"><a href=\"https:\/\/graziskiugimnazija.lt\/?page_id=167\">DARBO U\u017dMOKESTIS<\/a><\/li>\n\t<li id=\"menu-item-171\" class=\"menu-item menu-item-type-post_type menu-item-object-page menu-item-171\"><a href=\"https:\/\/graziskiugimnazija.lt\/?page_id=169\">VIE\u0160IEJI PIRKIMAI<\/a><\/li>\n\t<li id=\"menu-item-174\" class=\"menu-item menu-item-type-post_type menu-item-object-page menu-item-174\"><a href=\"https:\/\/graziskiugimnazija.lt\/?page_id=163\">BIUD\u017dETO VYKDYMO ATASKAIT\u0172 RINKINIAI<\/a><\/li>\n\t<li id=\"menu-item-162\" class=\"menu-item menu-item-type-post_type menu-item-object-page menu-item-162\"><a href=\"https:\/\/graziskiugimnazija.lt\/?page_id=157\">TARNYBINIAI LENGVIEJI AUTOMOBILIAI<\/a><\/li>\n\t<li id=\"menu-item-2709\" class=\"menu-item menu-item-type-post_type menu-item-object-page menu-item-2709\"><a href=\"https:\/\/graziskiugimnazija.lt\/?page_id=141\">L\u0116\u0160OS VEIKLAI VIE\u0160INTI<\/a><\/li>\n\t<li id=\"menu-item-173\" class=\"menu-item menu-item-type-post_type menu-item-object-page menu-item-173\"><a href=\"https:\/\/graziskiugimnazija.lt\/?page_id=165\">LAISVOS DARBO VIETOS<\/a><\/li>\n\t<li id=\"menu-item-2898\" class=\"menu-item menu-item-type-post_type menu-item-object-page menu-item-2898\"><a href=\"https:\/\/graziskiugimnazija.lt\/?page_id=2896\">KONSULTAVIMASIS SU VISUOMENE<\/a><\/li>\n\t<li id=\"menu-item-2911\" class=\"menu-item menu-item-type-post_type menu-item-object-page menu-item-2911\"><a href=\"https:\/\/graziskiugimnazija.lt\/?page_id=2908\">DA\u017dNIAUSIAI U\u017dDUODAMI KLAUSIMAI (DUK)<\/a><\/li>\n<\/ul>\n<\/li>\n<li id=\"menu-item-2721\" class=\"menu-item menu-item-type-post_type menu-item-object-page menu-item-2721\"><a href=\"https:\/\/graziskiugimnazija.lt\/?page_id=2719\">ATVIRI DUOMENYS<\/a><\/li>\n<li id=\"menu-item-150\" class=\"menu-item menu-item-type-post_type menu-item-object-page menu-item-150\"><a href=\"https:\/\/graziskiugimnazija.lt\/?page_id=145\">ASMENS DUOMEN\u0172 APSAUGA<\/a><\/li>\n<li id=\"menu-item-2724\" class=\"menu-item menu-item-type-post_type menu-item-object-page menu-item-2724\"><a href=\"https:\/\/graziskiugimnazija.lt\/?page_id=2722\">PRANE\u0160\u0116J\u0172 APSAUGA<\/a><\/li>\n<li id=\"menu-item-153\" class=\"menu-item menu-item-type-post_type menu-item-object-page menu-item-153\"><a href=\"https:\/\/graziskiugimnazija.lt\/?page_id=139\">KORUPCIJOS PREVENCIJA<\/a><\/li>\n<li id=\"menu-item-2930\" class=\"menu-item menu-item-type-post_type menu-item-object-page menu-item-2930\"><a href=\"https:\/\/graziskiugimnazija.lt\/?page_id=2912\" class=\"menu-image-title-hide menu-image-not-hovered\"><span class=\"menu-image-title-hide menu-image-title\">SVETAIN\u0116S MEDIS<\/span><span class=\"dashicons dashicons-networking hide-menu-image-icons\"><\/span><\/a><\/li>\n<li id=\"menu-item-31\" class=\"menu-item menu-item-type-custom menu-item-object-custom menu-item-31\"><a href=\"#pll_switcher\">Kalbos<\/a><\/li>\n<\/ul>\n","protected":false},"excerpt":{"rendered":"","protected":false},"author":1,"featured_media":0,"parent":0,"menu_order":0,"comment_status":"closed","ping_status":"closed","template":"","meta":{"om_disable_all_campaigns":false,"_monsterinsights_skip_tracking":false,"_monsterinsights_sitenote_active":false,"_monsterinsights_sitenote_note":"","_monsterinsights_sitenote_category":0,"ngg_post_thumbnail":0,"footnotes":""},"class_list":["post-2912","page","type-page","status-publish","hentry"],"_links":{"self":[{"href":"https:\/\/graziskiugimnazija.lt\/index.php?rest_route=\/wp\/v2\/pages\/2912","targetHints":{"allow":["GET"]}}],"collection":[{"href":"https:\/\/graziskiugimnazija.lt\/index.php?rest_route=\/wp\/v2\/pages"}],"about":[{"href":"https:\/\/graziskiugimnazija.lt\/index.php?rest_route=\/wp\/v2\/types\/page"}],"author":[{"embeddable":true,"href":"https:\/\/graziskiugimnazija.lt\/index.php?rest_route=\/wp\/v2\/users\/1"}],"replies":[{"embeddable":true,"href":"https:\/\/graziskiugimnazija.lt\/index.php?rest_route=%2Fwp%2Fv2%2Fcomments&post=2912"}],"version-history":[{"count":14,"href":"https:\/\/graziskiugimnazija.lt\/index.php?rest_route=\/wp\/v2\/pages\/2912\/revisions"}],"predecessor-version":[{"id":2928,"href":"https:\/\/graziskiugimnazija.lt\/index.php?rest_route=\/wp\/v2\/pages\/2912\/revisions\/2928"}],"wp:attachment":[{"href":"https:\/\/graziskiugimnazija.lt\/index.php?rest_route=%2Fwp%2Fv2%2Fmedia&parent=2912"}],"curies":[{"name":"wp","href":"https:\/\/api.w.org\/{rel}","templated":true}]}}