{"id":2722,"date":"2025-06-26T21:59:34","date_gmt":"2025-06-26T19:59:34","guid":{"rendered":"https:\/\/graziskiugimnazija.lt\/?page_id=2722"},"modified":"2025-07-14T10:20:29","modified_gmt":"2025-07-14T08:20:29","slug":"praneseju-apsauga","status":"publish","type":"page","link":"https:\/\/graziskiugimnazija.lt\/?page_id=2722","title":{"rendered":"PRANE\u0160\u0116J\u0172 APSAUGA"},"content":{"rendered":"\n<p>Lietuvos Respublikos prane\u0161\u0117j\u0173 apsaugos \u012fstatymas (toliau-\u012estatymas) \u012ftvirtina asmen\u0173, pateikusi\u0173 informacij\u0105 apie pa\u017eeidim\u0105 \u012fstaigoje, su kuria juos sieja ar siejo tarnybos ar darbo santykiai arba sutartiniai santykiai, apsaugos mechanizm\u0105. \u012estatymas taip pat nustato apie pa\u017eeidimus \u012fstaigose prane\u0161usi\u0173 asmen\u0173 teises ir pareigas, j\u0173 teisin\u0117s apsaugos pagrindus ir formas, taip pat \u0161i\u0173 asmen\u0173 apsaugos, skatinimo ir pagalbos jiems priemones, siekiant sudaryti tinkamas galimybes prane\u0161ti apie teis\u0117s pa\u017eeidimus, kelian\u010dius gr\u0117sm\u0119 vie\u0161ajam interesui arba j\u012f pa\u017eeid\u017eian\u010dius, u\u017etikrinti toki\u0173 pa\u017eeidim\u0173 prevencij\u0105 ir atskleidim\u0105.&nbsp;<\/p>\n\n\n\n<p><strong>Pagal \u0161\u012f \u012fstatym\u0105 informacija apie pa\u017eeidimus teikiama d\u0117l:<\/strong><\/p>\n\n\n\n<ul class=\"wp-block-list\">\n<li>pavojaus visuomen\u0117s saugumui ar sveikatai, asmens gyvybei ar sveikatai;<\/li>\n\n\n\n<li>pavojaus aplinkai;<\/li>\n\n\n\n<li>trukdymo arba neteis\u0117to poveikio teis\u0117saugos institucij\u0173 atliekamiems tyrimams ar teismams vykdant teisingum\u0105;<\/li>\n\n\n\n<li>neteis\u0117tos veiklos finansavimo;<\/li>\n\n\n\n<li>neteis\u0117to ar neskaidraus vie\u0161\u0173j\u0173 l\u0117\u0161\u0173 ar turto naudojimo;<\/li>\n\n\n\n<li>neteis\u0117tu b\u016bdu \u012fgyto turto;<\/li>\n\n\n\n<li>padaryto pa\u017eeidimo padarini\u0173 sl\u0117pimo, trukdymo nustatyti padarini\u0173 mast\u0105;<\/li>\n\n\n\n<li>kit\u0173 pa\u017eeidim\u0173.<\/li>\n<\/ul>\n\n\n\n<p><strong>Teis\u0117s aktais reglamentuojantys prane\u0161\u0117j\u0173 apsaug\u0105 ir vidinio apie pa\u017eeidimus teikimo kanalo suk\u016brim\u0105:<\/strong><\/p>\n\n\n\n<ul class=\"wp-block-list\">\n<li><a href=\"https:\/\/www.e-tar.lt\/portal\/lt\/legalAct\/2986b360db3611e7910a89ac20768b0f\" target=\"_blank\" rel=\"noreferrer noopener\">Lietuvos Respublikos prane\u0161\u0117j\u0173 apsaugos \u012fstatymas<\/a><\/li>\n\n\n\n<li><a href=\"https:\/\/www.e-tar.lt\/portal\/lt\/legalAct\/c5d99180ed8a11e88568e724760eeafa\" target=\"_blank\" rel=\"noreferrer noopener\">Lietuvos Respublikos Vyriausyb\u0117s nutarimas \u201eD\u0117l Lietuvos Respublikos prane\u0161\u0117j\u0173 apsaugos \u012fstatymo \u012fgyvendinimo\u201c<\/a><\/li>\n<\/ul>\n\n\n\n<hr class=\"wp-block-separator has-alpha-channel-opacity is-style-wide\"\/>\n\n\n\n<p class=\"has-small-font-size\"><em>Informacija atnaujinta: 2025-06-26<\/em><\/p>\n","protected":false},"excerpt":{"rendered":"<p>Lietuvos Respublikos prane\u0161\u0117j\u0173 apsaugos \u012fstatymas (toliau-\u012estatymas) \u012ftvirtina asmen\u0173, pateikusi\u0173 informacij\u0105 apie pa\u017eeidim\u0105 \u012fstaigoje, su kuria juos sieja ar siejo tarnybos ar darbo santykiai arba sutartiniai<a class=\"moretag\" href=\"https:\/\/graziskiugimnazija.lt\/?page_id=2722\"> [&#8230;] Skaityti<\/a><\/p>\n","protected":false},"author":1,"featured_media":0,"parent":0,"menu_order":0,"comment_status":"closed","ping_status":"closed","template":"","meta":{"om_disable_all_campaigns":false,"_monsterinsights_skip_tracking":false,"_monsterinsights_sitenote_active":false,"_monsterinsights_sitenote_note":"","_monsterinsights_sitenote_category":0,"ngg_post_thumbnail":0,"footnotes":""},"class_list":["post-2722","page","type-page","status-publish","hentry"],"_links":{"self":[{"href":"https:\/\/graziskiugimnazija.lt\/index.php?rest_route=\/wp\/v2\/pages\/2722","targetHints":{"allow":["GET"]}}],"collection":[{"href":"https:\/\/graziskiugimnazija.lt\/index.php?rest_route=\/wp\/v2\/pages"}],"about":[{"href":"https:\/\/graziskiugimnazija.lt\/index.php?rest_route=\/wp\/v2\/types\/page"}],"author":[{"embeddable":true,"href":"https:\/\/graziskiugimnazija.lt\/index.php?rest_route=\/wp\/v2\/users\/1"}],"replies":[{"embeddable":true,"href":"https:\/\/graziskiugimnazija.lt\/index.php?rest_route=%2Fwp%2Fv2%2Fcomments&post=2722"}],"version-history":[{"count":2,"href":"https:\/\/graziskiugimnazija.lt\/index.php?rest_route=\/wp\/v2\/pages\/2722\/revisions"}],"predecessor-version":[{"id":2981,"href":"https:\/\/graziskiugimnazija.lt\/index.php?rest_route=\/wp\/v2\/pages\/2722\/revisions\/2981"}],"wp:attachment":[{"href":"https:\/\/graziskiugimnazija.lt\/index.php?rest_route=%2Fwp%2Fv2%2Fmedia&parent=2722"}],"curies":[{"name":"wp","href":"https:\/\/api.w.org\/{rel}","templated":true}]}}