{"id":26,"date":"2023-10-24T10:31:32","date_gmt":"2023-10-24T08:31:32","guid":{"rendered":"https:\/\/graziskiugimnazija.lt\/?page_id=26"},"modified":"2025-10-21T20:27:25","modified_gmt":"2025-10-21T18:27:25","slug":"kontaktai","status":"publish","type":"page","link":"https:\/\/graziskiugimnazija.lt\/?page_id=26","title":{"rendered":"KONTAKTAI"},"content":{"rendered":"\n<h2 class=\"wp-block-heading\">GRA\u017dI\u0160KI\u0172 GIMNAZIJA<\/h2>\n\n\n\n<hr class=\"wp-block-separator has-alpha-channel-opacity is-style-wide\"\/>\n\n\n\n<p><strong>Identifikavimo kodas<\/strong>: 190486624<br>Duomenys kaupiami ir saugomi Juridini\u0173 asmen\u0173 registre<br><strong>Teisin\u0117 forma<\/strong>: Biud\u017eetin\u0117 \u012fstaiga<br><strong>Buvein\u0117s adresas:<\/strong> S\u016bduvos g. 21A, Gra\u017ei\u0161kiai, Gra\u017ei\u0161ki\u0173 sen., Vilkavi\u0161kio r. sav., , LT-70340<br><strong>El. pa\u0161tas:<\/strong>&nbsp;&nbsp;&nbsp;&nbsp;&nbsp;&nbsp;&nbsp;&nbsp;&nbsp; rastine@graziskiugimnazija.lt<br><strong>Tel. nr.<\/strong>: &nbsp;&nbsp;&nbsp;&nbsp;&nbsp;&nbsp;&nbsp;&nbsp;&nbsp;&nbsp;&nbsp;&nbsp; +370 342 43695<\/p>\n\n\n\n<hr class=\"wp-block-separator has-alpha-channel-opacity is-style-wide\"\/>\n\n\n\n<h2 class=\"wp-block-heading\">GRA\u017dI\u0160KI\u0172 GIMNAZIJOS BARTNINK\u0172 JONO BASANAVI\u010cIAUS SKYRIUS<\/h2>\n\n\n\n<p><strong>Buvein\u0117s adresas: <\/strong>J. Basanavi\u010diaus g. 5, Dalg\u0117n\u0173 k., Bartnink\u0173 sen., Vilkavi\u0161kio r. sav., LT-70327<br><strong>El. pa\u0161tas:&nbsp;<\/strong>&nbsp;&nbsp;&nbsp;&nbsp;&nbsp;&nbsp;&nbsp;&nbsp;rastine@graziskiugimnazija.lt<br><strong>Tel. nr.: <\/strong>&nbsp;&nbsp;&nbsp;&nbsp;&nbsp;&nbsp;&nbsp;&nbsp;&nbsp;&nbsp;&nbsp;&nbsp; +370 342 43 216<br><\/p>\n\n\n\n<hr class=\"wp-block-separator has-alpha-channel-opacity is-style-wide\"\/>\n\n\n\n<h2 class=\"wp-block-heading\">GRA\u017dI\u0160KI\u0172 GIMNAZIJOS IKIMOKYKLINIO UGDYMO GRUP\u0116<\/h2>\n\n\n\n<p><strong>Buvein\u0117s adresas:<\/strong> Liep\u0173 g. 6, Gra\u017ei\u0161kiai, Gra\u017ei\u0161ki\u0173 sen., Vilkavi\u0161kio r. sav., LT-70340<br><strong>El. pa\u0161tas<\/strong>:&nbsp;&nbsp;&nbsp;&nbsp;&nbsp;&nbsp;&nbsp;&nbsp;&nbsp; rastine@graziskiugimnazija.lt<br><strong>Tel. nr.:&nbsp;<\/strong>&nbsp;&nbsp;&nbsp;&nbsp;&nbsp;&nbsp;&nbsp;&nbsp;&nbsp;&nbsp;&nbsp;&nbsp; +370 342 43695<\/p>\n\n\n\n<hr class=\"wp-block-separator has-alpha-channel-opacity is-style-wide\"\/>\n\n\n\n<h2 class=\"wp-block-heading\">KONTAKTAI<\/h2>\n\n\n\n<figure class=\"wp-block-table is-style-stripes has-small-font-size\"><table><tbody><tr><td><strong>Pareigos<\/strong><\/td><td><strong>Vardas pavard\u0117<\/strong><\/td><td><strong>Telefono numeris<\/strong><\/td><td><strong>Elektroninis pa\u0161tas<\/strong><\/td><\/tr><tr><td>Direktor\u0117<\/td><td>Egl\u0117 Kociuvien\u0117<\/td><td>+370 342 43695 <br>+370 671 68919<\/td><td>direktore@graziskiugimnazija.lt<\/td><\/tr><tr><td>Ra\u0161tin\u0117s ved\u0117ja<\/td><td>Violeta Navickien\u0117<\/td><td>+370 342 43695<\/td><td>rastine@graziskiugimnazija.lt<\/td><\/tr><tr><td>Direktoriaus pavaduotoja ugdymui<\/td><td>Dalia Aleksien\u0117<\/td><td>+370 650 02035<\/td><td>dalia.aleksiene@graziskiugimnazija.lt<\/td><\/tr><tr><td>Direktoriaus pavaduotoja ugdymui<\/td><td>Birut\u0117 Kirnien\u0117<\/td><td>+370 689 14589<\/td><td>birute.kirniene@graziskiugimnazija.lt<\/td><\/tr><tr><td>Direktoriaus pavaduotojas \u016bkiui<\/td><td>Nerijus Gra\u017eulis<\/td><td>+370 620 60322<\/td><td>ukvedys@graziskiugimnazija.lt<\/td><\/tr><tr><td>Vyr. finansinink\u0117<\/td><td>Virginija Brazaitien\u0117<\/td><td>+370 342 43680<\/td><td>buhalterija@graziskiugimnazija.lt<\/td><\/tr><tr><td>\u016akvedys (Bartnink\u0173 skyriuje)<\/td><td>Jonas Striokas<\/td><td>+370 342 43216<\/td><td>jonas.striokas@gmail.com<\/td><\/tr><\/tbody><\/table><\/figure>\n\n\n\n<figure class=\"wp-block-table is-style-stripes\"><table><tbody><tr><td><strong>Pareigos<\/strong><\/td><td><strong>Vardas pavard\u0117<\/strong><\/td><td><strong>Telefono numeris<\/strong>, <strong>elektroninis pa\u0161tas<\/strong><\/td><\/tr><tr><td>Bibliotekinink\u0117<\/td><td>Kristina Tup\u010diauskien\u0117<\/td><td>biblioteka@graziskiugimnazija.lt<\/td><\/tr><tr><td>Socialin\u0117s pedagog\u0117s<\/td><td>Romena Balsien\u0117<br><br>Raimonda Ba\u010dinskien\u0117<\/td><td>+370 671 68986<br>romena.balsiene@graziskiugimnazija.lt<br><br>raibac@bendrasisugdymas.lt<\/td><\/tr><tr><td>Logoped\u0117s, specialiosios pedagog\u0117s<\/td><td>Vilma Valavi\u010dien\u0117<br><br><br>Vaida Onusaitien\u0117<\/td><td>+370 671 68891<br>vilma.valaviciene@graziskiugimnazija.lt<br><br>vaida.onusaitiene@graziskiugimnazija.lt<\/td><\/tr><tr><td>Psicholog\u0117<\/td><td>Jolanta Skinkien\u0117<\/td><td>+370 342 43695<br>&nbsp;psichologas@graziskiugimnazija.lt<\/td><\/tr><tr><td>Psichologo asistent\u0117<\/td><td>Leokadija Balsien\u0117<\/td><td>+370 687 27577<br>leobal@bendrasisugdymas.lt<\/td><\/tr><tr><td>Valgyklos ved\u0117ja<\/td><td>Daiva Jankauskien\u0117<\/td><td>+370 671 76980<br>valgykla@graziskiugimnazija.lt<\/td><\/tr><\/tbody><\/table><\/figure>\n\n\n\n<p><strong>Mokytoj\u0173 elektronini\u0173 pa\u0161t\u0173 sudarymo tvarka:<\/strong> vardas.pavard\u0117@graziskiugimnazija.lt<\/p>\n\n\n\n<p class=\"has-small-font-size\"><em>Informacija atnaujinta: 2025-10-21<\/em><\/p>\n\n\n\n<p><\/p>\n","protected":false},"excerpt":{"rendered":"<p>GRA\u017dI\u0160KI\u0172 GIMNAZIJA Identifikavimo kodas: 190486624Duomenys kaupiami ir saugomi Juridini\u0173 asmen\u0173 registreTeisin\u0117 forma: Biud\u017eetin\u0117 \u012fstaigaBuvein\u0117s adresas: S\u016bduvos g. 21A, Gra\u017ei\u0161kiai, Gra\u017ei\u0161ki\u0173 sen., Vilkavi\u0161kio r. sav., ,<a class=\"moretag\" href=\"https:\/\/graziskiugimnazija.lt\/?page_id=26\"> [&#8230;] Skaityti<\/a><\/p>\n","protected":false},"author":1,"featured_media":0,"parent":0,"menu_order":0,"comment_status":"closed","ping_status":"closed","template":"","meta":{"om_disable_all_campaigns":false,"_monsterinsights_skip_tracking":false,"_monsterinsights_sitenote_active":false,"_monsterinsights_sitenote_note":"","_monsterinsights_sitenote_category":0,"ngg_post_thumbnail":0,"footnotes":""},"class_list":["post-26","page","type-page","status-publish","hentry"],"_links":{"self":[{"href":"https:\/\/graziskiugimnazija.lt\/index.php?rest_route=\/wp\/v2\/pages\/26","targetHints":{"allow":["GET"]}}],"collection":[{"href":"https:\/\/graziskiugimnazija.lt\/index.php?rest_route=\/wp\/v2\/pages"}],"about":[{"href":"https:\/\/graziskiugimnazija.lt\/index.php?rest_route=\/wp\/v2\/types\/page"}],"author":[{"embeddable":true,"href":"https:\/\/graziskiugimnazija.lt\/index.php?rest_route=\/wp\/v2\/users\/1"}],"replies":[{"embeddable":true,"href":"https:\/\/graziskiugimnazija.lt\/index.php?rest_route=%2Fwp%2Fv2%2Fcomments&post=26"}],"version-history":[{"count":44,"href":"https:\/\/graziskiugimnazija.lt\/index.php?rest_route=\/wp\/v2\/pages\/26\/revisions"}],"predecessor-version":[{"id":3270,"href":"https:\/\/graziskiugimnazija.lt\/index.php?rest_route=\/wp\/v2\/pages\/26\/revisions\/3270"}],"wp:attachment":[{"href":"https:\/\/graziskiugimnazija.lt\/index.php?rest_route=%2Fwp%2Fv2%2Fmedia&parent=26"}],"curies":[{"name":"wp","href":"https:\/\/api.w.org\/{rel}","templated":true}]}}