{"id":203,"date":"2023-12-04T22:45:06","date_gmt":"2023-12-04T20:45:06","guid":{"rendered":"https:\/\/graziskiugimnazija.lt\/?page_id=203"},"modified":"2025-11-18T12:38:51","modified_gmt":"2025-11-18T10:38:51","slug":"pailgintos-darbo-dienos-grupe","status":"publish","type":"page","link":"https:\/\/graziskiugimnazija.lt\/?page_id=203","title":{"rendered":"PAILGINTO MOKYMOSI DIENOS GRUP\u0116"},"content":{"rendered":"\n<hr class=\"wp-block-separator has-alpha-channel-opacity is-style-wide\"\/>\n\n\n\n<h2 class=\"wp-block-heading\">2025-2026 m. m.<\/h2>\n\n\n\n<div class=\"wp-block-file\"><a id=\"wp-block-file--media-df6eaec7-8b1a-4d18-9424-2632411ec25a\" href=\"https:\/\/graziskiugimnazija.lt\/wp-content\/uploads\/2025\/11\/Pailgintos-mokymosi-dienos-grupes-veiklos-organizavimo-tvarkos-aprasas1.pdf\" target=\"_blank\" rel=\"noreferrer noopener\">Pailgintos mokymosi dienos grup\u0117s veiklos organizavimo tvarkos apra\u0161as 2025-2026 m. m.<\/a><\/div>\n\n\n\n<div class=\"wp-block-file\"><a id=\"wp-block-file--media-580563ce-dd4d-477d-aca4-ff68d613cef0\" href=\"https:\/\/graziskiugimnazija.lt\/wp-content\/uploads\/2025\/11\/Graziskiu-gimnazijos-pailgintos-mokymosi-dienos-grupes-veiklos-planas-2025\u20132026-m.-m.pdf\" target=\"_blank\" rel=\"noreferrer noopener\">Gra\u017ei\u0161ki\u0173 gimnazijos pailgintos mokymosi dienos grup\u0117s veiklos planas 2025\u20132026 m. m.<\/a><\/div>\n\n\n\n<div class=\"wp-block-file\"><a id=\"wp-block-file--media-70593ec7-60dc-4462-8486-12f095be113f\" href=\"https:\/\/graziskiugimnazija.lt\/wp-content\/uploads\/2025\/11\/Bartninku-skyriaus-pailgintos-mokymosi-dienos-grupes-veiklos-planas-2025\u20132026-m.-m.pdf\" target=\"_blank\" rel=\"noreferrer noopener\">Bartnink\u0173 skyriaus pailgintos mokymosi dienos grup\u0117s veiklos planas 2025\u20132026 m. m.<\/a><\/div>\n\n\n\n<hr class=\"wp-block-separator has-alpha-channel-opacity is-style-wide\"\/>\n\n\n\n<h2 class=\"wp-block-heading\">2024-2025 m. m.<\/h2>\n\n\n\n<div class=\"wp-block-file\"><a id=\"wp-block-file--media-2ddc144c-7087-4498-be53-85eaf2bb9781\" href=\"https:\/\/graziskiugimnazija.lt\/wp-content\/uploads\/2025\/06\/Graziskiu-gimnazijos-pailgintos-mokymosi-dienos-grupes-tvarkos-aprasas-2024-2025-m.-m.pdf\" target=\"_blank\" rel=\"noreferrer noopener\">Gra\u017ei\u0161ki\u0173 gimnazijos pailgintos mokymosi dienos grup\u0117s tvarkos apra\u0161as 2024-2025 m. m.<\/a><\/div>\n\n\n\n<div class=\"wp-block-file\"><a id=\"wp-block-file--media-2923d953-624d-4883-8ca3-76c4e0263799\" href=\"https:\/\/graziskiugimnazija.lt\/wp-content\/uploads\/2025\/06\/Graziskiu-gimnazijos-pailgintos-mokymosi-grupes-veiklos-planas-2024-2025.pdf\" target=\"_blank\" rel=\"noreferrer noopener\">Gra\u017ei\u0161ki\u0173 gimnazijos pailgintos mokymosi grup\u0117s veiklos planas 2024-2025<\/a><\/div>\n\n\n\n<div class=\"wp-block-file\"><a id=\"wp-block-file--media-b2efd5c7-a768-4acb-9329-1a539b0b0aaa\" href=\"https:\/\/graziskiugimnazija.lt\/wp-content\/uploads\/2025\/06\/Graziskiu-gimnazijos-Bartninku-Jono-Basanaviciaus-skyriaus-pailgintos-mokymosi-dienos-grupes-veiklos-planas-2024-2025-m.m.pdf\" target=\"_blank\" rel=\"noreferrer noopener\">Gra\u017ei\u0161ki\u0173 gimnazijos Bartnink\u0173 Jono Basanavi\u010diaus skyriaus pailgintos mokymosi dienos grup\u0117s veiklos planas 2024-2025 m.m.<\/a><\/div>\n\n\n\n<hr class=\"wp-block-separator has-alpha-channel-opacity is-style-wide\"\/>\n\n\n\n<p class=\"has-small-font-size\"><em>Informacija atnaujinta: 2025-11-18<\/em><\/p>\n\n\n\n<p><\/p>\n","protected":false},"excerpt":{"rendered":"<p>2025-2026 m. m. 2024-2025 m. m. Informacija atnaujinta: 2025-11-18<\/p>\n","protected":false},"author":1,"featured_media":0,"parent":0,"menu_order":0,"comment_status":"closed","ping_status":"closed","template":"","meta":{"om_disable_all_campaigns":false,"_monsterinsights_skip_tracking":false,"_monsterinsights_sitenote_active":false,"_monsterinsights_sitenote_note":"","_monsterinsights_sitenote_category":0,"ngg_post_thumbnail":0,"footnotes":""},"class_list":["post-203","page","type-page","status-publish","hentry"],"_links":{"self":[{"href":"https:\/\/graziskiugimnazija.lt\/index.php?rest_route=\/wp\/v2\/pages\/203","targetHints":{"allow":["GET"]}}],"collection":[{"href":"https:\/\/graziskiugimnazija.lt\/index.php?rest_route=\/wp\/v2\/pages"}],"about":[{"href":"https:\/\/graziskiugimnazija.lt\/index.php?rest_route=\/wp\/v2\/types\/page"}],"author":[{"embeddable":true,"href":"https:\/\/graziskiugimnazija.lt\/index.php?rest_route=\/wp\/v2\/users\/1"}],"replies":[{"embeddable":true,"href":"https:\/\/graziskiugimnazija.lt\/index.php?rest_route=%2Fwp%2Fv2%2Fcomments&post=203"}],"version-history":[{"count":6,"href":"https:\/\/graziskiugimnazija.lt\/index.php?rest_route=\/wp\/v2\/pages\/203\/revisions"}],"predecessor-version":[{"id":3376,"href":"https:\/\/graziskiugimnazija.lt\/index.php?rest_route=\/wp\/v2\/pages\/203\/revisions\/3376"}],"wp:attachment":[{"href":"https:\/\/graziskiugimnazija.lt\/index.php?rest_route=%2Fwp%2Fv2%2Fmedia&parent=203"}],"curies":[{"name":"wp","href":"https:\/\/api.w.org\/{rel}","templated":true}]}}