{"id":201,"date":"2023-12-04T22:44:41","date_gmt":"2023-12-04T20:44:41","guid":{"rendered":"https:\/\/graziskiugimnazija.lt\/?page_id=201"},"modified":"2025-09-11T12:39:29","modified_gmt":"2025-09-11T10:39:29","slug":"maitinimas","status":"publish","type":"page","link":"https:\/\/graziskiugimnazija.lt\/?page_id=201","title":{"rendered":"MAITINIMAS"},"content":{"rendered":"\n<div class=\"wp-block-file\"><a id=\"wp-block-file--media-df67060c-c76e-4736-a0a8-ace73b66201c\" href=\"https:\/\/graziskiugimnazija.lt\/wp-content\/uploads\/2024\/01\/MOKINIU-NEMOKAMO-MAITINIMO-ORGANIZAVIMO-VILKAVISKIO-R.-GRAZISKIU-GIMNAZIJOJE-TVARKOS-APRASAS-1.pdf\"><strong>Mokini\u0173 nemokamo maitinimo organizavimo Vilkavi\u0161kio r. Gra\u017ei\u0161ki\u0173 gimnazijoje tvarkos apra\u0161as<\/strong><\/a><\/div>\n\n\n\n<hr class=\"wp-block-separator has-alpha-channel-opacity is-style-wide\"\/>\n\n\n\n<h2 class=\"wp-block-heading\">VALGIARA\u0160\u010cIAI<\/h2>\n\n\n\n<div class=\"wp-block-file\"><a id=\"wp-block-file--media-ec9e08e5-9836-47f4-9f61-f0f45910ab96\" href=\"https:\/\/graziskiugimnazija.lt\/wp-content\/uploads\/2025\/09\/1-3-m.-15-dienu-valgiarastis-2025-m.pdf\" target=\"_blank\" rel=\"noreferrer noopener\">1-3 met\u0173 mokini\u0173 15 dien\u0173 valgiara\u0161tis 2025 m.<\/a><\/div>\n\n\n\n<div class=\"wp-block-file\"><a id=\"wp-block-file--media-ff498458-1d0f-4627-9046-79ee64e57770\" href=\"https:\/\/graziskiugimnazija.lt\/wp-content\/uploads\/2025\/09\/4-7m.-15-dienu-valgiarastis-2025-m.pdf\" target=\"_blank\" rel=\"noreferrer noopener\">4-7met\u0173 mokini\u0173 15 dien\u0173 valgiara\u0161tis 2025 m.<\/a><\/div>\n\n\n\n<div class=\"wp-block-file\"><a id=\"wp-block-file--media-7500369c-ddab-4677-a601-3c88850655de\" href=\"https:\/\/graziskiugimnazija.lt\/wp-content\/uploads\/2025\/09\/6-10-m.-15-dienu-valgiarastis-2025.pdf\" target=\"_blank\" rel=\"noreferrer noopener\">6-10 met\u0173 mokini\u0173 15 dien\u0173 valgiara\u0161tis 2025<\/a><\/div>\n\n\n\n<div class=\"wp-block-file\"><a id=\"wp-block-file--media-633d67ec-147b-4131-ba23-7d2bc0f25f62\" href=\"https:\/\/graziskiugimnazija.lt\/wp-content\/uploads\/2025\/09\/11-m.-ir-vyresniu-15-dienu-valgiarastis-2025.pdf\" target=\"_blank\" rel=\"noreferrer noopener\">11 met\u0173 mokini\u0173 ir vyresni\u0173 15 dien\u0173 valgiara\u0161tis 2025<\/a><\/div>\n\n\n\n<h2 class=\"wp-block-heading\">U\u017dKAND\u017dI\u0172 ASORTIMENTAS GIMNAZIJOS VALGYKLOJE<\/h2>\n\n\n\n<hr class=\"wp-block-separator has-alpha-channel-opacity is-style-wide\"\/>\n\n\n\n<div class=\"wp-block-file\"><a id=\"wp-block-file--media-b9dc960a-955a-49ab-a524-2fad89347a82\" href=\"https:\/\/graziskiugimnazija.lt\/wp-content\/uploads\/2025\/09\/Uzkandziu-asortimentas.pdf\" target=\"_blank\" rel=\"noreferrer noopener\">U\u017ekand\u017ei\u0173 asortimentas 2025<\/a><\/div>\n\n\n\n<div class=\"wp-block-file\"><a id=\"wp-block-file--media-b280e189-3ac0-467d-83e5-67281576b33f\" href=\"https:\/\/graziskiugimnazija.lt\/wp-content\/uploads\/2025\/09\/Bandele-SRAIGE-su-karameles-idaru.pdf\" target=\"_blank\" rel=\"noreferrer noopener\">Bandel\u0117 SRAIG\u0116 su karamel\u0117s \u012fdaru<\/a><\/div>\n\n\n\n<div class=\"wp-block-file\"><a id=\"wp-block-file--media-1a2656eb-0497-429d-82e7-606b72998a43\" href=\"https:\/\/graziskiugimnazija.lt\/wp-content\/uploads\/2025\/09\/Marmurinis-keksiukas-YOUR-CHOICE.pdf\" target=\"_blank\" rel=\"noreferrer noopener\">Marmurinis keksiukas YOUR CHOICE<\/a><\/div>\n\n\n\n<div class=\"wp-block-file\"><a id=\"wp-block-file--media-f12ac6e1-e563-442b-ba01-cb007ba35a34\" href=\"https:\/\/graziskiugimnazija.lt\/wp-content\/uploads\/2025\/09\/Saldi-bandele-Eglute-su-varskes-idaru.pdf\" target=\"_blank\" rel=\"noreferrer noopener\">Saldi bandel\u0117 Eglut\u0117 su varsk\u0117s \u012fdaru<\/a><\/div>\n\n\n\n<div class=\"wp-block-file\"><a id=\"wp-block-file--media-d727df2a-7b5c-4dd9-887b-5e4ffe1a22f3\" href=\"https:\/\/graziskiugimnazija.lt\/wp-content\/uploads\/2025\/09\/Bandele-POPPYBON.pdf\" target=\"_blank\" rel=\"noreferrer noopener\">Bandel\u0117 POPPYBON<\/a><\/div>\n\n\n\n<div class=\"wp-block-file\"><a id=\"wp-block-file--media-74726ed1-f6cb-4d0f-beb1-d2ff0abe8d52\" href=\"https:\/\/graziskiugimnazija.lt\/wp-content\/uploads\/2025\/09\/Grietinietis.pdf\" target=\"_blank\" rel=\"noreferrer noopener\">Grietinietis<\/a><\/div>\n\n\n\n<div class=\"wp-block-file\"><a id=\"wp-block-file--media-11b20a0f-5923-404d-9057-dfe9e55bb92b\" href=\"https:\/\/graziskiugimnazija.lt\/wp-content\/uploads\/2025\/09\/Kruasanas-CHOICE-su-karamele-ir-riesutais.pdf\" target=\"_blank\" rel=\"noreferrer noopener\">Kruasanas CHOICE su karamele ir rie\u0161utais<\/a><\/div>\n\n\n\n<div class=\"wp-block-file\"><a id=\"wp-block-file--media-23537c0f-17d7-4dd4-a854-3ac978847eaf\" href=\"https:\/\/graziskiugimnazija.lt\/wp-content\/uploads\/2025\/09\/Mieline-bandele-su-cinamonu.pdf\" target=\"_blank\" rel=\"noreferrer noopener\">Mieline bandel\u0117 su cinamonu<\/a><\/div>\n\n\n\n<div class=\"wp-block-file\"><a id=\"wp-block-file--media-16e5ab69-3f63-4d1b-9db8-b529d1dbc6f0\" href=\"https:\/\/graziskiugimnazija.lt\/wp-content\/uploads\/2025\/09\/Pyragelis-CHOICE-su-vysniu-idaru.pdf\" target=\"_blank\" rel=\"noreferrer noopener\">Pyrag\u0117lis CHOICE su vy\u0161ni\u0173 \u012fdaru<\/a><\/div>\n\n\n\n<div class=\"wp-block-file\"><a id=\"wp-block-file--media-488ca81c-b999-4867-bed1-dda4aac59bb0\" href=\"https:\/\/graziskiugimnazija.lt\/wp-content\/uploads\/2025\/09\/Pyragelis-Lankelis-su-bananu-skonio-idaru.pdf\" target=\"_blank\" rel=\"noreferrer noopener\">Pyrag\u0117lis Lankelis su banan\u0173 skonio \u012fdaru<\/a><\/div>\n\n\n\n<div class=\"wp-block-file\"><a id=\"wp-block-file--media-31450c90-1d0d-4536-a919-138e0bc2a295\" href=\"https:\/\/graziskiugimnazija.lt\/wp-content\/uploads\/2025\/09\/Pyragelis-Marcipaninis-sukutis.pdf\" target=\"_blank\" rel=\"noreferrer noopener\">Pyrag\u0117lis Marcipaninis sukutis<\/a><\/div>\n\n\n\n<div class=\"wp-block-file\"><a id=\"wp-block-file--media-429e32fb-a8f0-4ba8-9d8c-fe51d0231e6f\" href=\"https:\/\/graziskiugimnazija.lt\/wp-content\/uploads\/2025\/09\/Pyragelis-su-Ricotta-surio-idaru.pdf\" target=\"_blank\" rel=\"noreferrer noopener\">Pyragelis su Ricotta surio idaru<\/a><\/div>\n\n\n\n<hr class=\"wp-block-separator has-alpha-channel-opacity is-style-wide\"\/>\n\n\n\n<p class=\"has-small-font-size\"><em>Informacija atnaujinta: 202<\/em>5-09-10<\/p>\n\n\n\n<p><\/p>\n","protected":false},"excerpt":{"rendered":"<p>VALGIARA\u0160\u010cIAI U\u017dKAND\u017dI\u0172 ASORTIMENTAS GIMNAZIJOS VALGYKLOJE Informacija atnaujinta: 2025-09-10<\/p>\n","protected":false},"author":1,"featured_media":0,"parent":0,"menu_order":0,"comment_status":"closed","ping_status":"closed","template":"","meta":{"om_disable_all_campaigns":false,"_monsterinsights_skip_tracking":false,"_monsterinsights_sitenote_active":false,"_monsterinsights_sitenote_note":"","_monsterinsights_sitenote_category":0,"ngg_post_thumbnail":0,"footnotes":""},"class_list":["post-201","page","type-page","status-publish","hentry"],"_links":{"self":[{"href":"https:\/\/graziskiugimnazija.lt\/index.php?rest_route=\/wp\/v2\/pages\/201","targetHints":{"allow":["GET"]}}],"collection":[{"href":"https:\/\/graziskiugimnazija.lt\/index.php?rest_route=\/wp\/v2\/pages"}],"about":[{"href":"https:\/\/graziskiugimnazija.lt\/index.php?rest_route=\/wp\/v2\/types\/page"}],"author":[{"embeddable":true,"href":"https:\/\/graziskiugimnazija.lt\/index.php?rest_route=\/wp\/v2\/users\/1"}],"replies":[{"embeddable":true,"href":"https:\/\/graziskiugimnazija.lt\/index.php?rest_route=%2Fwp%2Fv2%2Fcomments&post=201"}],"version-history":[{"count":13,"href":"https:\/\/graziskiugimnazija.lt\/index.php?rest_route=\/wp\/v2\/pages\/201\/revisions"}],"predecessor-version":[{"id":3086,"href":"https:\/\/graziskiugimnazija.lt\/index.php?rest_route=\/wp\/v2\/pages\/201\/revisions\/3086"}],"wp:attachment":[{"href":"https:\/\/graziskiugimnazija.lt\/index.php?rest_route=%2Fwp%2Fv2%2Fmedia&parent=201"}],"curies":[{"name":"wp","href":"https:\/\/api.w.org\/{rel}","templated":true}]}}