{"id":199,"date":"2023-12-04T22:44:26","date_gmt":"2023-12-04T20:44:26","guid":{"rendered":"https:\/\/graziskiugimnazija.lt\/?page_id=199"},"modified":"2025-11-20T13:25:56","modified_gmt":"2025-11-20T11:25:56","slug":"pavezejimas","status":"publish","type":"page","link":"https:\/\/graziskiugimnazija.lt\/?page_id=199","title":{"rendered":"PAV\u0116\u017d\u0116JIMAS"},"content":{"rendered":"\n<div class=\"wp-block-file\"><a id=\"wp-block-file--media-3cc8ddc5-3bdd-48b2-bff0-ce2a6d6571c3\" href=\"https:\/\/graziskiugimnazija.lt\/wp-content\/uploads\/2025\/10\/Mokiniu-vezimo-mokykliniais-autobusais-tvarkos-aprasas.pdf\" target=\"_blank\" rel=\"noreferrer noopener\"><strong>Mokini\u0173 ve\u017eimo mokykliniais autobusais tvarkos apra\u0161as<\/strong><\/a><\/div>\n\n\n\n<div class=\"wp-block-file\"><a id=\"wp-block-file--media-849300c4-38a1-41a6-8743-c78d66a90084\" href=\"https:\/\/graziskiugimnazija.lt\/wp-content\/uploads\/2025\/11\/Vilkaviskio-r.-Graziskiu-gimnazijos-mokiniu-vezimo-marsrutai-2025-2026.pdf\" target=\"_blank\" rel=\"noreferrer noopener\"><strong>Vilkavi\u0161kio r. Gra\u017ei\u0161ki\u0173 gimnazijos mokini\u0173 ve\u017eimo mar\u0161rutai 2025-2026 m. m.<\/strong> <\/a><\/div>\n\n\n\n<hr class=\"wp-block-separator has-alpha-channel-opacity is-style-wide\"\/>\n\n\n\n<h6 class=\"wp-block-heading\">ARCHYVAS<\/h6>\n\n\n\n<div class=\"wp-block-file\"><a id=\"wp-block-file--media-93b00f80-eedc-4f1d-9a06-fd0c660eb795\" href=\"https:\/\/graziskiugimnazija.lt\/wp-content\/uploads\/2024\/09\/VILKAVISKIO-R.-GRAZISKIU-GIMNAZIJOS-MOKINIU-VEZIMO-MARSRUTAI-2024-2025-m.m.pdf\" target=\"_blank\" rel=\"noreferrer noopener\">Vilkavi\u0161kio r. Gra\u017ei\u0161ki\u0173 gimnazijos mokini\u0173 ve\u017eimo mar\u0161rutai 2024-2025 m.m.<\/a><\/div>\n\n\n\n<div class=\"wp-block-file\"><a id=\"wp-block-file--media-89749bd9-73ee-44b4-a50d-740d66d5df0e\" href=\"https:\/\/graziskiugimnazija.lt\/wp-content\/uploads\/2024\/01\/Mokiniu-vezimo-marsrutai-2023.pdf\">Vilkavi\u0161kio r. Gra\u017ei\u0161ki\u0173 gimnazijos mokini\u0173 ve\u017eimo mar\u0161rutai 2023\u20132024 m. m.<\/a><\/div>\n\n\n\n<div class=\"wp-block-file\"><a id=\"wp-block-file--media-9244a9ea-5d23-48da-8ed9-ac29325021ef\" href=\"https:\/\/graziskiugimnazija.lt\/wp-content\/uploads\/2024\/01\/Pavezejimas.pdf\">Vilkavi\u0161kio r. Gra\u017ei\u0161ki\u0173 gimnazijos mokini\u0173 ve\u017eimo mar\u0161rutai 2022\u20132023 m. m.<\/a><\/div>\n\n\n\n<hr class=\"wp-block-separator has-alpha-channel-opacity is-style-wide\"\/>\n\n\n\n<p class=\"has-small-font-size\"><em>Informacija atnaujinta: 2025-11-20<\/em><\/p>\n\n\n\n<p><\/p>\n","protected":false},"excerpt":{"rendered":"<p>ARCHYVAS Informacija atnaujinta: 2025-11-20<\/p>\n","protected":false},"author":1,"featured_media":0,"parent":0,"menu_order":0,"comment_status":"closed","ping_status":"closed","template":"","meta":{"om_disable_all_campaigns":false,"_monsterinsights_skip_tracking":false,"_monsterinsights_sitenote_active":false,"_monsterinsights_sitenote_note":"","_monsterinsights_sitenote_category":0,"ngg_post_thumbnail":0,"footnotes":""},"class_list":["post-199","page","type-page","status-publish","hentry"],"_links":{"self":[{"href":"https:\/\/graziskiugimnazija.lt\/index.php?rest_route=\/wp\/v2\/pages\/199","targetHints":{"allow":["GET"]}}],"collection":[{"href":"https:\/\/graziskiugimnazija.lt\/index.php?rest_route=\/wp\/v2\/pages"}],"about":[{"href":"https:\/\/graziskiugimnazija.lt\/index.php?rest_route=\/wp\/v2\/types\/page"}],"author":[{"embeddable":true,"href":"https:\/\/graziskiugimnazija.lt\/index.php?rest_route=\/wp\/v2\/users\/1"}],"replies":[{"embeddable":true,"href":"https:\/\/graziskiugimnazija.lt\/index.php?rest_route=%2Fwp%2Fv2%2Fcomments&post=199"}],"version-history":[{"count":10,"href":"https:\/\/graziskiugimnazija.lt\/index.php?rest_route=\/wp\/v2\/pages\/199\/revisions"}],"predecessor-version":[{"id":3387,"href":"https:\/\/graziskiugimnazija.lt\/index.php?rest_route=\/wp\/v2\/pages\/199\/revisions\/3387"}],"wp:attachment":[{"href":"https:\/\/graziskiugimnazija.lt\/index.php?rest_route=%2Fwp%2Fv2%2Fmedia&parent=199"}],"curies":[{"name":"wp","href":"https:\/\/api.w.org\/{rel}","templated":true}]}}