{"id":195,"date":"2023-12-04T22:43:05","date_gmt":"2023-12-04T20:43:05","guid":{"rendered":"https:\/\/graziskiugimnazija.lt\/?page_id=195"},"modified":"2025-11-18T12:40:49","modified_gmt":"2025-11-18T10:40:49","slug":"vaiko-geroves-komisija","status":"publish","type":"page","link":"https:\/\/graziskiugimnazija.lt\/?page_id=195","title":{"rendered":"VAIKO GEROV\u0116S KOMISIJA"},"content":{"rendered":"\n<hr class=\"wp-block-separator has-alpha-channel-opacity is-style-wide\"\/>\n\n\n\n<div class=\"wp-block-columns is-layout-flex wp-container-core-columns-is-layout-9d6595d7 wp-block-columns-is-layout-flex\">\n<div class=\"wp-block-column is-layout-flow wp-block-column-is-layout-flow\" style=\"flex-basis:100%\">\n<div class=\"wp-block-file\"><a id=\"wp-block-file--media-76fb3131-5eb6-4968-8686-6d380ca61d0e\" href=\"https:\/\/graziskiugimnazija.lt\/wp-content\/uploads\/2025\/11\/VGK-veiklos-planas-2025-2026-m.-m.pdf\" target=\"_blank\" rel=\"noreferrer noopener\"><strong>Vaiko gerov\u0117s komisijos  2025-2026 m. m. <strong>veiklos planas<\/strong><\/strong><\/a><\/div>\n\n\n\n<div class=\"wp-block-file\"><a id=\"wp-block-file--media-88be2c70-126f-4bb3-94dc-37a75dc5fe3a\" href=\"https:\/\/graziskiugimnazija.lt\/wp-content\/uploads\/2025\/06\/Vaiko-geroves-komisijos-2024-2025-m.-m.-veiklos-planas.pdf\" target=\"_blank\" rel=\"noreferrer noopener\"><strong>Vaiko gerov\u0117s komisijos 2024-2025 m. m. veiklos planas<\/strong><\/a><\/div>\n\n\n\n<div class=\"wp-block-group\"><div class=\"wp-block-group__inner-container is-layout-constrained wp-block-group-is-layout-constrained\">\n<div class=\"wp-block-file\"><a id=\"wp-block-file--media-297b93ff-adce-4fa1-b829-011a6db5868b\" href=\"https:\/\/graziskiugimnazija.lt\/wp-content\/uploads\/2024\/02\/VGK-veiklos-planas-2023-2024.pdf\" target=\"_blank\" rel=\"noreferrer noopener\"><strong>Vaiko gerov\u0117s komisijos  <strong>2023-2024 m. m.<\/strong><\/strong> <strong>veiklos planas <\/strong><\/a><\/div>\n\n\n\n<hr class=\"wp-block-separator has-alpha-channel-opacity is-style-wide\"\/>\n\n\n\n<div class=\"wp-block-file\"><a id=\"wp-block-file--media-fbd32291-4c76-4fe6-a37b-cf5dcbd39248\" href=\"https:\/\/graziskiugimnazija.lt\/wp-content\/uploads\/2025\/06\/Vilkaviskio-r.-Graziskiu-gimnazijos-vaiko-geroves-komisijos-darbo-reglamentas.pdf\" target=\"_blank\" rel=\"noreferrer noopener\"><strong>Vilkavi\u0161kio r. Gra\u017ei\u0161ki\u0173 gimnazijos vaiko gerov\u0117s komisijos darbo reglamentas<\/strong><\/a><\/div>\n\n\n\n<div class=\"wp-block-file\"><a id=\"wp-block-file--media-8c316216-2728-4510-9cab-4ed09b058d7d\" href=\"https:\/\/graziskiugimnazija.lt\/wp-content\/uploads\/2024\/02\/VGK-sudarymo-ir-darbo-organizavimo-tvarkos-aprasas.pdf\" target=\"_blank\" rel=\"noreferrer noopener\"><strong>Vaiko gerov\u0117s komisijos sudarymo ir darbo organizavimo tvarkos apra\u0161as<\/strong><\/a><\/div>\n\n\n\n<div class=\"wp-block-file\"><a id=\"wp-block-file--media-6a293010-ff24-47d1-af97-8df86a11ee57\" href=\"https:\/\/graziskiugimnazija.lt\/wp-content\/uploads\/2024\/02\/VGK-nariu-atsakomybes-2023-2024.pdf\" target=\"_blank\" rel=\"noreferrer noopener\"><strong>Vaiko gerov\u0117s komisijos nari\u0173 atsakomyb\u0117s 2023-2024<\/strong> <strong>m. m.<\/strong><\/a><\/div>\n<\/div><\/div>\n<\/div>\n<\/div>\n\n\n\n<hr class=\"wp-block-separator has-alpha-channel-opacity is-style-wide\"\/>\n\n\n\n<p class=\"has-small-font-size\"><em>Informacija atnaujinta: 2025-11-18<\/em><\/p>\n\n\n\n<p><\/p>\n","protected":false},"excerpt":{"rendered":"<p>Informacija atnaujinta: 2025-11-18<\/p>\n","protected":false},"author":1,"featured_media":0,"parent":0,"menu_order":0,"comment_status":"closed","ping_status":"closed","template":"","meta":{"om_disable_all_campaigns":false,"_monsterinsights_skip_tracking":false,"_monsterinsights_sitenote_active":false,"_monsterinsights_sitenote_note":"","_monsterinsights_sitenote_category":0,"ngg_post_thumbnail":0,"footnotes":""},"class_list":["post-195","page","type-page","status-publish","hentry"],"_links":{"self":[{"href":"https:\/\/graziskiugimnazija.lt\/index.php?rest_route=\/wp\/v2\/pages\/195","targetHints":{"allow":["GET"]}}],"collection":[{"href":"https:\/\/graziskiugimnazija.lt\/index.php?rest_route=\/wp\/v2\/pages"}],"about":[{"href":"https:\/\/graziskiugimnazija.lt\/index.php?rest_route=\/wp\/v2\/types\/page"}],"author":[{"embeddable":true,"href":"https:\/\/graziskiugimnazija.lt\/index.php?rest_route=\/wp\/v2\/users\/1"}],"replies":[{"embeddable":true,"href":"https:\/\/graziskiugimnazija.lt\/index.php?rest_route=%2Fwp%2Fv2%2Fcomments&post=195"}],"version-history":[{"count":8,"href":"https:\/\/graziskiugimnazija.lt\/index.php?rest_route=\/wp\/v2\/pages\/195\/revisions"}],"predecessor-version":[{"id":3379,"href":"https:\/\/graziskiugimnazija.lt\/index.php?rest_route=\/wp\/v2\/pages\/195\/revisions\/3379"}],"wp:attachment":[{"href":"https:\/\/graziskiugimnazija.lt\/index.php?rest_route=%2Fwp%2Fv2%2Fmedia&parent=195"}],"curies":[{"name":"wp","href":"https:\/\/api.w.org\/{rel}","templated":true}]}}