{"id":193,"date":"2023-12-04T22:42:37","date_gmt":"2023-12-04T20:42:37","guid":{"rendered":"https:\/\/graziskiugimnazija.lt\/?page_id=193"},"modified":"2025-11-18T22:03:38","modified_gmt":"2025-11-18T20:03:38","slug":"pagalba-mokiniui","status":"publish","type":"page","link":"https:\/\/graziskiugimnazija.lt\/?page_id=193","title":{"rendered":"PAGALBA MOKINIUI"},"content":{"rendered":"\n<p><strong>Socialinis pedagogas<\/strong><\/p>\n\n\n\n<hr class=\"wp-block-separator has-alpha-channel-opacity is-style-wide\"\/>\n\n\n\n<p><strong><em>Romena Balsien\u0117,&nbsp;<\/em><\/strong><em>romena.balsiene<\/em><a href=\"mailto:logopede.graziskiai@vilkaviskis.lt\"><em>@graziskiugimnazija.lt<\/em><\/a><em>, +370 671 68986, <strong>Raimonda Ba\u010dinskien\u0117<\/strong>,<\/em> <em>+37061832546,  <\/em><a href=\"mailto:psocialinis@gmail.com\"><em>psocialinis@gmail.com<\/em><\/a><\/p>\n\n\n\n<ol start=\"1\" class=\"wp-block-list\">\n<li>Vertina socialin\u0117s pedagogin\u0117s pagalbos mokiniui poreikius (kartu su kitais specialistais), esant b\u016btinybei gali lankytis pamokose, neformaliojo ugdymo ir kitose veiklose;<\/li>\n\n\n\n<li>Konsultuoja mokinius, j\u0173 t\u0117vus (glob\u0117jus, r\u016bpintojus), gimnazijos bendruomen\u0119 socialini\u0173 pedagogini\u0173 problem\u0173 sprendimo, socialin\u0117s pedagogin\u0117s pagalbos teikimo klausimais;<\/li>\n\n\n\n<li>Numato socialin\u0117s pedagogin\u0117s pagalbos teikimo mokiniui b\u016bdus bei formas bendradarbiaudamas su klasi\u0173 mokytojais, kitais specialistais, t\u0117vais (glob\u0117jais, r\u016bpintojais), \u0161vietimo pagalbos ir kt. \u012fstaigomis;<\/li>\n\n\n\n<li>Inicijuoja ir \u012fgyvendina prevencines veiklas kartu su gimnazijos vaiko gerov\u0117s komisija ugdant mokini\u0173 gyvenimo \u012fg\u016bd\u017eius;<\/li>\n\n\n\n<li>Atlieka aktualius socialinius pedagoginius tyrimus gimnazijoje;<\/li>\n\n\n\n<li>Organizuoja nemokam\u0105 mokini\u0173 maitinim\u0105 ir pav\u0117\u017e\u0117jim\u0105.<\/li>\n<\/ol>\n\n\n\n<p><a><strong>Psichologas<\/strong><\/a><\/p>\n\n\n\n<hr class=\"wp-block-separator has-alpha-channel-opacity is-style-wide\"\/>\n\n\n\n<p><strong><em>Jolanta Skinkien\u0117,&nbsp;<\/em><\/strong><a href=\"mailto:psichologas@graziskiugimnazija.lt\"><em>psichologas@graziskiugimnazija.lt<\/em><\/a><em>, +370 687 27577<\/em><\/p>\n\n\n\n<ol start=\"1\" class=\"wp-block-list\">\n<li>R\u016bpinasi mokini\u0173 psichine sveikata.<\/li>\n\n\n\n<li>Prevencin\u0117mis priemon\u0117mis skatina saugios ir palankios ugdymuisi aplinkos mokykloje k\u016brim\u0105.<\/li>\n\n\n\n<li>Padeda mokiniams atgauti dvasin\u0119 darn\u0105, geb\u0117jim\u0105 gyventi ir mokytis, aktyviai bendradarbiaujant su j\u0173 t\u0117vais (glob\u0117jais, r\u016bpintojais).<\/li>\n\n\n\n<li>Vykdo tyrimus ir juos analizuoja.<\/li>\n\n\n\n<li>Teikia metodin\u0119 pagalb\u0105 mokytojams, rengiantiems mokiniams pritaikytas ugdymo programas.<\/li>\n<\/ol>\n\n\n\n<p><strong>Psichologo &#8211; asistentas<\/strong><\/p>\n\n\n\n<p><strong><em>Leokadija Balsien\u0117<\/em><\/strong><\/p>\n\n\n\n<ol start=\"1\" class=\"wp-block-list\">\n<li>R\u016bpinasi mokini\u0173 psichine sveikata.<\/li>\n\n\n\n<li>Prevencin\u0117mis priemon\u0117mis skatina saugios ir palankios ugdymuisi aplinkos mokykloje k\u016brim\u0105.<\/li>\n\n\n\n<li>Padeda mokiniams atgauti dvasin\u0119 darn\u0105, geb\u0117jim\u0105 gyventi ir mokytis, aktyviai bendradarbiaujant su j\u0173 t\u0117vais (glob\u0117jais, r\u016bpintojais).<\/li>\n\n\n\n<li>Vykdo tyrimus ir juos analizuoja.<\/li>\n\n\n\n<li>Teikia metodin\u0119 pagalb\u0105 mokytojams, rengiantiems mokiniams pritaikytas ugdymo programas.<\/li>\n<\/ol>\n\n\n\n<p><strong>Specialusis pedagogas<\/strong><\/p>\n\n\n\n<hr class=\"wp-block-separator has-alpha-channel-opacity is-style-wide\"\/>\n\n\n\n<p><strong><em>Vilma Valavi\u010dien\u0117<\/em><\/strong><em>, vilma.valaviciene<\/em><a href=\"mailto:logopede.graziskiai@vilkaviskis.lt\"><em>@graziskiugimnazija.lt<\/em><\/a><em>, +370 671 68891, <strong>Vaida Onusaitien\u0117<\/strong>, <\/em>vaida.onusaitiene@graziskiugimnazija.lt<\/p>\n\n\n\n<ol start=\"1\" class=\"wp-block-list\">\n<li>Dirba su speciali\u0173j\u0173 poreiki\u0173 mokiniais.<\/li>\n\n\n\n<li>Teikia korekcin\u0119 pagalb\u0105 specifiniams pa\u017einimo, atminties, m\u0105stymo procesams lavinti.<\/li>\n\n\n\n<li>Vertina mokymosi pasiekim\u0173 lyg\u012f, atitikt\u012f ugdymo programoms.<\/li>\n\n\n\n<li>Kartu su gimnazijos vaiko gerov\u0117s komisijos nariais parengia vertinimo i\u0161vad\u0105, rekomenduoja ugdymo program\u0105.<\/li>\n\n\n\n<li>Rengia rekomendacijas mokytojams d\u0117l tolimesnio darbo su mokiniu.<\/li>\n\n\n\n<li>Konsultuoja t\u0117vus, kaip pad\u0117ti vaikui namuose.<\/li>\n<\/ol>\n\n\n\n<p><strong>Logopedas<\/strong><\/p>\n\n\n\n<hr class=\"wp-block-separator has-alpha-channel-opacity is-style-wide\"\/>\n\n\n\n<p><strong><em>Vilma Valavi\u010dien\u0117<\/em><\/strong><em>, vilma.valaviciene<\/em><a href=\"mailto:logopede.graziskiai@vilkaviskis.lt\"><em>@graziskiugimnazija.lt<\/em><\/a><em>, +370 671 68891, <em><strong>Vaida Onusaitien\u0117, <\/strong><\/em>vaida.onusaitiene@graziskiugimnazija.lt<\/em><\/p>\n\n\n\n<p>Visapusi\u0161kai tiria ir \u012fvertina vaiko kalb\u0105.<\/p>\n\n\n\n<ol start=\"1\" class=\"wp-block-list\">\n<li>Rengia individualias ir grupines korekcines pratybas, \u0161alinant \u012fvairius kalbos ir kitus komunikacijos sutrikimus.<\/li>\n\n\n\n<li>Teikia rekomendacijas d\u0117l tolimesnio darbo su vaiku.<\/li>\n\n\n\n<li>Konsultuoja t\u0117vus (glob\u0117jus, r\u016bpintojus), mokytojus vaik\u0173 kalbos, kalb\u0117jimo bei komunikacijos geb\u0117jim\u0173 ir mokymo klausimais.<\/li>\n\n\n\n<li>Renka duomenis apie vaikus, turin\u010dius kalbos ir kit\u0173 komunikacijos sutrikim\u0173, teikia metodin\u0119 pagalb\u0105 mokyklos vaiko gerov\u0117s komisijos nariams.<\/li>\n<\/ol>\n\n\n\n<p><strong>Mokinio pad\u0117j\u0117jai<\/strong><\/p>\n\n\n\n<hr class=\"wp-block-separator has-alpha-channel-opacity is-style-wide\"\/>\n\n\n\n<p><em><strong>\u00a0<em><strong>Ramut\u0117 Gurinskien\u0117, Alma Linertien\u0117, Ina Vik\u0161raitien\u0117, Loreta Kavaliauskien\u0117, Rita Verbylien\u0117, Kamil\u0117 Sto\u010dkut\u0117, Gerda Brundzien\u0117, Dalia \u0160mulk\u0161tien\u0117, Laimut\u0117 Urnevi\u010dien\u0117<\/strong><\/em><\/strong><\/em>.<\/p>\n\n\n\n<ol start=\"1\" class=\"wp-block-list\">\n<li>Padeda mokiniui ar (ir) mokini\u0173 grupei atlikti su ugdymu, savitarna, savitvarka ir maitinimusi susijusias veiklas.<\/li>\n\n\n\n<li>Padeda orientuotis aplinkoje, jud\u0117ti, tinkamai naudotis ugdymui skirtomis priemon\u0117mis.<\/li>\n\n\n\n<li>Teikia pagalb\u0105 mokiniams, turintiems speciali\u0173j\u0173 ugdymosi poreiki\u0173, ugdymo proceso metu.<\/li>\n<\/ol>\n\n\n\n<p><strong>Pailgintos darbo dienos grup\u0117s mokytojai<\/strong><\/p>\n\n\n\n<hr class=\"wp-block-separator has-alpha-channel-opacity is-style-wide\"\/>\n\n\n\n<p><em><strong><em><strong>Jurgita Navikien\u0117, Janina Belevi\u010dien\u0117, Loreta Kelnerien\u0117, Lijana Dum\u010diuvien\u0117, Jovita Kalinauskait\u0117.<\/strong><\/em><\/strong><\/em><\/p>\n\n\n\n<ol start=\"1\" class=\"wp-block-list\">\n<li>Sudaro s\u0105lygas mokini\u0173 produktyviam laisvalaikio u\u017eimtumui.&nbsp;<\/li>\n\n\n\n<li>Kryptingai skatina mokini\u0173 geb\u0117jim\u0105 nuolat mokytis.<\/li>\n\n\n\n<li>Padeda 1\u20134 klasi\u0173 mokiniams \u012fgyti kokybi\u0161k\u0105 pradin\u012f i\u0161silavinim\u0105.<\/li>\n<\/ol>\n\n\n\n<p><strong>Sveikatos ir maitinimo organizavimo specialist\u0117, visuomen\u0117s sveikatos specialist\u0117<\/strong><\/p>\n\n\n\n<hr class=\"wp-block-separator has-alpha-channel-opacity is-style-wide\"\/>\n\n\n\n<p><strong><em>Daiva Rinkevi\u010dien\u0117,&nbsp;<\/em><\/strong><a href=\"mailto:daiva.rinkeviciene@graziskiugimnazija.lt\"><em>daiva.rinkeviciene@graziskiugimnazija.lt<\/em><\/a><em><\/em><\/p>\n\n\n\n<hr class=\"wp-block-separator has-alpha-channel-opacity is-style-wide\"\/>\n\n\n\n<p class=\"has-small-font-size\"><em>Informacija atnaujinta: 2025-06-26<\/em><\/p>\n","protected":false},"excerpt":{"rendered":"<p>Socialinis pedagogas Romena Balsien\u0117,&nbsp;romena.balsiene@graziskiugimnazija.lt, +370 671 68986, Raimonda Ba\u010dinskien\u0117, +37061832546, psocialinis@gmail.com Psichologas Jolanta Skinkien\u0117,&nbsp;psichologas@graziskiugimnazija.lt, +370 687 27577 Psichologo &#8211; asistentas Leokadija Balsien\u0117 Specialusis pedagogas Vilma<a class=\"moretag\" href=\"https:\/\/graziskiugimnazija.lt\/?page_id=193\"> [&#8230;] Skaityti<\/a><\/p>\n","protected":false},"author":1,"featured_media":0,"parent":0,"menu_order":0,"comment_status":"closed","ping_status":"closed","template":"","meta":{"om_disable_all_campaigns":false,"_monsterinsights_skip_tracking":false,"_monsterinsights_sitenote_active":false,"_monsterinsights_sitenote_note":"","_monsterinsights_sitenote_category":0,"ngg_post_thumbnail":0,"footnotes":""},"class_list":["post-193","page","type-page","status-publish","hentry"],"_links":{"self":[{"href":"https:\/\/graziskiugimnazija.lt\/index.php?rest_route=\/wp\/v2\/pages\/193","targetHints":{"allow":["GET"]}}],"collection":[{"href":"https:\/\/graziskiugimnazija.lt\/index.php?rest_route=\/wp\/v2\/pages"}],"about":[{"href":"https:\/\/graziskiugimnazija.lt\/index.php?rest_route=\/wp\/v2\/types\/page"}],"author":[{"embeddable":true,"href":"https:\/\/graziskiugimnazija.lt\/index.php?rest_route=\/wp\/v2\/users\/1"}],"replies":[{"embeddable":true,"href":"https:\/\/graziskiugimnazija.lt\/index.php?rest_route=%2Fwp%2Fv2%2Fcomments&post=193"}],"version-history":[{"count":20,"href":"https:\/\/graziskiugimnazija.lt\/index.php?rest_route=\/wp\/v2\/pages\/193\/revisions"}],"predecessor-version":[{"id":3381,"href":"https:\/\/graziskiugimnazija.lt\/index.php?rest_route=\/wp\/v2\/pages\/193\/revisions\/3381"}],"wp:attachment":[{"href":"https:\/\/graziskiugimnazija.lt\/index.php?rest_route=%2Fwp%2Fv2%2Fmedia&parent=193"}],"curies":[{"name":"wp","href":"https:\/\/api.w.org\/{rel}","templated":true}]}}