{"id":191,"date":"2023-12-04T22:42:07","date_gmt":"2023-12-04T20:42:07","guid":{"rendered":"https:\/\/graziskiugimnazija.lt\/?page_id=191"},"modified":"2025-07-14T10:30:29","modified_gmt":"2025-07-14T08:30:29","slug":"mokiniu-priemimas","status":"publish","type":"page","link":"https:\/\/graziskiugimnazija.lt\/?page_id=191","title":{"rendered":"MOKINI\u0172 PRI\u0116MIMAS"},"content":{"rendered":"\n<div class=\"wp-block-file\"><a id=\"wp-block-file--media-992a6609-81fb-4656-b4d1-30598ed842a3\" href=\"https:\/\/graziskiugimnazija.lt\/wp-content\/uploads\/2025\/06\/Nr.-B-MP-247-2025-04-08-Del-priemimo-i-Vilkaviskio-rajono-savivaldybes-ben.-1.pdf\" target=\"_blank\" rel=\"noreferrer noopener\">PRI\u0116MIMO \u012e VILKAVI\u0160KIO RAJONO SAVIVALDYB\u0116S BENDROJO UGDYMO IR IKIMOKYKLINIO UGDYMO MOKYKLAS TVARKOS APRA\u0160AS<\/a><\/div>\n\n\n\n<hr class=\"wp-block-separator has-alpha-channel-opacity is-style-wide\"\/>\n\n\n\n<h4 class=\"wp-block-heading\">PRA\u0160YM\u0172 FORMOS<\/h4>\n\n\n\n<hr class=\"wp-block-separator has-alpha-channel-opacity is-style-wide\"\/>\n\n\n\n<div class=\"wp-block-file\"><a id=\"wp-block-file--media-7084489c-ddde-4ecd-bf82-05337d8244b9\" href=\"https:\/\/graziskiugimnazija.lt\/wp-content\/uploads\/2025\/06\/Prasymas-priimti-i-ikimokyklinio-ugdymo-grupe.docx\">Pra\u0161ymas priimti \u012f ikimokyklinio ugdymo grup\u0119<\/a><\/div>\n\n\n\n<div class=\"wp-block-file\"><a id=\"wp-block-file--media-91afffa1-5aaf-4259-9355-4cc0d28f1fa3\" href=\"https:\/\/graziskiugimnazija.lt\/wp-content\/uploads\/2025\/06\/Prasymas-priimti-i-priesmokyklinio-ugdymo-grupe.docx\">Pra\u0161ymas priimti \u012f prie\u0161mokyklinio ugdymo grup\u0119<\/a><\/div>\n\n\n\n<div class=\"wp-block-file\"><a id=\"wp-block-file--media-9e45d863-14c0-4737-82a5-6264aad3e31e\" href=\"https:\/\/graziskiugimnazija.lt\/wp-content\/uploads\/2025\/06\/Prasymas-priimti-i-1-klase.doc\">Pra\u0161ymas priimti \u012f 1 klas\u0119<\/a><\/div>\n\n\n\n<div class=\"wp-block-file\"><a id=\"wp-block-file--media-b64ab644-a4fb-4d9a-818f-b8afd7c54af2\" href=\"https:\/\/graziskiugimnazija.lt\/wp-content\/uploads\/2025\/06\/Prasymas-priimti-i-2\u20134-klases.doc\">Pra\u0161ymas priimti \u012f 2\u20134 klases<\/a><\/div>\n\n\n\n<div class=\"wp-block-file\"><a id=\"wp-block-file--media-d9418c04-91ec-44f6-b426-758bc5026253\" href=\"https:\/\/graziskiugimnazija.lt\/wp-content\/uploads\/2025\/06\/Prasymas-priimti-i-5-klase.doc\">Pra\u0161ymas priimti \u012f 5 klas\u0119<\/a><\/div>\n\n\n\n<div class=\"wp-block-file\"><a id=\"wp-block-file--media-51ada9b3-a758-41e9-bdc5-7614ccb0871d\" href=\"https:\/\/graziskiugimnazija.lt\/wp-content\/uploads\/2025\/06\/Prasymas-testi-mokymasi-5-klaseje.doc\">Pra\u0161ymas t\u0119sti mokym\u0105si 5 klas\u0117je<\/a><\/div>\n\n\n\n<div class=\"wp-block-file\"><a id=\"wp-block-file--media-509894a6-4033-4ccb-ac18-65c6c6650981\" href=\"https:\/\/graziskiugimnazija.lt\/wp-content\/uploads\/2025\/06\/Prasymas-priimti-i-6-8-klases-kai-turi-14-metu.doc\">Pra\u0161ymas priimti \u012f 6-8 klases (kai mokinys turi 14 met\u0173)<\/a><\/div>\n\n\n\n<div class=\"wp-block-file\"><a id=\"wp-block-file--media-0a357fc1-dc06-491a-9496-026799b3ebf0\" href=\"https:\/\/graziskiugimnazija.lt\/wp-content\/uploads\/2025\/06\/Prasymas-priimti-i-I-II-gimnazijos-klases.doc\">Pra\u0161ymas priimti \u012f I-II gimnazijos klases<\/a><\/div>\n\n\n\n<div class=\"wp-block-file\"><a id=\"wp-block-file--media-7ae06f06-755f-49b9-bc2c-678f0fb76ac7\" href=\"https:\/\/graziskiugimnazija.lt\/wp-content\/uploads\/2025\/06\/Prasymas-priimti-i-III-IV-gimnazijos-klases.doc\">Pra\u0161ymas priimti \u012f III-IV gimnazijos klases<\/a><\/div>\n\n\n\n<div class=\"wp-block-file\"><a id=\"wp-block-file--media-d5632e09-51be-46ee-af03-f50c768ab15b\" href=\"https:\/\/graziskiugimnazija.lt\/wp-content\/uploads\/2025\/06\/Prasymas-testi-mokymasi-III-gimnazijos-klaseje.doc\">Pra\u0161ymas t\u0119sti mokym\u0105si III gimnazijos klas\u0117je<\/a><\/div>\n\n\n\n<div class=\"wp-block-file\"><a id=\"wp-block-file--media-f26f0bcb-f40c-4193-8e22-9f8ec176f910\" href=\"https:\/\/graziskiugimnazija.lt\/wp-content\/uploads\/2025\/06\/Prasymas-del-isleidimo-is-gimnazijos-tevams-prasant.doc\">Pra\u0161ymas d\u0117l i\u0161leidimo i\u0161 gimnazijos t\u0117vams pra\u0161ant<\/a><\/div>\n\n\n\n<div class=\"wp-block-file\"><a id=\"wp-block-file--media-ebded8b2-104b-4193-a21f-4246d069feb8\" href=\"https:\/\/graziskiugimnazija.lt\/wp-content\/uploads\/2025\/06\/Prasymas-del-pazymos-isdavimo-laisvos-formos.docx\">Pra\u0161ymas d\u0117l pa\u017eymos i\u0161davimo (laisvos formos)<\/a><\/div>\n\n\n\n<div class=\"wp-block-file\"><a id=\"wp-block-file--media-8f72b7ef-ec81-4650-8f42-2c3a39c8394e\" href=\"https:\/\/graziskiugimnazija.lt\/wp-content\/uploads\/2025\/06\/Prasymas-del-pazymos-isdavimo.doc\">Pra\u0161ymas d\u0117l pa\u017eymos i\u0161davimo<\/a><\/div>\n\n\n\n<hr class=\"wp-block-separator has-alpha-channel-opacity is-style-wide\"\/>\n\n\n\n<h2 class=\"wp-block-heading\">MOKYMOSI SUTAR\u010cI\u0172 FORMOS<\/h2>\n\n\n\n<hr class=\"wp-block-separator has-alpha-channel-opacity is-style-wide\"\/>\n\n\n\n<div class=\"wp-block-file\"><a id=\"wp-block-file--media-f21f6528-bb31-4a02-88d9-6332a48e8352\" href=\"https:\/\/graziskiugimnazija.lt\/wp-content\/uploads\/2025\/06\/Mokymo-sutartis-pagal-ikimokyklinio-ugdymo-programa.docx\">Mokymo sutartis  pagal ikimokyklinio ugdymo program\u0105<\/a><\/div>\n\n\n\n<div class=\"wp-block-file\"><a id=\"wp-block-file--media-949e819e-5e5e-422e-a6f8-b32437d5b8f8\" href=\"https:\/\/graziskiugimnazija.lt\/wp-content\/uploads\/2025\/06\/Mokymo-sutartis-pagal-priesmokyklinio-ugdymo-programa.docx\">Mokymo sutartis pagal prie\u0161mokyklinio ugdymo program\u0105<\/a><\/div>\n\n\n\n<div class=\"wp-block-file\"><a id=\"wp-block-file--media-169d45d4-a06a-4580-8c4a-40e4e6fd785d\" href=\"https:\/\/graziskiugimnazija.lt\/wp-content\/uploads\/2025\/06\/Mokymo-sutartis-pagal-pradinio-ugdymo-programa.docx\">Mokymo sutartis pagal pradinio ugdymo program\u0105<\/a><\/div>\n\n\n\n<div class=\"wp-block-file\"><a id=\"wp-block-file--media-73f15580-2fdb-469c-828c-5a22c989ee6e\" href=\"https:\/\/graziskiugimnazija.lt\/wp-content\/uploads\/2025\/06\/Mokymo-sutartis-pagal-pagrindinio-ugdymo-programa-mokiniui-iki-14-metu-5-8-kl.docx\">Mokymo sutartis pagal pagrindinio ugdymo program\u0105 mokiniui iki 14 met\u0173 5-8 kl.<\/a><\/div>\n\n\n\n<div class=\"wp-block-file\"><a id=\"wp-block-file--media-01bf27c8-be0d-42cf-81cb-1a4eca354e28\" href=\"https:\/\/graziskiugimnazija.lt\/wp-content\/uploads\/2025\/06\/Mokymo-sutartis-pagal-pagrindinio-ugdymo-programa-nuo-14-metu-PUP-9-10-kl.docx\">Mokymo sutartis pagal pagrindinio ugdymo program\u0105 mokiniui nuo 14 met\u0173 (PUP 9-10 kl.)<\/a><\/div>\n\n\n\n<div class=\"wp-block-file\"><a id=\"wp-block-file--media-641e37f5-c472-4f66-a44f-85105cc1836b\" href=\"https:\/\/graziskiugimnazija.lt\/wp-content\/uploads\/2025\/06\/Mokymosi-sutartis-pagal-vidurio-ugdymo-programa-mokiniui-iki-16-metu.docx\">Mokymosi sutartis pagal vidurio ugdymo program\u0105 mokiniui iki 16 met\u0173<\/a><\/div>\n\n\n\n<div class=\"wp-block-file\"><a id=\"wp-block-file--media-f1a7a482-7236-479d-85eb-8c9ca87a7168\" href=\"https:\/\/graziskiugimnazija.lt\/wp-content\/uploads\/2025\/06\/Mokymosi-sutartis-pagal-vidurinio-ugdymo-programa-mokiniui-nuo-16-metu.docx\">Mokymosi sutartis pagal vidurinio ugdymo program\u0105 mokiniui nuo 16 met\u0173<\/a><\/div>\n\n\n\n<hr class=\"wp-block-separator has-alpha-channel-opacity is-style-wide\"\/>\n\n\n\n<p class=\"has-small-font-size\"><em>Informacija atnaujinta: 2025-06-26<\/em><\/p>\n","protected":false},"excerpt":{"rendered":"<p>PRA\u0160YM\u0172 FORMOS MOKYMOSI SUTAR\u010cI\u0172 FORMOS Informacija atnaujinta: 2025-06-26<\/p>\n","protected":false},"author":1,"featured_media":0,"parent":0,"menu_order":0,"comment_status":"closed","ping_status":"closed","template":"","meta":{"om_disable_all_campaigns":false,"_monsterinsights_skip_tracking":false,"_monsterinsights_sitenote_active":false,"_monsterinsights_sitenote_note":"","_monsterinsights_sitenote_category":0,"ngg_post_thumbnail":0,"footnotes":""},"class_list":["post-191","page","type-page","status-publish","hentry"],"_links":{"self":[{"href":"https:\/\/graziskiugimnazija.lt\/index.php?rest_route=\/wp\/v2\/pages\/191","targetHints":{"allow":["GET"]}}],"collection":[{"href":"https:\/\/graziskiugimnazija.lt\/index.php?rest_route=\/wp\/v2\/pages"}],"about":[{"href":"https:\/\/graziskiugimnazija.lt\/index.php?rest_route=\/wp\/v2\/types\/page"}],"author":[{"embeddable":true,"href":"https:\/\/graziskiugimnazija.lt\/index.php?rest_route=\/wp\/v2\/users\/1"}],"replies":[{"embeddable":true,"href":"https:\/\/graziskiugimnazija.lt\/index.php?rest_route=%2Fwp%2Fv2%2Fcomments&post=191"}],"version-history":[{"count":21,"href":"https:\/\/graziskiugimnazija.lt\/index.php?rest_route=\/wp\/v2\/pages\/191\/revisions"}],"predecessor-version":[{"id":2991,"href":"https:\/\/graziskiugimnazija.lt\/index.php?rest_route=\/wp\/v2\/pages\/191\/revisions\/2991"}],"wp:attachment":[{"href":"https:\/\/graziskiugimnazija.lt\/index.php?rest_route=%2Fwp%2Fv2%2Fmedia&parent=191"}],"curies":[{"name":"wp","href":"https:\/\/api.w.org\/{rel}","templated":true}]}}