{"id":183,"date":"2023-12-04T22:34:02","date_gmt":"2023-12-04T20:34:02","guid":{"rendered":"https:\/\/graziskiugimnazija.lt\/?page_id=183"},"modified":"2026-03-24T08:43:36","modified_gmt":"2026-03-24T06:43:36","slug":"tvarkarasciai","status":"publish","type":"page","link":"https:\/\/graziskiugimnazija.lt\/?page_id=183","title":{"rendered":"TVARKARA\u0160\u010cIAI"},"content":{"rendered":"\n<h2 class=\"wp-block-heading\">2025-2026 mokslo metai<\/h2>\n\n\n\n<hr class=\"wp-block-separator has-alpha-channel-opacity is-style-wide\"\/>\n\n\n\n<div class=\"wp-block-file\"><a id=\"wp-block-file--media-bc99a3bf-87eb-481b-b457-2bedeea928ef\" href=\"https:\/\/graziskiugimnazija.lt\/wp-content\/uploads\/2026\/03\/Tvarkarastis-2025-2026-II-pusmetius.pdf\" target=\"_blank\" rel=\"noreferrer noopener\">2025-2026 mokslo met\u0173 pamok\u0173 ir neformaliojo \u0161vietimo Bartnink\u0173 Jono Basanavi\u010diaus skyriaus II pusme\u010dio tvarkara\u0161tis<\/a><\/div>\n\n\n\n<div class=\"wp-block-file\"><a id=\"wp-block-file--media-aa549435-68f3-4729-91a3-98d07c9921c4\" href=\"https:\/\/graziskiugimnazija.lt\/wp-content\/uploads\/2026\/03\/Pamoku-tvarkarastis-2025-2026-II-pusm.pdf\" target=\"_blank\" rel=\"noreferrer noopener\">2025-2026 mokslo met\u0173 pamok\u0173 ir neformalaus \u0161vietimo u\u017esi\u0117mim\u0173 II pusme\u010dio tvarkara\u0161tis<\/a><\/div>\n\n\n\n<div class=\"wp-block-file\"><a id=\"wp-block-file--media-21c18ebf-d768-44bf-aedc-5110c2af7093\" href=\"https:\/\/graziskiugimnazija.lt\/wp-content\/uploads\/2025\/10\/Pamoku-tvarkarastis-2025-2026-m.-m.pdf\" target=\"_blank\" rel=\"noreferrer noopener\">2025-2026 mokslo met\u0173 pamok\u0173 ir neformalaus \u0161vietimo u\u017esi\u0117mim\u0173 tvarkara\u0161tis<\/a><\/div>\n\n\n\n<div class=\"wp-block-file\"><a id=\"wp-block-file--media-dc3331da-5aad-4e35-8d0a-a933e88b3865\" href=\"https:\/\/graziskiugimnazija.lt\/wp-content\/uploads\/2025\/11\/Graziskiu-gimnazijos-Bartninku-Jono-Basanaviciaus-skyriaus-tvarkarastis-2025-2026.pdf\" target=\"_blank\" rel=\"noreferrer noopener\">2025-2026 mokslo met\u0173 pamok\u0173 ir neformaliojo \u0161vietimo Bartnink\u0173 Jono Basanavi\u010diaus skyriaus tvarkara\u0161tis <\/a><\/div>\n\n\n\n<h2 class=\"wp-block-heading\">2024-2025 mokslo metai<\/h2>\n\n\n\n<hr class=\"wp-block-separator has-alpha-channel-opacity is-style-wide\"\/>\n\n\n\n<div class=\"wp-block-file\"><a id=\"wp-block-file--media-5e2b1b5d-066c-4513-beed-79175625b474\" href=\"https:\/\/graziskiugimnazija.lt\/wp-content\/uploads\/2024\/10\/2024-2025-pamoku-tvarkarastis.pdf\">2024-2025 mokslo met\u0173 pamok\u0173 ir neformalaus vaik\u0173 \u0161vietimo u\u017esi\u0117mim\u0173 tvarkara\u0161tis<\/a><\/div>\n\n\n\n<h2 class=\"wp-block-heading\">2023-2024 moklo metai<\/h2>\n\n\n\n<hr class=\"wp-block-separator has-alpha-channel-opacity is-style-wide\"\/>\n\n\n\n<h2 class=\"wp-block-heading\">II pusmetis<\/h2>\n\n\n\n<div class=\"wp-block-file\"><a id=\"wp-block-file--media-ae9adc8c-d13b-4949-8455-7c496fe5ac2e\" href=\"https:\/\/graziskiugimnazija.lt\/wp-content\/uploads\/2024\/02\/Tvarkarastis.pdf\" target=\"_blank\" rel=\"noreferrer noopener\">Tvarkarastis 5-12 klas\u0117s 2023-2024 m. m. II pusmetis<\/a><\/div>\n\n\n\n<h2 class=\"wp-block-heading\">I pusmetis<\/h2>\n\n\n\n<hr class=\"wp-block-separator has-alpha-channel-opacity is-style-wide\"\/>\n\n\n\n<div class=\"wp-block-file\"><a id=\"wp-block-file--media-63826811-0d91-4ad5-a24a-b7b4b52536f8\" href=\"https:\/\/graziskiugimnazija.lt\/wp-content\/uploads\/2024\/02\/tvarkarastis-1-4-2023-1.pdf\" target=\"_blank\" rel=\"noreferrer noopener\">Tvarkara\u0161tis 1-4 klas\u0117s 2023-2024 m. m. I pusmetis<\/a><\/div>\n\n\n\n<div class=\"wp-block-file\"><a id=\"wp-block-file--media-1651a0d8-85fa-4f13-beb6-d98989771a0b\" href=\"https:\/\/graziskiugimnazija.lt\/wp-content\/uploads\/2024\/02\/tvarkarastis-5-12-2023-1.pdf\" target=\"_blank\" rel=\"noreferrer noopener\">Tvarkara\u0161tis 5-12 klas\u0117s 2023-2024 m. m. I pusmetis<\/a><\/div>\n\n\n\n<div class=\"wp-block-file\"><a id=\"wp-block-file--media-8380ad95-ba46-4522-a538-33626bf1f9c0\" href=\"https:\/\/graziskiugimnazija.lt\/wp-content\/uploads\/2024\/02\/NVS-2023-1.pdf\" target=\"_blank\" rel=\"noreferrer noopener\">Neformalaus vaik\u0173 \u0161vietimo (b\u016breli\u0173) u\u017esi\u0117mim\u0173 darbo grafikas 2023-2024 m. m. I pusmetis<\/a><\/div>\n\n\n\n<hr class=\"wp-block-separator has-alpha-channel-opacity is-style-wide\"\/>\n\n\n\n<p class=\"has-text-align-left has-small-font-size\"><em>Informacija atnaujinta 2026-03-24<\/em><\/p>\n\n\n\n<p><\/p>\n","protected":false},"excerpt":{"rendered":"<p>2025-2026 mokslo metai 2024-2025 mokslo metai 2023-2024 moklo metai II pusmetis I pusmetis Informacija atnaujinta 2026-03-24<\/p>\n","protected":false},"author":1,"featured_media":0,"parent":0,"menu_order":0,"comment_status":"closed","ping_status":"closed","template":"","meta":{"om_disable_all_campaigns":false,"_monsterinsights_skip_tracking":false,"_monsterinsights_sitenote_active":false,"_monsterinsights_sitenote_note":"","_monsterinsights_sitenote_category":0,"ngg_post_thumbnail":0,"footnotes":""},"class_list":["post-183","page","type-page","status-publish","hentry"],"_links":{"self":[{"href":"https:\/\/graziskiugimnazija.lt\/index.php?rest_route=\/wp\/v2\/pages\/183","targetHints":{"allow":["GET"]}}],"collection":[{"href":"https:\/\/graziskiugimnazija.lt\/index.php?rest_route=\/wp\/v2\/pages"}],"about":[{"href":"https:\/\/graziskiugimnazija.lt\/index.php?rest_route=\/wp\/v2\/types\/page"}],"author":[{"embeddable":true,"href":"https:\/\/graziskiugimnazija.lt\/index.php?rest_route=\/wp\/v2\/users\/1"}],"replies":[{"embeddable":true,"href":"https:\/\/graziskiugimnazija.lt\/index.php?rest_route=%2Fwp%2Fv2%2Fcomments&post=183"}],"version-history":[{"count":12,"href":"https:\/\/graziskiugimnazija.lt\/index.php?rest_route=\/wp\/v2\/pages\/183\/revisions"}],"predecessor-version":[{"id":3963,"href":"https:\/\/graziskiugimnazija.lt\/index.php?rest_route=\/wp\/v2\/pages\/183\/revisions\/3963"}],"wp:attachment":[{"href":"https:\/\/graziskiugimnazija.lt\/index.php?rest_route=%2Fwp%2Fv2%2Fmedia&parent=183"}],"curies":[{"name":"wp","href":"https:\/\/api.w.org\/{rel}","templated":true}]}}