{"id":181,"date":"2023-12-04T22:33:34","date_gmt":"2023-12-04T20:33:34","guid":{"rendered":"https:\/\/graziskiugimnazija.lt\/?page_id=181"},"modified":"2026-05-07T08:56:27","modified_gmt":"2026-05-07T06:56:27","slug":"menesio-veiklos-planai","status":"publish","type":"page","link":"https:\/\/graziskiugimnazija.lt\/?page_id=181","title":{"rendered":"M\u0116NESIO VEIKLOS PLANAI"},"content":{"rendered":"\n<hr class=\"wp-block-separator has-alpha-channel-opacity is-style-wide\"\/>\n\n\n\n<h2 class=\"wp-block-heading\">2025-2026 mokslo metai<\/h2>\n\n\n\n<div class=\"wp-block-file\"><a id=\"wp-block-file--media-5d0d718d-d326-476e-bdd8-b473d9f7268d\" href=\"https:\/\/graziskiugimnazija.lt\/wp-content\/uploads\/2026\/05\/Vilkaviskio-r.-Graziskiu-gimnazijos-2026-metu-geguzes-menesio-veiklos-planas.pdf\" target=\"_blank\" rel=\"noreferrer noopener\">Gra\u017ei\u0161ki\u0173 gimnazijos ir Gra\u017ei\u0161ki\u0173 gimnazijos Bartnink\u0173 Jono Basanavi\u010diaus skyriaus 2026 m. gegu\u017e\u0117 m\u0117nesio veiklos planas<\/a><\/div>\n\n\n\n<div class=\"wp-block-file\"><a id=\"wp-block-file--media-105b925f-2cb3-4111-b85b-bb8b55673fb5\" href=\"https:\/\/graziskiugimnazija.lt\/wp-content\/uploads\/2026\/04\/2026-metu-balandzio-menesio-veiklos-planas.pdf\" target=\"_blank\" rel=\"noreferrer noopener\">Gra\u017ei\u0161ki\u0173 gimnazijos ir Gra\u017ei\u0161ki\u0173 gimnazijos Bartnink\u0173 Jono Basanavi\u010diaus skyriaus 2026 m. baland\u017eio m\u0117nesio veiklos planas<\/a><\/div>\n\n\n\n<div class=\"wp-block-file\"><a id=\"wp-block-file--media-823b00b7-4888-4910-9993-eeca79a2b231\" href=\"https:\/\/graziskiugimnazija.lt\/wp-content\/uploads\/2026\/03\/Vilkaviskio-r.-Graziskiu-gimnazijos-kovo-menesio-veiklos-planas.pdf\" target=\"_blank\" rel=\"noreferrer noopener\">Gra\u017ei\u0161ki\u0173 gimnazijos ir Gra\u017ei\u0161ki\u0173 gimnazijos Bartnink\u0173 Jono Basanavi\u010diaus skyriaus 2026 m. kovo m\u0117nesio veiklos planas<\/a><\/div>\n\n\n\n<div class=\"wp-block-file\"><a id=\"wp-block-file--media-664e86c6-e86b-429d-a8b0-afa8ea9da808\" href=\"https:\/\/graziskiugimnazija.lt\/wp-content\/uploads\/2026\/01\/2026-m.-vasario-menesio-veiklos-planas.pdf\" target=\"_blank\" rel=\"noreferrer noopener\">Gra\u017ei\u0161ki\u0173 gimnazijos ir Gra\u017ei\u0161ki\u0173 gimnazijos Bartnink\u0173 Jono Basanavi\u010diaus skyriaus 2026 m. vasario m\u0117nesio veiklos planas<\/a><\/div>\n\n\n\n<div class=\"wp-block-file\"><a id=\"wp-block-file--media-d1effd26-33bb-42e7-bc4e-8b5d7536a5ad\" href=\"https:\/\/graziskiugimnazija.lt\/wp-content\/uploads\/2026\/01\/2026-metu-sausio-menesio-veiklos-planas.pdf\" target=\"_blank\" rel=\"noreferrer noopener\">Gra\u017ei\u0161ki\u0173 gimnazijos ir Gra\u017ei\u0161ki\u0173 gimnazijos Bartnink\u0173 Jono Basanavi\u010diaus skyriaus 2026 m. sausio m\u0117nesio veiklos planas<\/a><\/div>\n\n\n\n<div class=\"wp-block-file\"><a id=\"wp-block-file--media-3734f80b-4e3d-4109-b958-1d2b975ed671\" href=\"https:\/\/graziskiugimnazija.lt\/wp-content\/uploads\/2025\/11\/Graziskiu-gimnazijos-2025-metu-gruodzio-menesio-veiklos-planas.pdf\" target=\"_blank\" rel=\"noreferrer noopener\">Gra\u017ei\u0161ki\u0173 gimnazijos ir Gra\u017ei\u0161ki\u0173 gimnazijos Bartnink\u0173 Jono Basanavi\u010diaus skyriaus  2025 m. gruod\u017eio m\u0117nesio veiklos planas<\/a><\/div>\n\n\n\n<div class=\"wp-block-file\"><a id=\"wp-block-file--media-1b8d6a81-42ca-40e3-be59-bb792676a62b\" href=\"https:\/\/graziskiugimnazija.lt\/wp-content\/uploads\/2025\/10\/2025-m.-lapkricio-menesio-veiklos-planas-1.pdf\" target=\"_blank\" rel=\"noreferrer noopener\">Gra\u017ei\u0161ki\u0173 gimnazijos ir Gra\u017ei\u0161ki\u0173 gimnazijos Bartnink\u0173 Jono Basanavi\u010diaus skyriaus 2025 m. lapkri\u010dio m\u0117nesio veiklos planas<\/a><\/div>\n\n\n\n<div class=\"wp-block-file\"><a id=\"wp-block-file--media-99c2b6f3-7595-45ac-84fd-6c455d35d966\" href=\"https:\/\/graziskiugimnazija.lt\/wp-content\/uploads\/2025\/10\/Graziskiu-gimnazijos-spalio-menesio-veiklos-planas.pdf\" target=\"_blank\" rel=\"noreferrer noopener\">Gra\u017ei\u0161ki\u0173 gimnazijos ir Gra\u017ei\u0161ki\u0173 gimnazijos Bartnink\u0173 Jono Basanavi\u010diaus skyriaus 2025 m. spalio m\u0117nesio veiklos planas<\/a><\/div>\n\n\n\n<div class=\"wp-block-file\"><a id=\"wp-block-file--media-ee545622-f465-4eab-9e98-7cbf7645d80d\" href=\"https:\/\/graziskiugimnazija.lt\/wp-content\/uploads\/2025\/09\/Vilkaviskio-r.-Graziskiu-gimnazijos-2025-m.-rugsejo-men.-veiklos-planas.pdf\" target=\"_blank\" rel=\"noreferrer noopener\">Gra\u017ei\u0161ki\u0173 gimnazijos ir Gra\u017ei\u0161ki\u0173 gimnazijos Bartnink\u0173 Jono Basanavi\u010diaus skyriaus 2025 m. rugs\u0117jo m\u0117nesio veiklos planas<\/a><\/div>\n\n\n\n<hr class=\"wp-block-separator has-alpha-channel-opacity is-style-wide\"\/>\n\n\n\n<h2 class=\"wp-block-heading\">2024-2025 mokslo metai<\/h2>\n\n\n\n<div class=\"wp-block-file\"><a id=\"wp-block-file--media-4374d758-0089-4564-9dfe-10a093bc5972\" href=\"https:\/\/graziskiugimnazija.lt\/wp-content\/uploads\/2025\/06\/Graziskiu-gimnazijos-ir-Bartninku-skyriaus-birzelio-menesio-planas.pdf\" target=\"_blank\" rel=\"noreferrer noopener\">Gra\u017ei\u0161ki\u0173 gimnazijos ir Gra\u017ei\u0161ki\u0173 gimnazijos Bartnink\u0173 Jono Basanavi\u010diaus skyriaus 2025 m. bir\u017eelio m\u0117nesio veiklos planas<\/a><\/div>\n\n\n\n<div class=\"wp-block-file\"><a id=\"wp-block-file--media-e8ac69be-aad8-407c-abac-2342093d9000\" href=\"https:\/\/graziskiugimnazija.lt\/wp-content\/uploads\/2025\/05\/Graziskiu-gimnazijos-ir-Bartninku-skyriaus-geguzes-menesio-veiklos-planas.pdf\" target=\"_blank\" rel=\"noreferrer noopener\">Gra\u017ei\u0161ki\u0173 gimnazijos ir Gra\u017ei\u0161ki\u0173 gimnazijos Bartnink\u0173 Jono Basanavi\u010diaus skyriaus 2025 m. gegu\u017e\u0117s m\u0117nesio veiklos planas<\/a><\/div>\n\n\n\n<div class=\"wp-block-file\"><a id=\"wp-block-file--media-9f8563bd-12cf-4285-a3b3-fbfe1ff6edd7\" href=\"https:\/\/graziskiugimnazija.lt\/wp-content\/uploads\/2025\/04\/Graziskiu-gimnazijos-ir-Bartninku-skyriaus-balandzio-men.-veiklos-planas1.pdf\" target=\"_blank\" rel=\"noreferrer noopener\">Gra\u017ei\u0161ki\u0173 gimnazijos ir Gra\u017ei\u0161ki\u0173 gimnazijos Bartnink\u0173 Jono Basanavi\u010diaus skyriaus 2025 m. baland\u017eio m\u0117nesio veiklos planas<\/a><\/div>\n\n\n\n<div class=\"wp-block-file\"><a id=\"wp-block-file--media-09f2bcae-a092-4c7c-b863-c742a9f6e421\" href=\"https:\/\/graziskiugimnazija.lt\/wp-content\/uploads\/2025\/03\/Graziskiu-gimnazijos-ir-Bartninku-skyriaus-2025-m.-kovo-menesio-veiklos-planas.pdf\" target=\"_blank\" rel=\"noreferrer noopener\">Gra\u017ei\u0161ki\u0173 gimnazijos ir Gra\u017ei\u0161ki\u0173 gimnazijos Bartnink\u0173 Jono Basanavi\u010diaus skyriaus 2025 m. kovo m\u0117nesio veiklos planas<\/a><\/div>\n\n\n\n<div class=\"wp-block-file\"><a id=\"wp-block-file--media-0c7afc07-bd93-4983-a41e-2775ccc33382\" href=\"https:\/\/graziskiugimnazija.lt\/wp-content\/uploads\/2025\/02\/2025-metu-vasario-men.-veiklos-planas.pdf\" target=\"_blank\" rel=\"noreferrer noopener\">Gra\u017ei\u0161ki\u0173 gimnazijos ir Gra\u017ei\u0161ki\u0173 gimnazijos Bartnink\u0173 Jono Basanavi\u010diaus skyriaus 2025 m. vasario m\u0117nesio veiklos planas<\/a><\/div>\n\n\n\n<div class=\"wp-block-file\"><a id=\"wp-block-file--media-95200acd-6993-4ed3-9e30-511099163a8b\" href=\"https:\/\/graziskiugimnazija.lt\/wp-content\/uploads\/2025\/01\/Graziskiu-gimnazijos-ir-Bartninku-skyriaus-2025-m.-sausio-men.-planas.pdf\">Gra\u017ei\u0161ki\u0173 gimnazijos ir Gra\u017ei\u0161ki\u0173 gimnazijos Bartnink\u0173 Jono Basanavi\u010diaus skyriaus 2025 m. sausio m\u0117nesio veiklos planas<\/a><\/div>\n\n\n\n<div class=\"wp-block-file\"><a id=\"wp-block-file--media-c042ea4a-4610-459d-ae2f-a3e740d95373\" href=\"https:\/\/graziskiugimnazija.lt\/wp-content\/uploads\/2024\/12\/Graziskiu-gimnazijos-ir-Bartninku-skyriaus-2024-m.-gruodzio-men.-veiklos-planas.pdf\" target=\"_blank\" rel=\"noreferrer noopener\">Gra\u017ei\u0161ki\u0173 gimnazijos ir Gra\u017ei\u0161ki\u0173 gimnazijos Bartnink\u0173 Jono Basanavi\u010diaus skyriaus 2024 m. gruod\u017eio m\u0117nesio veiklos planas<\/a><\/div>\n\n\n\n<div class=\"wp-block-file\"><a id=\"wp-block-file--media-e348614a-2707-4d52-b3f7-661455d74cc0\" href=\"https:\/\/graziskiugimnazija.lt\/wp-content\/uploads\/2024\/11\/2024-m.-lapkricio-men.-veiklos-planas-1.pdf\">Gra\u017ei\u0161ki\u0173 gimnazijos ir Gra\u017ei\u0161ki\u0173 gimnazijos Bartnink\u0173 Jono Basanavi\u010diaus skyriaus 2024 m. lapkri\u010dio m\u0117nesio veiklos planas<\/a><\/div>\n\n\n\n<div class=\"wp-block-file\"><a id=\"wp-block-file--media-8c6b6f08-f160-46c3-af98-6a27150c9d6b\" href=\"https:\/\/graziskiugimnazija.lt\/wp-content\/uploads\/2024\/10\/Graziskiu-gimnazijos-ir-Graziskiu-gimnazijos-Jono-Basanaviciaus-skyriaus-2024-m.-spalio-menesio-veiklos-planas.pdf\">Gra\u017ei\u0161ki\u0173 gimnazijos ir Gra\u017ei\u0161ki\u0173 gimnazijos Bartnink\u0173 Jono Basanavi\u010diaus skyriaus 2024 m. spalio m\u0117nesio veiklos planas<\/a><\/div>\n\n\n\n<div class=\"wp-block-file\"><a id=\"wp-block-file--media-5220b036-5154-464c-8713-a2d1bf1fd1c9\" href=\"https:\/\/graziskiugimnazija.lt\/wp-content\/uploads\/2024\/10\/Graziskiu-gimnazijos-ir-Graziskiu-gimnazijos-Jono-Basanaviciaus-skyriaus-2024-m.-rugsejo-menesio-veiklos-planas.pdf\">Gra\u017ei\u0161ki\u0173 gimnazijos ir Gra\u017ei\u0161ki\u0173 gimnazijos  Bartnink\u0173 Jono Basanavi\u010diaus skyriaus 2024 m. rugs\u0117jo m\u0117nesio veiklos planas<\/a><\/div>\n\n\n\n<hr class=\"wp-block-separator has-alpha-channel-opacity is-style-wide\"\/>\n\n\n\n<h2 class=\"wp-block-heading\">2023-2024 mokslo metai<\/h2>\n\n\n\n<div class=\"wp-block-file\"><a id=\"wp-block-file--media-79c363ea-2069-49f3-bba4-9aee89647ca8\" href=\"https:\/\/graziskiugimnazija.lt\/wp-content\/uploads\/2024\/06\/Graziskiu-gimnazijos-ir-Bartninku-skyriaus-birzelio-men.-veiklos-planas.pdf\">Graziski\u0173 gimnazijos ir Gra\u017ei\u0161ki\u0173 gimnazijos Bartnink\u0173 Jono Basanavi\u010diaus skyriaus 2024 m. bir\u017eelio menesio veiklos planas<\/a><\/div>\n\n\n\n<div class=\"wp-block-file\"><a id=\"wp-block-file--media-a83a547d-26f5-42c1-9b3c-b22fcdb927d0\" href=\"https:\/\/graziskiugimnazija.lt\/wp-content\/uploads\/2024\/10\/Graziskiu-gimnazijos-ir-Bartninku-skyriaus-2024-m.-geguzes-menesio-veiklos-planas.pdf\">Gra\u017ei\u0161ki\u0173 gimnazijos ir Gra\u017ei\u0161ki\u0173 gimnazijos Bartnink\u0173  skyriaus 2024 m. gegu\u017e\u0117s m\u0117nesio veiklos planas<\/a><\/div>\n\n\n\n<div class=\"wp-block-file\"><a id=\"wp-block-file--media-72e11cd0-33bb-4d91-9fc8-66ca4abe374c\" href=\"https:\/\/graziskiugimnazija.lt\/wp-content\/uploads\/2024\/04\/Graziskiu-gimnazijos-ir-Bartninku-skyriaus-balandzio-men.-veiklos-planas.pdf\" target=\"_blank\" rel=\"noreferrer noopener\">Gra\u017eiski\u0173 gimnazijos ir Gra\u017ei\u0161ki\u0173 gimnazijos Bartnink\u0173 Jono Basanavi\u010diaus skyriaus 2024 m. baland\u017eio m\u0117nesio veiklos planas<\/a><\/div>\n\n\n\n<div class=\"wp-block-file\"><a id=\"wp-block-file--media-9a01bd07-8fed-469f-a516-2b0f8491c22a\" href=\"https:\/\/graziskiugimnazija.lt\/wp-content\/uploads\/2024\/04\/Graziskiu-gimnazijos-ir-Bartninku-skyriaus-kovo-men.-veiklos-planas.pdf\" target=\"_blank\" rel=\"noreferrer noopener\">Gra\u017eiski\u0173 gimnazijos ir Gra\u017ei\u0161ki\u0173 gimnazijos Bartnink\u0173 Jono Basanavi\u010diaus skyriaus 2024 m. kovo m\u0117nesio veiklos planas<\/a><\/div>\n\n\n\n<div class=\"wp-block-file\"><a id=\"wp-block-file--media-efafb805-6a68-4194-9b32-3f89b22153ef\" href=\"https:\/\/graziskiugimnazija.lt\/wp-content\/uploads\/2024\/03\/Graziskiu-gimnazijos-ir-Bartninku-skyriaus-2024-m.-vasario-men.-veiklos-planas.pdf\" target=\"_blank\" rel=\"noreferrer noopener\">Gra\u017ei\u0161ki\u0173 gimnazijos ir Gra\u017ei\u0161ki\u0173 gimnazijos Bartninku Jono Basanavi\u010diaus skyriaus 2024 m. vasario m\u0117nesio veiklos planas<\/a><\/div>\n\n\n\n<div class=\"wp-block-file\"><a id=\"wp-block-file--media-e5df6ca8-d0ff-4b61-a912-c7cf6ac4d1b2\" href=\"https:\/\/graziskiugimnazija.lt\/wp-content\/uploads\/2024\/03\/2024-m.-sausio-men.-Graziskiu-gimnazijos-ir-Bartninku-skyriaus-planai.pdf\" target=\"_blank\" rel=\"noreferrer noopener\">Gra\u017ei\u0161ki\u0173 gimnazijos ir Gra\u017ei\u0161ki\u0173 gimnazijos Bartninku Jono Basanavi\u010diaus skyriaus 2024 m.  sausio m\u0117nesio veiklos planas<\/a><\/div>\n\n\n\n<div class=\"wp-block-file\"><a id=\"wp-block-file--media-bcbe7c0f-0532-46a8-9465-769b47acc9fa\" href=\"https:\/\/graziskiugimnazija.lt\/wp-content\/uploads\/2024\/03\/2023-m.-gruodzio-men.-Graziskiu-gimnazijos-ir-Bartninku-skyriaus-planai.pdf\" target=\"_blank\" rel=\"noreferrer noopener\">Gra\u017ei\u0161ki\u0173 gimnazijos ir Gra\u017ei\u0161ki\u0173 gimnazijos Bartninku Jono Basanavi\u010diaus skyriaus 2023 m. gruod\u017eio m\u0117nesio veiklos planas<\/a><\/div>\n\n\n\n<div class=\"wp-block-file\"><a id=\"wp-block-file--media-6045be50-2a3a-4ae5-b284-5485e5e358e6\" href=\"https:\/\/graziskiugimnazija.lt\/wp-content\/uploads\/2024\/03\/2023-m.-lapkricio-men.-Graziskiu-gimnazijos-ir-Bartninku-skyriaus-planai.pdf\" target=\"_blank\" rel=\"noreferrer noopener\">Gra\u017ei\u0161ki\u0173 gimnazijos ir Gra\u017ei\u0161ki\u0173 gimnazijos Bartninku Jono Basanavi\u010diaus skyriaus 2023 m. lapkri\u010dio m\u0117nesio veiklos planas<\/a><\/div>\n\n\n\n<div class=\"wp-block-file\"><a id=\"wp-block-file--media-a4785ad0-f586-4387-b50b-9557dc1355aa\" href=\"https:\/\/graziskiugimnazija.lt\/wp-content\/uploads\/2024\/03\/2023-m.-spalio-men.-Graziskiu-gimnazijos-ir-Bartninku-skyriaus-planai.pdf\" target=\"_blank\" rel=\"noreferrer noopener\">Gra\u017ei\u0161ki\u0173 gimnazijos ir Gra\u017ei\u0161ki\u0173 gimnazijos Bartninku Jono Basanavi\u010diaus skyriaus 2023 m. spalio m\u0117nesio veiklos planas<\/a><\/div>\n\n\n\n<div class=\"wp-block-file\"><a id=\"wp-block-file--media-1f9f2bf9-f432-4506-acbe-74c05773c842\" href=\"https:\/\/graziskiugimnazija.lt\/wp-content\/uploads\/2024\/03\/2023-m.-rugsejo-men.-Graziskiu-gimnazijos-ir-Bartninku-skyriaus-veiklos-planai.pdf\" target=\"_blank\" rel=\"noreferrer noopener\">Gra\u017ei\u0161ki\u0173 gimnazijos ir Gra\u017ei\u0161ki\u0173 gimnazijos Bartninku Jono Basanavi\u010diaus skyriaus 2023 m. rugs\u0117jo m\u0117nesio veiklos planasi<\/a><\/div>\n\n\n\n<hr class=\"wp-block-separator has-alpha-channel-opacity is-style-wide\"\/>\n\n\n\n<p class=\"has-small-font-size\"><em>Informacija atnaujinta: 2026-05-07<\/em><\/p>\n","protected":false},"excerpt":{"rendered":"<p>2025-2026 mokslo metai 2024-2025 mokslo metai 2023-2024 mokslo metai Informacija atnaujinta: 2026-05-07<\/p>\n","protected":false},"author":1,"featured_media":0,"parent":0,"menu_order":0,"comment_status":"closed","ping_status":"closed","template":"","meta":{"om_disable_all_campaigns":false,"_monsterinsights_skip_tracking":false,"_monsterinsights_sitenote_active":false,"_monsterinsights_sitenote_note":"","_monsterinsights_sitenote_category":0,"ngg_post_thumbnail":0,"footnotes":""},"class_list":["post-181","page","type-page","status-publish","hentry"],"_links":{"self":[{"href":"https:\/\/graziskiugimnazija.lt\/index.php?rest_route=\/wp\/v2\/pages\/181","targetHints":{"allow":["GET"]}}],"collection":[{"href":"https:\/\/graziskiugimnazija.lt\/index.php?rest_route=\/wp\/v2\/pages"}],"about":[{"href":"https:\/\/graziskiugimnazija.lt\/index.php?rest_route=\/wp\/v2\/types\/page"}],"author":[{"embeddable":true,"href":"https:\/\/graziskiugimnazija.lt\/index.php?rest_route=\/wp\/v2\/users\/1"}],"replies":[{"embeddable":true,"href":"https:\/\/graziskiugimnazija.lt\/index.php?rest_route=%2Fwp%2Fv2%2Fcomments&post=181"}],"version-history":[{"count":37,"href":"https:\/\/graziskiugimnazija.lt\/index.php?rest_route=\/wp\/v2\/pages\/181\/revisions"}],"predecessor-version":[{"id":4196,"href":"https:\/\/graziskiugimnazija.lt\/index.php?rest_route=\/wp\/v2\/pages\/181\/revisions\/4196"}],"wp:attachment":[{"href":"https:\/\/graziskiugimnazija.lt\/index.php?rest_route=%2Fwp%2Fv2%2Fmedia&parent=181"}],"curies":[{"name":"wp","href":"https:\/\/api.w.org\/{rel}","templated":true}]}}