{"id":179,"date":"2023-12-04T22:33:12","date_gmt":"2023-12-04T20:33:12","guid":{"rendered":"https:\/\/graziskiugimnazija.lt\/?page_id=179"},"modified":"2026-01-05T15:10:17","modified_gmt":"2026-01-05T13:10:17","slug":"veiklos-planas","status":"publish","type":"page","link":"https:\/\/graziskiugimnazija.lt\/?page_id=179","title":{"rendered":"VEIKLOS PLANAS"},"content":{"rendered":"\n<div class=\"wp-block-file\"><a id=\"wp-block-file--media-8edbe117-45b6-4a65-8454-5256c5248d93\" href=\"https:\/\/graziskiugimnazija.lt\/wp-content\/uploads\/2026\/01\/Vilkaviskio-r.-Graziskiu-gimnazijos-2026-metu-veiklos-planas-.pdf\" target=\"_blank\" rel=\"noreferrer noopener\">Vilkavi\u0161kio r. Gra\u017ei\u0161ki\u0173 gimnazijos 2026 met\u0173 veiklos planas<\/a><\/div>\n\n\n\n<div class=\"wp-block-file\"><a id=\"wp-block-file--media-e7d96b3a-43b4-400e-8e75-fa57ec294a9a\" href=\"https:\/\/graziskiugimnazija.lt\/wp-content\/uploads\/2025\/03\/Vilkaviskio-r.-Graziskiu-gimnazijos-2025-metu-veiklos-planas.pdf\" target=\"_blank\" rel=\"noreferrer noopener\">Vilkavi\u0161kio r. Gra\u017ei\u0161ki\u0173 gimnazijos 2025 met\u0173 veiklos planas<\/a><\/div>\n\n\n\n<div class=\"wp-block-file\"><a id=\"wp-block-file--media-c8188748-d9b5-42f3-8627-9e414b808129\" href=\"https:\/\/graziskiugimnazija.lt\/wp-content\/uploads\/2025\/06\/Vilkaviskio-r.-Graziskiu-gimnazijos-2024-metu-veiklos-planas.pdf\" target=\"_blank\" rel=\"noreferrer noopener\">Vilkavi\u0161kio r. Gra\u017ei\u0161ki\u0173 gimnazijos 2024 met\u0173 veiklos planas<\/a><\/div>\n\n\n\n<div class=\"wp-block-file\"><a id=\"wp-block-file--media-c15f61f3-f7eb-4f66-a081-f182c9fcb3fc\" href=\"https:\/\/graziskiugimnazija.lt\/wp-content\/uploads\/2024\/02\/2023-m.-veiklos-planas.pdf\" target=\"_blank\" rel=\"noreferrer noopener\">Vilkavi\u0161kio r. Gra\u017ei\u0161ki\u0173 gimnazijos 2023 met\u0173 veiklos planas<\/a><\/div>\n\n\n\n<hr class=\"wp-block-separator has-alpha-channel-opacity is-style-wide\"\/>\n\n\n\n<p class=\"has-small-font-size\"><em>Informacija atnaujinta: 2026-01-05<\/em><\/p>\n\n\n\n<p><\/p>\n","protected":false},"excerpt":{"rendered":"<p>Informacija atnaujinta: 2026-01-05<\/p>\n","protected":false},"author":1,"featured_media":0,"parent":0,"menu_order":0,"comment_status":"closed","ping_status":"closed","template":"","meta":{"om_disable_all_campaigns":false,"_monsterinsights_skip_tracking":false,"_monsterinsights_sitenote_active":false,"_monsterinsights_sitenote_note":"","_monsterinsights_sitenote_category":0,"ngg_post_thumbnail":0,"footnotes":""},"class_list":["post-179","page","type-page","status-publish","hentry"],"_links":{"self":[{"href":"https:\/\/graziskiugimnazija.lt\/index.php?rest_route=\/wp\/v2\/pages\/179","targetHints":{"allow":["GET"]}}],"collection":[{"href":"https:\/\/graziskiugimnazija.lt\/index.php?rest_route=\/wp\/v2\/pages"}],"about":[{"href":"https:\/\/graziskiugimnazija.lt\/index.php?rest_route=\/wp\/v2\/types\/page"}],"author":[{"embeddable":true,"href":"https:\/\/graziskiugimnazija.lt\/index.php?rest_route=\/wp\/v2\/users\/1"}],"replies":[{"embeddable":true,"href":"https:\/\/graziskiugimnazija.lt\/index.php?rest_route=%2Fwp%2Fv2%2Fcomments&post=179"}],"version-history":[{"count":8,"href":"https:\/\/graziskiugimnazija.lt\/index.php?rest_route=\/wp\/v2\/pages\/179\/revisions"}],"predecessor-version":[{"id":3698,"href":"https:\/\/graziskiugimnazija.lt\/index.php?rest_route=\/wp\/v2\/pages\/179\/revisions\/3698"}],"wp:attachment":[{"href":"https:\/\/graziskiugimnazija.lt\/index.php?rest_route=%2Fwp%2Fv2%2Fmedia&parent=179"}],"curies":[{"name":"wp","href":"https:\/\/api.w.org\/{rel}","templated":true}]}}