{"id":177,"date":"2023-12-04T22:32:48","date_gmt":"2023-12-04T20:32:48","guid":{"rendered":"https:\/\/graziskiugimnazija.lt\/?page_id=177"},"modified":"2026-03-26T11:04:43","modified_gmt":"2026-03-26T09:04:43","slug":"ugdymo-planai","status":"publish","type":"page","link":"https:\/\/graziskiugimnazija.lt\/?page_id=177","title":{"rendered":"UGDYMO PLANAI"},"content":{"rendered":"\n<div class=\"wp-block-file\"><a id=\"wp-block-file--media-e82a1e39-127f-4ad2-9279-908dcfe05a58\" href=\"https:\/\/graziskiugimnazija.lt\/wp-content\/uploads\/2026\/03\/V.M-99-Del-ugdymo-plano-pakeitimo1.pdf\" target=\"_blank\" rel=\"noreferrer noopener\"><strong>Gra\u017ei\u0161ki\u0173 gimnazijos direktoriaus \u012fsakymas V.M-99 D\u0117l ugdymo plano pakeitimo<\/strong><\/a><\/div>\n\n\n\n<div class=\"wp-block-file\"><a id=\"wp-block-file--media-1d883c6d-3d01-45c0-9623-209829ac2fd2\" href=\"https:\/\/graziskiugimnazija.lt\/wp-content\/uploads\/2025\/10\/Graziskiu-gimnazijos-2025\u20132026-ir-2026\u20132027-mokslo-metu-ugdymo-planas.pdf\" target=\"_blank\" rel=\"noreferrer noopener\"><strong>Gra\u017ei\u0161ki\u0173 gimnazijos 2025\u20132026 ir 2026\u20132027 mokslo met\u0173 ugdymo planas<\/strong><\/a><\/div>\n\n\n\n<div class=\"wp-block-file\"><a id=\"wp-block-file--media-eb25a409-eb15-42e1-a21d-3f36bbb66782\" href=\"https:\/\/graziskiugimnazija.lt\/wp-content\/uploads\/2024\/10\/Vilkaviskio-r.-Graziskiu-gimnazijos-ugdymo-planas.pdf\">Vilkavi\u0161kio r. Gra\u017ei\u0161ki\u0173 gimnazijos ugdymo planas 2023-2024 m. m. ir 2024-2025 m. m. <\/a><\/div>\n\n\n\n<div class=\"wp-block-file\"><a id=\"wp-block-file--media-70a3fb8f-8b01-4c17-997e-bfd4062aaff0\" href=\"https:\/\/graziskiugimnazija.lt\/wp-content\/uploads\/2025\/05\/V.M-122-Del-ugdymo-plano-pakeitimo3.pdf\" target=\"_blank\" rel=\"noreferrer noopener\">Gra\u017ei\u0161ki\u0173 gimnazijos direktoriaus \u012fsakymas V.M-122 D\u0117l ugdymo plano pakeitimo<\/a><\/div>\n\n\n\n<hr class=\"wp-block-separator has-alpha-channel-opacity is-style-wide\"\/>\n\n\n\n<h2 class=\"wp-block-heading\">Ikimokyklinis prie\u0161mokyklinis ugdymas<\/h2>\n\n\n\n<div class=\"wp-block-file\"><a id=\"wp-block-file--media-7134cd82-b52f-4b72-9006-7183c5c33a58\" href=\"http:\/\/graziskiugimnazija.lt\/wp-content\/uploads\/2025\/11\/Vilkaviskio-r.-Graziskiu-gimnazijos-Bartninku-Jono-Basanaviciaus-priesmokyklines-grupes-ilgalaikis-veiklos-planas-2025-2026-m.-m.pdf\" target=\"_blank\" rel=\"noreferrer noopener\">Vilkavi\u0161kio r. Gra\u017ei\u0161ki\u0173 gimnazijos Bartnink\u0173 Jono Basanavi\u010diaus prie\u0161mokyklin\u0117s grup\u0117s ilgalaikis veiklos planas 2025-2026 m. m.<\/a><\/div>\n\n\n\n<div class=\"wp-block-file\"><a id=\"wp-block-file--media-7047892c-f98c-44c2-a9f5-156269ce1ee8\" href=\"http:\/\/graziskiugimnazija.lt\/wp-content\/uploads\/2025\/11\/Vilkaviskio-r.-Graziskiu-gimnazijos-priesmokyklinio-ugdymo-grupes-Peledziukai-ilgalaikis-vaiklos-planas-2025-2026-m.-m.pdf\" target=\"_blank\" rel=\"noreferrer noopener\">Vilkavi\u0161kio r. Gra\u017ei\u0161ki\u0173 gimnazijos prie\u0161mokyklinio ugdymo grup\u0117s Pel\u0117d\u017eiukai ilgalaikis vaiklos planas 2025-2026 m. m.<\/a><\/div>\n\n\n\n<div class=\"wp-block-file\"><a id=\"wp-block-file--media-f8100872-c5aa-4986-b8d8-0c62be3d7166\" href=\"http:\/\/graziskiugimnazija.lt\/wp-content\/uploads\/2025\/11\/Vilkaviskio-r.-Graziskiu-gimnazijos-ikimokyklinio-ugdymo-grupes-Boruziukai-ilgalaikis-ugdymo-veiklos-planas-2025-2026-m.-m.pdf\" target=\"_blank\" rel=\"noreferrer noopener\">Vilkavi\u0161kio r. Gra\u017ei\u0161ki\u0173 gimnazijos ikimokyklinio ugdymo grup\u0117s Boru\u017eiukai ilgalaikis ugdymo veiklos planas 2025-2026 m. m.<\/a><\/div>\n\n\n\n<div class=\"wp-block-file\"><a id=\"wp-block-file--media-f0c62951-1e04-4fcb-98a1-b4b6d0b41fe3\" href=\"http:\/\/graziskiugimnazija.lt\/wp-content\/uploads\/2025\/11\/Vilkaviskio-r.-Graziskiu-gimnazijos-ikimokyklinio-ugdymo-grupes-Skruzdeliukai-ilgalaikis-ugdymo-veiklos-planas-2025-2026-m.-m.pdf\" target=\"_blank\" rel=\"noreferrer noopener\">Vilkavi\u0161kio r. Gra\u017ei\u0161ki\u0173 gimnazijos ikimokyklinio ugdymo grup\u0117s Skruzd\u0117liukai ilgalaikis ugdymo veiklos planas 2025-2026 m. m.<\/a><\/div>\n\n\n\n<hr class=\"wp-block-separator has-alpha-channel-opacity is-style-wide\"\/>\n\n\n\n<p class=\"has-small-font-size\"><em>Informacija atnaujinta 2026-03-26<\/em><\/p>\n\n\n\n<p><\/p>\n","protected":false},"excerpt":{"rendered":"<p>Ikimokyklinis prie\u0161mokyklinis ugdymas Informacija atnaujinta 2026-03-26<\/p>\n","protected":false},"author":1,"featured_media":0,"parent":0,"menu_order":0,"comment_status":"closed","ping_status":"closed","template":"","meta":{"om_disable_all_campaigns":false,"_monsterinsights_skip_tracking":false,"_monsterinsights_sitenote_active":false,"_monsterinsights_sitenote_note":"","_monsterinsights_sitenote_category":0,"ngg_post_thumbnail":0,"footnotes":""},"class_list":["post-177","page","type-page","status-publish","hentry"],"_links":{"self":[{"href":"https:\/\/graziskiugimnazija.lt\/index.php?rest_route=\/wp\/v2\/pages\/177","targetHints":{"allow":["GET"]}}],"collection":[{"href":"https:\/\/graziskiugimnazija.lt\/index.php?rest_route=\/wp\/v2\/pages"}],"about":[{"href":"https:\/\/graziskiugimnazija.lt\/index.php?rest_route=\/wp\/v2\/types\/page"}],"author":[{"embeddable":true,"href":"https:\/\/graziskiugimnazija.lt\/index.php?rest_route=\/wp\/v2\/users\/1"}],"replies":[{"embeddable":true,"href":"https:\/\/graziskiugimnazija.lt\/index.php?rest_route=%2Fwp%2Fv2%2Fcomments&post=177"}],"version-history":[{"count":10,"href":"https:\/\/graziskiugimnazija.lt\/index.php?rest_route=\/wp\/v2\/pages\/177\/revisions"}],"predecessor-version":[{"id":3992,"href":"https:\/\/graziskiugimnazija.lt\/index.php?rest_route=\/wp\/v2\/pages\/177\/revisions\/3992"}],"wp:attachment":[{"href":"https:\/\/graziskiugimnazija.lt\/index.php?rest_route=%2Fwp%2Fv2%2Fmedia&parent=177"}],"curies":[{"name":"wp","href":"https:\/\/api.w.org\/{rel}","templated":true}]}}