{"id":163,"date":"2023-12-04T22:26:26","date_gmt":"2023-12-04T20:26:26","guid":{"rendered":"https:\/\/graziskiugimnazija.lt\/?page_id=163"},"modified":"2025-10-27T22:14:35","modified_gmt":"2025-10-27T20:14:35","slug":"biudzeto-vykdymo-ataskaitu-rinkiniai","status":"publish","type":"page","link":"https:\/\/graziskiugimnazija.lt\/?page_id=163","title":{"rendered":"BIUD\u017dETO VYKDYMO ATASKAIT\u0172 RINKINIAI"},"content":{"rendered":"\n<h2 class=\"wp-block-heading\">2025 metai<\/h2>\n\n\n\n<hr class=\"wp-block-separator has-alpha-channel-opacity is-style-wide\"\/>\n\n\n\n<div class=\"wp-block-file\"><a id=\"wp-block-file--media-263db787-2cac-43b3-915e-357dbfd6ee41\" href=\"https:\/\/graziskiugimnazija.lt\/wp-content\/uploads\/2025\/10\/Biudzeto-islaidu-samatos-vykdymo-ataskaitos-uz-2025-m.-III-ketvirti.pdf\" target=\"_blank\" rel=\"noreferrer noopener\">Biud\u017eeto i\u0161laid\u0173 s\u0105matos vykdymo ataskaitos 2025 m. III ketvirtis<\/a><\/div>\n\n\n\n<div class=\"wp-block-file\"><a id=\"wp-block-file--media-871ed4e7-069f-47a0-baee-4ccb2e5fe9a3\" href=\"https:\/\/graziskiugimnazija.lt\/wp-content\/uploads\/2025\/07\/Biudzeto-islaidu-samatos-vykdymo-ataskaitos-uz-2025-m.-II-ketvirti.pdf\" target=\"_blank\" rel=\"noreferrer noopener\">Biud\u017eeto i\u0161laid\u0173 s\u0105matos vykdymo ataskaitos 2025 m. II ketvirtis<\/a><\/div>\n\n\n\n<div class=\"wp-block-file\"><a id=\"wp-block-file--media-2b76baa8-f03c-4d1a-9053-9a855b9c9460\" href=\"https:\/\/graziskiugimnazija.lt\/wp-content\/uploads\/2025\/06\/Biudzeto-islaidu-samatos-vykdymo-ataskaitos-uz-2025-m.-I-ketvirti.pdf\" target=\"_blank\" rel=\"noreferrer noopener\">Biud\u017eeto i\u0161laid\u0173 s\u0105matos vykdymo ataskaitos 2025 m. I ketvirtis<\/a><\/div>\n\n\n\n<div class=\"wp-block-file\"><a id=\"wp-block-file--media-160b8f63-24b9-4820-82d2-fe8e33b8c680\" href=\"https:\/\/graziskiugimnazija.lt\/wp-content\/uploads\/2025\/06\/Finansines-ataskaitos-uz-2025-m.-I-ketvirti.pdf\" target=\"_blank\" rel=\"noreferrer noopener\">Finansin\u0117s ataskaitos 2025 m. I ketvirtis<\/a><\/div>\n\n\n\n<h2 class=\"wp-block-heading\">2024 metai<\/h2>\n\n\n\n<hr class=\"wp-block-separator has-alpha-channel-opacity is-style-wide\"\/>\n\n\n\n<div class=\"wp-block-file\"><a id=\"wp-block-file--media-02aaee7f-b1a7-4c43-a151-94b1747cd45b\" href=\"https:\/\/graziskiugimnazija.lt\/wp-content\/uploads\/2025\/05\/Biudzeto-islaidu-samatos-vykdymo-2024-m.-gruodzio-31-d.-ataskaita.pdf\" target=\"_blank\" rel=\"noreferrer noopener\">Biud\u017eeto i\u0161laid\u0173 s\u0105matos vykdymo 2024 m. gruod\u017eio 31 d. ataskaita<\/a><\/div>\n\n\n\n<div class=\"wp-block-file\"><a id=\"wp-block-file--media-00dc8f2e-8262-44a0-82c6-8c1a47feea4f\" href=\"https:\/\/graziskiugimnazija.lt\/wp-content\/uploads\/2025\/05\/Biudzeto-islaidu-samatos-vykdymo-2024-m.-rugsejo-30-d.-ataskaita.pdf\" target=\"_blank\" rel=\"noreferrer noopener\">Biud\u017eeto i\u0161laid\u0173 s\u0105matos vykdymo 2024 m. rugs\u0117jo 30 d. ataskaita<\/a><\/div>\n\n\n\n<div class=\"wp-block-file\"><a id=\"wp-block-file--media-a9504b34-cb7e-476b-b103-c06b5285ef67\" href=\"https:\/\/graziskiugimnazija.lt\/wp-content\/uploads\/2025\/05\/2024-m.-rugsejo-30-d.-finansines-ataskaitos.pdf\" target=\"_blank\" rel=\"noreferrer noopener\">2024 m. rugs\u0117jo 30 d. finansin\u0117s ataskaitos<\/a><\/div>\n\n\n\n<div class=\"wp-block-file\"><a id=\"wp-block-file--media-8c9c9323-81c5-43b5-8818-669c2c48f0c4\" href=\"https:\/\/graziskiugimnazija.lt\/wp-content\/uploads\/2025\/05\/2024-m.-birzelio-30-d.-finansines-ataskaitos.pdf\" target=\"_blank\" rel=\"noreferrer noopener\">2024 m. bir\u017eelio 30 d. finansin\u0117s ataskaitos<\/a><\/div>\n\n\n\n<div class=\"wp-block-file\"><a id=\"wp-block-file--media-37c66315-afbd-4ea3-b3af-7b581423bb02\" href=\"https:\/\/graziskiugimnazija.lt\/wp-content\/uploads\/2025\/05\/2024-m.-kovo-31-d.-finansines-ataskaitos.pdf\" target=\"_blank\" rel=\"noreferrer noopener\">2024 m. kovo 31 d. finansin\u0117s ataskaitos<\/a><\/div>\n\n\n\n<div class=\"wp-block-file\"><a id=\"wp-block-file--media-d93e756f-3937-49df-800a-08a2149c7aed\" href=\"https:\/\/graziskiugimnazija.lt\/wp-content\/uploads\/2025\/05\/Vilkaviskio-r.-Graziskiu-gimnazijos-2024-m.-gruodzio-31-d.-finansiniu-ataskaitu-rinkinys-1.pdf\" target=\"_blank\" rel=\"noreferrer noopener\">Vilkavi\u0161kio r. Gra\u017ei\u0161ki\u0173 gimnazijos 2024 m. gruod\u017eio 31 d. finansini\u0173 ataskait\u0173 rinkinys <\/a><\/div>\n\n\n\n<div class=\"wp-block-file\"><a id=\"wp-block-file--media-d0dae2bb-617b-4668-830e-ad0023262474\" href=\"https:\/\/graziskiugimnazija.lt\/wp-content\/uploads\/2024\/09\/Biudzeto-islaidu-samatos-vykdymo-ataskaita-2024-06-30.pdf\">Biud\u017eeto i\u0161laid\u0173 s\u0105matos vykdymo ataskaita 2024-06-30<\/a><\/div>\n\n\n\n<div class=\"wp-block-file\"><a id=\"wp-block-file--media-0f33b181-d968-42bf-b4bc-bbeb1e8f72cb\" href=\"https:\/\/graziskiugimnazija.lt\/wp-content\/uploads\/2024\/04\/Biudzeto-islaidu-samatos-vykdymo-ataskaitos-uz-2024-m.-I-ketvirti.pdf\" target=\"_blank\" rel=\"noreferrer noopener\">Biud\u017eeto i\u0161laid\u0173 s\u0105matos vykdymo ataskaitos u\u017e 2024 m. I ketvirt\u012f<\/a><\/div>\n\n\n\n<h2 class=\"wp-block-heading\">2023 metai<\/h2>\n\n\n\n<hr class=\"wp-block-separator has-alpha-channel-opacity is-style-wide\"\/>\n\n\n\n<div class=\"wp-block-file\"><a id=\"wp-block-file--media-b3217c9e-5e2f-4638-9fc1-dd5d6c679317\" href=\"https:\/\/graziskiugimnazija.lt\/wp-content\/uploads\/2024\/03\/2023-metu-finansiniu-ataskaitu-rinkinys.pdf\" target=\"_blank\" rel=\"noreferrer noopener\">2023 met\u0173 finansini\u0173 ataskait\u0173 rinkinys<\/a><\/div>\n\n\n\n<div class=\"wp-block-file\"><a id=\"wp-block-file--media-e5b8d3bc-ee47-4350-ae42-30880346d79e\" href=\"https:\/\/graziskiugimnazija.lt\/wp-content\/uploads\/2025\/06\/Biudzeto-islaidu-samatos-vykdymo-ataskaitos-uz-2023-m.-III-ketvirti.pdf\" target=\"_blank\" rel=\"noreferrer noopener\">Biud\u017eeto i\u0161laid\u0173 s\u0105matos vykdymo ataskaitos u\u017e 2023 m. III ketvirt\u012f<\/a><\/div>\n\n\n\n<div class=\"wp-block-file\"><a id=\"wp-block-file--media-fc7efe69-6abd-49c0-b018-b67e3c4d8362\" href=\"https:\/\/graziskiugimnazija.lt\/wp-content\/uploads\/2025\/06\/Biudzeto-islaidu-samatos-vykdymo-ataskaitos-uz-2023-m.-II-ketvirti.pdf\" target=\"_blank\" rel=\"noreferrer noopener\">Biud\u017eeto i\u0161laid\u0173 s\u0105matos vykdymo ataskaitos u\u017e 2023 m. II ketvirt\u012f<\/a><\/div>\n\n\n\n<div class=\"wp-block-file\"><a id=\"wp-block-file--media-16aaf273-c9ee-4dea-b71a-ac45ebe3122a\" href=\"https:\/\/graziskiugimnazija.lt\/wp-content\/uploads\/2025\/06\/Biudzeto-islaidu-samatos-vykdymo-ataskaitos-uz-2023-m.-I-ketvirti.pdf\" target=\"_blank\" rel=\"noreferrer noopener\">Biud\u017eeto i\u0161laid\u0173 s\u0105matos vykdymo ataskaitos u\u017e 2023 m. I ketvirt\u012f<\/a><\/div>\n\n\n\n<div class=\"wp-block-file\"><a id=\"wp-block-file--media-d285866a-ef1e-4848-9703-d1c05bd13952\" href=\"https:\/\/graziskiugimnazija.lt\/wp-content\/uploads\/2024\/02\/Biudzeto-islaidu-samatos-vykdymo-2023-m.-gruodzio-31-d.-ataskaita-ir-paaiskinamasis-rastas.pdf\" target=\"_blank\" rel=\"noreferrer noopener\">2023-12-31 Biud\u017eeto i\u0161laid\u0173 s\u0105matos vykdymo ataskaita ir paai\u0161kinamasis ra\u0161tas<\/a><\/div>\n\n\n\n<h2 class=\"wp-block-heading\">2022 metai<\/h2>\n\n\n\n<hr class=\"wp-block-separator has-alpha-channel-opacity is-style-wide\"\/>\n\n\n\n<div class=\"wp-block-file\"><a id=\"wp-block-file--media-a9c90adc-0e4c-434c-995d-ca1a2841318d\" href=\"https:\/\/graziskiugimnazija.lt\/wp-content\/uploads\/2024\/02\/2022-12-31-Paaiskinamasis-rastas-prie-biudzeto-islaidu-samatos-vykdymo-ataskaitu.pdf\" target=\"_blank\" rel=\"noreferrer noopener\">2022-12-31 Paai\u0161kinamasis ra\u0161tas prie biud\u017eeto islaid\u0173 samatos vykdymo ataskait\u0173<\/a><\/div>\n\n\n\n<div class=\"wp-block-file\"><a id=\"wp-block-file--media-841705e9-125c-4eda-b15e-ba9abb08b9c3\" href=\"https:\/\/graziskiugimnazija.lt\/wp-content\/uploads\/2024\/02\/2022-12-31-Biudzeto-islaidu-samatos-vykdymo-ataskaitos.pdf\" target=\"_blank\" rel=\"noreferrer noopener\">2022-12-31 Biud\u017eeto i\u0161laid\u0173 samatos vykdymo ataskaitos<\/a><\/div>\n\n\n\n<div class=\"wp-block-file\"><a id=\"wp-block-file--media-60646c4a-eca0-42a6-b92b-eb147d05d58e\" href=\"https:\/\/graziskiugimnazija.lt\/wp-content\/uploads\/2024\/02\/2022-09-30-Biudzeto-islaidu-samatos-vykdymo-ataskaitos.pdf\" target=\"_blank\" rel=\"noreferrer noopener\">2022-09-30 Biud\u017eeto i\u0161laid\u0173 samatos vykdymo ataskaitos<\/a><\/div>\n\n\n\n<div class=\"wp-block-file\"><a id=\"wp-block-file--media-e31030d6-0d0c-446b-a7f6-c4d96a060b00\" href=\"https:\/\/graziskiugimnazija.lt\/wp-content\/uploads\/2024\/02\/2022-06-30-Biudzeto-islaidu-samatos-vykdymo-ataskaitos.pdf\" target=\"_blank\" rel=\"noreferrer noopener\">2022-06-30 Biud\u017eeto i\u0161laid\u0173 samatos vykdymo ataskaitos<\/a><\/div>\n\n\n\n<div class=\"wp-block-file\"><a id=\"wp-block-file--media-370600fc-f6fa-40a7-9743-ef6586900cfb\" href=\"https:\/\/graziskiugimnazija.lt\/wp-content\/uploads\/2024\/02\/2022-03-31-Biudzeto-islaidu-samatos-vykdymo-ataskaitos.pdf\" target=\"_blank\" rel=\"noreferrer noopener\">2022-03-31 Biud\u017eeto i\u0161laid\u0173 samatos vykdymo ataskaitos<\/a><\/div>\n\n\n\n<h2 class=\"wp-block-heading\">2021 metai<\/h2>\n\n\n\n<hr class=\"wp-block-separator has-alpha-channel-opacity is-style-wide\"\/>\n\n\n\n<div class=\"wp-block-file\"><a id=\"wp-block-file--media-24e01281-f489-4cc5-bdb1-117cb9788c8e\" href=\"https:\/\/graziskiugimnazija.lt\/wp-content\/uploads\/2024\/02\/2021-12-31-Biudzeto-islaidu-samatos-vykdymo-ataskaitos.pdf\" target=\"_blank\" rel=\"noreferrer noopener\">2021-12-31 Biud\u017eeto i\u0161laid\u0173 samatos vykdymo ataskaitos<\/a><\/div>\n\n\n\n<h2 class=\"wp-block-heading\">2020 metai<\/h2>\n\n\n\n<hr class=\"wp-block-separator has-alpha-channel-opacity is-style-wide\"\/>\n\n\n\n<div class=\"wp-block-file\"><a id=\"wp-block-file--media-62fa0c86-ada4-4e96-b670-d9a0f54c45f0\" href=\"https:\/\/graziskiugimnazija.lt\/wp-content\/uploads\/2024\/02\/2020-12-31-Biudzeto-islaidu-samatos-vykdymo-ataskaitos.pdf\" target=\"_blank\" rel=\"noreferrer noopener\">2020-12-31 Biud\u017eeto i\u0161laid\u0173 samatos vykdymo ataskaitos<\/a><\/div>\n\n\n\n<hr class=\"wp-block-separator has-alpha-channel-opacity is-style-wide\"\/>\n\n\n\n<p class=\"has-small-font-size\"><em>Informacija atnaujinta: 2025-10-27<\/em><\/p>\n\n\n\n<p><\/p>\n","protected":false},"excerpt":{"rendered":"<p>2025 metai 2024 metai 2023 metai 2022 metai 2021 metai 2020 metai Informacija atnaujinta: 2025-10-27<\/p>\n","protected":false},"author":1,"featured_media":0,"parent":0,"menu_order":0,"comment_status":"closed","ping_status":"closed","template":"","meta":{"om_disable_all_campaigns":false,"_monsterinsights_skip_tracking":false,"_monsterinsights_sitenote_active":false,"_monsterinsights_sitenote_note":"","_monsterinsights_sitenote_category":0,"ngg_post_thumbnail":0,"footnotes":""},"class_list":["post-163","page","type-page","status-publish","hentry"],"_links":{"self":[{"href":"https:\/\/graziskiugimnazija.lt\/index.php?rest_route=\/wp\/v2\/pages\/163","targetHints":{"allow":["GET"]}}],"collection":[{"href":"https:\/\/graziskiugimnazija.lt\/index.php?rest_route=\/wp\/v2\/pages"}],"about":[{"href":"https:\/\/graziskiugimnazija.lt\/index.php?rest_route=\/wp\/v2\/types\/page"}],"author":[{"embeddable":true,"href":"https:\/\/graziskiugimnazija.lt\/index.php?rest_route=\/wp\/v2\/users\/1"}],"replies":[{"embeddable":true,"href":"https:\/\/graziskiugimnazija.lt\/index.php?rest_route=%2Fwp%2Fv2%2Fcomments&post=163"}],"version-history":[{"count":18,"href":"https:\/\/graziskiugimnazija.lt\/index.php?rest_route=\/wp\/v2\/pages\/163\/revisions"}],"predecessor-version":[{"id":3293,"href":"https:\/\/graziskiugimnazija.lt\/index.php?rest_route=\/wp\/v2\/pages\/163\/revisions\/3293"}],"wp:attachment":[{"href":"https:\/\/graziskiugimnazija.lt\/index.php?rest_route=%2Fwp%2Fv2%2Fmedia&parent=163"}],"curies":[{"name":"wp","href":"https:\/\/api.w.org\/{rel}","templated":true}]}}