{"id":157,"date":"2023-12-04T22:23:45","date_gmt":"2023-12-04T20:23:45","guid":{"rendered":"https:\/\/graziskiugimnazija.lt\/?page_id=157"},"modified":"2025-07-14T10:16:32","modified_gmt":"2025-07-14T08:16:32","slug":"tarnybiniai-lengvieji-automobiliai","status":"publish","type":"page","link":"https:\/\/graziskiugimnazija.lt\/?page_id=157","title":{"rendered":"TARNYBINIAI LENGVIEJI AUTOMOBILIAI"},"content":{"rendered":"\n<h2 class=\"wp-block-heading\">GIMNAZIJAI PRIKLAUSANTYS LENGVIEJI AUTOMOBILIAI<\/h2>\n\n\n\n<figure class=\"wp-block-table\"><table><tbody><tr><td><strong>Eil. Nr.<\/strong><\/td><td><strong>Gamyklin\u0117 mark\u0117 ir modelis<\/strong><\/td><td><strong>Spalva<\/strong><\/td><td><strong>Valstybinis registracijos Nr.<\/strong><\/td><\/tr><tr><td>1.<\/td><td>Renault Trafic<\/td><td>\u017dalia<\/td><td>EER 418<\/td><\/tr><tr><td>2.<\/td><td>VW Sharan<\/td><td>Pilka<\/td><td>JDE 991<\/td><\/tr><\/tbody><\/table><\/figure>\n\n\n\n<h2 class=\"wp-block-heading\">GIMNAZIJAI PRIKLAUSANTYS AUTOBUSAI<\/h2>\n\n\n\n<figure class=\"wp-block-table\"><table><tbody><tr><td><strong>Eil. Nr.<\/strong><\/td><td><strong>Gamyklin\u0117 mark\u0117 ir modelis<\/strong><\/td><td><strong>Spalva<\/strong><\/td><td><strong>Valstybinis registracijos Nr.<\/strong><\/td><\/tr><tr><td>1.<\/td><td>Ford Transit Tourneo<\/td><td>Balta<\/td><td>LNM 903<\/td><\/tr><tr><td>2.<\/td><td>Temsa Opalin 8<\/td><td>Geltona<\/td><td>ERE 504<\/td><\/tr><tr><td>3.<\/td><td>Setra S 415 UL<\/td><td>Pilka<\/td><td>MLD 573<\/td><\/tr><tr><td>4.<\/td><td>VW Crafter<\/td><td>Geltona<\/td><td>KSU 726<\/td><\/tr><tr><td>5.<\/td><td>Iveco Daily<\/td><td>Geltona<\/td><td>LNK 273<\/td><\/tr><tr><td>6.<\/td><td>MB Sprinter 413<\/td><td>Balta<\/td><td>CHC 592<\/td><\/tr><\/tbody><\/table><\/figure>\n\n\n\n<hr class=\"wp-block-separator has-alpha-channel-opacity is-style-wide\"\/>\n\n\n\n<p class=\"has-small-font-size\"><em>Informacija atnaujinta: 2024-01-14<\/em><\/p>\n\n\n\n<p><\/p>\n","protected":false},"excerpt":{"rendered":"<p>GIMNAZIJAI PRIKLAUSANTYS LENGVIEJI AUTOMOBILIAI Eil. Nr. Gamyklin\u0117 mark\u0117 ir modelis Spalva Valstybinis registracijos Nr. 1. Renault Trafic \u017dalia EER 418 2. VW Sharan Pilka JDE<a class=\"moretag\" href=\"https:\/\/graziskiugimnazija.lt\/?page_id=157\"> [&#8230;] Skaityti<\/a><\/p>\n","protected":false},"author":1,"featured_media":0,"parent":0,"menu_order":0,"comment_status":"closed","ping_status":"closed","template":"","meta":{"om_disable_all_campaigns":false,"_monsterinsights_skip_tracking":false,"_monsterinsights_sitenote_active":false,"_monsterinsights_sitenote_note":"","_monsterinsights_sitenote_category":0,"ngg_post_thumbnail":0,"footnotes":""},"class_list":["post-157","page","type-page","status-publish","hentry"],"_links":{"self":[{"href":"https:\/\/graziskiugimnazija.lt\/index.php?rest_route=\/wp\/v2\/pages\/157","targetHints":{"allow":["GET"]}}],"collection":[{"href":"https:\/\/graziskiugimnazija.lt\/index.php?rest_route=\/wp\/v2\/pages"}],"about":[{"href":"https:\/\/graziskiugimnazija.lt\/index.php?rest_route=\/wp\/v2\/types\/page"}],"author":[{"embeddable":true,"href":"https:\/\/graziskiugimnazija.lt\/index.php?rest_route=\/wp\/v2\/users\/1"}],"replies":[{"embeddable":true,"href":"https:\/\/graziskiugimnazija.lt\/index.php?rest_route=%2Fwp%2Fv2%2Fcomments&post=157"}],"version-history":[{"count":3,"href":"https:\/\/graziskiugimnazija.lt\/index.php?rest_route=\/wp\/v2\/pages\/157\/revisions"}],"predecessor-version":[{"id":2975,"href":"https:\/\/graziskiugimnazija.lt\/index.php?rest_route=\/wp\/v2\/pages\/157\/revisions\/2975"}],"wp:attachment":[{"href":"https:\/\/graziskiugimnazija.lt\/index.php?rest_route=%2Fwp%2Fv2%2Fmedia&parent=157"}],"curies":[{"name":"wp","href":"https:\/\/api.w.org\/{rel}","templated":true}]}}