{"id":145,"date":"2023-12-04T22:17:29","date_gmt":"2023-12-04T20:17:29","guid":{"rendered":"https:\/\/graziskiugimnazija.lt\/?page_id=145"},"modified":"2025-07-14T10:19:26","modified_gmt":"2025-07-14T08:19:26","slug":"asmens-duomenu-apsauga","status":"publish","type":"page","link":"https:\/\/graziskiugimnazija.lt\/?page_id=145","title":{"rendered":"ASMENS DUOMEN\u0172 APSAUGA"},"content":{"rendered":"\n<div class=\"wp-block-file\"><a id=\"wp-block-file--media-77d5948d-fd59-4cf1-9ed2-db4bd2597ffe\" href=\"https:\/\/graziskiugimnazija.lt\/wp-content\/uploads\/2024\/03\/Asmens-duomenu-tvarkymo-taisykles.pdf\" target=\"_blank\" rel=\"noreferrer noopener\"><strong>Vilkavi\u0161kio r. Gra\u017ei\u0161ki\u0173 gimnazijos asmens duomen\u0173 tvarkymo taisykl\u0117s<\/strong><\/a><\/div>\n\n\n\n<hr class=\"wp-block-separator has-alpha-channel-opacity is-style-wide\"\/>\n\n\n\n<div class=\"wp-block-file\"><a id=\"wp-block-file--media-57de416a-4bba-42b7-bacd-fca495657f99\" href=\"https:\/\/graziskiugimnazija.lt\/wp-content\/uploads\/2024\/02\/DARBUOTOJU-MOKINIU-IR-MOKINIU-TEVU-GLOBEJU-ASMENS-DUOMENU-SAUGOJIMO-TVARKOS-APRASAS-1.pdf\" target=\"_blank\" rel=\"noreferrer noopener\"><strong>Darbuotoj\u0173, mokini\u0173 ir mokini\u0173 t\u0117v\u0173 (glob\u0117j\u0173) asmens duomen\u0173 saugojimo tvarkos apra\u0161as<\/strong><\/a><\/div>\n\n\n\n<hr class=\"wp-block-separator has-alpha-channel-opacity is-style-wide\"\/>\n\n\n\n<p class=\"has-small-font-size\"><em>Informacija atnaujinta: 2024-01-24<\/em><\/p>\n","protected":false},"excerpt":{"rendered":"<p>Informacija atnaujinta: 2024-01-24<\/p>\n","protected":false},"author":1,"featured_media":0,"parent":0,"menu_order":0,"comment_status":"closed","ping_status":"closed","template":"","meta":{"om_disable_all_campaigns":false,"_monsterinsights_skip_tracking":false,"_monsterinsights_sitenote_active":false,"_monsterinsights_sitenote_note":"","_monsterinsights_sitenote_category":0,"ngg_post_thumbnail":0,"footnotes":""},"class_list":["post-145","page","type-page","status-publish","hentry"],"_links":{"self":[{"href":"https:\/\/graziskiugimnazija.lt\/index.php?rest_route=\/wp\/v2\/pages\/145","targetHints":{"allow":["GET"]}}],"collection":[{"href":"https:\/\/graziskiugimnazija.lt\/index.php?rest_route=\/wp\/v2\/pages"}],"about":[{"href":"https:\/\/graziskiugimnazija.lt\/index.php?rest_route=\/wp\/v2\/types\/page"}],"author":[{"embeddable":true,"href":"https:\/\/graziskiugimnazija.lt\/index.php?rest_route=\/wp\/v2\/users\/1"}],"replies":[{"embeddable":true,"href":"https:\/\/graziskiugimnazija.lt\/index.php?rest_route=%2Fwp%2Fv2%2Fcomments&post=145"}],"version-history":[{"count":10,"href":"https:\/\/graziskiugimnazija.lt\/index.php?rest_route=\/wp\/v2\/pages\/145\/revisions"}],"predecessor-version":[{"id":2980,"href":"https:\/\/graziskiugimnazija.lt\/index.php?rest_route=\/wp\/v2\/pages\/145\/revisions\/2980"}],"wp:attachment":[{"href":"https:\/\/graziskiugimnazija.lt\/index.php?rest_route=%2Fwp%2Fv2%2Fmedia&parent=145"}],"curies":[{"name":"wp","href":"https:\/\/api.w.org\/{rel}","templated":true}]}}