{"id":141,"date":"2023-12-04T22:16:18","date_gmt":"2023-12-04T20:16:18","guid":{"rendered":"https:\/\/graziskiugimnazija.lt\/?page_id=141"},"modified":"2025-07-14T10:17:05","modified_gmt":"2025-07-14T08:17:05","slug":"lesos-veiklai-viesinti","status":"publish","type":"page","link":"https:\/\/graziskiugimnazija.lt\/?page_id=141","title":{"rendered":"L\u0116\u0160OS VEIKLAI VIE\u0160INTI"},"content":{"rendered":"\n<p>L\u0117\u0161\u0173 veiklai vie\u0161inti gimnazija neskiria<\/p>\n\n\n\n<hr class=\"wp-block-separator has-alpha-channel-opacity is-style-wide\"\/>\n\n\n\n<p class=\"has-small-font-size\"><em>Informacija atnaujinta: 2025-06-26<\/em><\/p>\n","protected":false},"excerpt":{"rendered":"<p>L\u0117\u0161\u0173 veiklai vie\u0161inti gimnazija neskiria Informacija atnaujinta: 2025-06-26<\/p>\n","protected":false},"author":1,"featured_media":0,"parent":0,"menu_order":0,"comment_status":"closed","ping_status":"closed","template":"","meta":{"om_disable_all_campaigns":false,"_monsterinsights_skip_tracking":false,"_monsterinsights_sitenote_active":false,"_monsterinsights_sitenote_note":"","_monsterinsights_sitenote_category":0,"ngg_post_thumbnail":0,"footnotes":""},"class_list":["post-141","page","type-page","status-publish","hentry"],"_links":{"self":[{"href":"https:\/\/graziskiugimnazija.lt\/index.php?rest_route=\/wp\/v2\/pages\/141","targetHints":{"allow":["GET"]}}],"collection":[{"href":"https:\/\/graziskiugimnazija.lt\/index.php?rest_route=\/wp\/v2\/pages"}],"about":[{"href":"https:\/\/graziskiugimnazija.lt\/index.php?rest_route=\/wp\/v2\/types\/page"}],"author":[{"embeddable":true,"href":"https:\/\/graziskiugimnazija.lt\/index.php?rest_route=\/wp\/v2\/users\/1"}],"replies":[{"embeddable":true,"href":"https:\/\/graziskiugimnazija.lt\/index.php?rest_route=%2Fwp%2Fv2%2Fcomments&post=141"}],"version-history":[{"count":4,"href":"https:\/\/graziskiugimnazija.lt\/index.php?rest_route=\/wp\/v2\/pages\/141\/revisions"}],"predecessor-version":[{"id":2976,"href":"https:\/\/graziskiugimnazija.lt\/index.php?rest_route=\/wp\/v2\/pages\/141\/revisions\/2976"}],"wp:attachment":[{"href":"https:\/\/graziskiugimnazija.lt\/index.php?rest_route=%2Fwp%2Fv2%2Fmedia&parent=141"}],"curies":[{"name":"wp","href":"https:\/\/api.w.org\/{rel}","templated":true}]}}