{"id":1200,"date":"2024-04-24T09:06:30","date_gmt":"2024-04-24T07:06:30","guid":{"rendered":"https:\/\/graziskiugimnazija.lt\/?page_id=1200"},"modified":"2026-02-05T21:51:42","modified_gmt":"2026-02-05T19:51:42","slug":"darbo-taryba","status":"publish","type":"page","link":"https:\/\/graziskiugimnazija.lt\/?page_id=1200","title":{"rendered":"DARBO TARYBA"},"content":{"rendered":"\n<figure class=\"wp-block-image size-large\"><img loading=\"lazy\" decoding=\"async\" width=\"1024\" height=\"791\" src=\"https:\/\/graziskiugimnazija.lt\/wp-content\/uploads\/2024\/04\/Green-Olive-Minimalis-Modern-Trip-Promotion-Trifold-Brochure-1-1024x791.png\" alt=\"\" class=\"wp-image-1217\" srcset=\"https:\/\/graziskiugimnazija.lt\/wp-content\/uploads\/2024\/04\/Green-Olive-Minimalis-Modern-Trip-Promotion-Trifold-Brochure-1-1024x791.png 1024w, https:\/\/graziskiugimnazija.lt\/wp-content\/uploads\/2024\/04\/Green-Olive-Minimalis-Modern-Trip-Promotion-Trifold-Brochure-1-300x232.png 300w, https:\/\/graziskiugimnazija.lt\/wp-content\/uploads\/2024\/04\/Green-Olive-Minimalis-Modern-Trip-Promotion-Trifold-Brochure-1-768x593.png 768w, https:\/\/graziskiugimnazija.lt\/wp-content\/uploads\/2024\/04\/Green-Olive-Minimalis-Modern-Trip-Promotion-Trifold-Brochure-1-1536x1187.png 1536w, https:\/\/graziskiugimnazija.lt\/wp-content\/uploads\/2024\/04\/Green-Olive-Minimalis-Modern-Trip-Promotion-Trifold-Brochure-1.png 2000w\" sizes=\"auto, (max-width: 1024px) 100vw, 1024px\" \/><\/figure>\n\n\n\n<hr class=\"wp-block-separator has-alpha-channel-opacity is-style-wide\"\/>\n\n\n\n<p><strong>DARBO TARYBA:<\/strong><\/p>\n\n\n\n<ul class=\"wp-block-list\">\n<li>Pirmininkas \u2013 Egidijus \u010civinskas<\/li>\n\n\n\n<li>Sekretor\u0117 \u2013 \u017daneta Vingilyt\u0117<\/li>\n\n\n\n<li>Nariai: Daiva Markauskien\u0117, Vaida Pe\u010dkaitien\u0117, Irena Snabaitien\u0117.<\/li>\n<\/ul>\n\n\n\n<hr class=\"wp-block-separator has-alpha-channel-opacity is-style-wide\"\/>\n\n\n\n<h2 class=\"wp-block-heading\">DARBO TARYBOS REGLAMENTAS<\/h2>\n\n\n\n<div class=\"wp-block-file\"><a id=\"wp-block-file--media-c10eb994-9269-4e02-b1d2-cce0d4958a4a\" href=\"https:\/\/graziskiugimnazija.lt\/wp-content\/uploads\/2024\/04\/Darbo-tarybos-reglamentas.pdf\" target=\"_blank\" rel=\"noreferrer noopener\">Darbo tarybos reglamentas<\/a><\/div>\n\n\n\n<hr class=\"wp-block-separator has-alpha-channel-opacity is-style-wide\"\/>\n\n\n\n<h2 class=\"wp-block-heading\">GALIMO SMURTO IR PRIEKABIAVIMO DARBE ATVEJ\u0172 NAGRIN\u0116JIMAS<\/h2>\n\n\n\n<figure class=\"wp-block-image size-large\"><img loading=\"lazy\" decoding=\"async\" width=\"757\" height=\"1024\" src=\"https:\/\/graziskiugimnazija.lt\/wp-content\/uploads\/2026\/02\/Dizainas-757x1024.png\" alt=\"\" class=\"wp-image-3783\" srcset=\"https:\/\/graziskiugimnazija.lt\/wp-content\/uploads\/2026\/02\/Dizainas-757x1024.png 757w, https:\/\/graziskiugimnazija.lt\/wp-content\/uploads\/2026\/02\/Dizainas-222x300.png 222w, https:\/\/graziskiugimnazija.lt\/wp-content\/uploads\/2026\/02\/Dizainas-768x1039.png 768w, https:\/\/graziskiugimnazija.lt\/wp-content\/uploads\/2026\/02\/Dizainas-18x24.png 18w, https:\/\/graziskiugimnazija.lt\/wp-content\/uploads\/2026\/02\/Dizainas-27x36.png 27w, https:\/\/graziskiugimnazija.lt\/wp-content\/uploads\/2026\/02\/Dizainas-35x48.png 35w, https:\/\/graziskiugimnazija.lt\/wp-content\/uploads\/2026\/02\/Dizainas.png 950w\" sizes=\"auto, (max-width: 757px) 100vw, 757px\" \/><\/figure>\n\n\n\n<h2 class=\"wp-block-heading\">KILUS KLAUSIMAMS<\/h2>\n\n\n\n<p class=\"has-black-color has-text-color has-link-color wp-elements-f2846403e56d2ddc525929878a7c1bf4\">Klausimus svarstymui darbo tarybos pos\u0117dyje turi teis\u0119 pateikti darbo tarybos nariai, darbdavys ir darbuotojai. Darbdavys ir darbuotojai pra\u0161ymus svarstyti klausim\u0105 darbo tarybos pos\u0117dyje pateikia elektroniniu pa\u0161tu <a href=\"mailto:darbotaryba@graziskiugimnazija.lt\"><strong>darbotaryba@graziskiugimnazija.lt<\/strong><\/a>.<\/p>\n\n\n\n<hr class=\"wp-block-separator has-alpha-channel-opacity is-style-wide\"\/>\n\n\n\n<p class=\"has-small-font-size\"><em>Informacija atnaujinta: 2026-02-05<\/em><\/p>\n\n\n\n<p><\/p>\n","protected":false},"excerpt":{"rendered":"<p>DARBO TARYBA: DARBO TARYBOS REGLAMENTAS GALIMO SMURTO IR PRIEKABIAVIMO DARBE ATVEJ\u0172 NAGRIN\u0116JIMAS KILUS KLAUSIMAMS Klausimus svarstymui darbo tarybos pos\u0117dyje turi teis\u0119 pateikti darbo tarybos nariai,<a class=\"moretag\" href=\"https:\/\/graziskiugimnazija.lt\/?page_id=1200\"> [&#8230;] Skaityti<\/a><\/p>\n","protected":false},"author":1,"featured_media":0,"parent":0,"menu_order":0,"comment_status":"closed","ping_status":"closed","template":"","meta":{"om_disable_all_campaigns":false,"_monsterinsights_skip_tracking":false,"_monsterinsights_sitenote_active":false,"_monsterinsights_sitenote_note":"","_monsterinsights_sitenote_category":0,"ngg_post_thumbnail":0,"footnotes":""},"class_list":["post-1200","page","type-page","status-publish","hentry"],"_links":{"self":[{"href":"https:\/\/graziskiugimnazija.lt\/index.php?rest_route=\/wp\/v2\/pages\/1200","targetHints":{"allow":["GET"]}}],"collection":[{"href":"https:\/\/graziskiugimnazija.lt\/index.php?rest_route=\/wp\/v2\/pages"}],"about":[{"href":"https:\/\/graziskiugimnazija.lt\/index.php?rest_route=\/wp\/v2\/types\/page"}],"author":[{"embeddable":true,"href":"https:\/\/graziskiugimnazija.lt\/index.php?rest_route=\/wp\/v2\/users\/1"}],"replies":[{"embeddable":true,"href":"https:\/\/graziskiugimnazija.lt\/index.php?rest_route=%2Fwp%2Fv2%2Fcomments&post=1200"}],"version-history":[{"count":10,"href":"https:\/\/graziskiugimnazija.lt\/index.php?rest_route=\/wp\/v2\/pages\/1200\/revisions"}],"predecessor-version":[{"id":3787,"href":"https:\/\/graziskiugimnazija.lt\/index.php?rest_route=\/wp\/v2\/pages\/1200\/revisions\/3787"}],"wp:attachment":[{"href":"https:\/\/graziskiugimnazija.lt\/index.php?rest_route=%2Fwp%2Fv2%2Fmedia&parent=1200"}],"curies":[{"name":"wp","href":"https:\/\/api.w.org\/{rel}","templated":true}]}}